{"id":6079,"date":"2022-05-09T12:24:19","date_gmt":"2022-05-09T12:24:19","guid":{"rendered":"https:\/\/hytt.eu\/voedselverwerkende-industrie\/"},"modified":"2023-11-17T08:24:35","modified_gmt":"2023-11-17T08:24:35","slug":"voedselverwerkende-industrie","status":"publish","type":"page","link":"https:\/\/hytt.eu\/nl\/voedselverwerkende-industrie\/","title":{"rendered":"food processing bedrijven"},"content":{"rendered":"<p>[et_pb_section fb_built=&#8221;1&#8243; fullwidth=&#8221;on&#8221; admin_label=&#8221;Section&#8221; _builder_version=&#8221;4.9.2&#8243; bottom_divider_style=&#8221;slant2&#8243; bottom_divider_color=&#8221;#ffffff&#8221; bottom_divider_height=&#8221;45px&#8221; bottom_divider_flip=&#8221;vertical&#8221; global_colors_info=&#8221;{}&#8221;][et_pb_fullwidth_header title=&#8221;food processing industrie&#8221; _builder_version=&#8221;4.14.8&#8243; title_font=&#8221;||||||||&#8221; title_text_align=&#8221;center&#8221; background_image=&#8221;https:\/\/hytt.eu\/wp-content\/uploads\/2019\/04\/slider-pork.jpg&#8221; custom_padding=&#8221;||100px|||&#8221; global_colors_info=&#8221;{}&#8221;][\/et_pb_fullwidth_header][\/et_pb_section][et_pb_section fb_built=&#8221;1&#8243; _builder_version=&#8221;3.25.3&#8243; custom_padding=&#8221;||29px|||&#8221; top_divider_color=&#8221;#ffffff&#8221; top_divider_flip=&#8221;horizontal&#8221; global_colors_info=&#8221;{}&#8221;][et_pb_row _builder_version=&#8221;3.25.3&#8243; global_colors_info=&#8221;{}&#8221;][et_pb_column type=&#8221;4_4&#8243; _builder_version=&#8221;3.25.3&#8243; global_colors_info=&#8221;{}&#8221;][et_pb_text _builder_version=&#8221;4.14.8&#8243; text_font=&#8221;||||||||&#8221; text_text_color=&#8221;#6b6b6b&#8221; text_font_size=&#8221;15px&#8221; header_font=&#8221;||||||||&#8221; header_text_color=&#8221;#000000&#8243; header_2_font=&#8221;||||||||&#8221; header_2_text_color=&#8221;#000000&#8243; header_2_font_size=&#8221;45px&#8221; header_3_font=&#8221;||||||||&#8221; header_3_text_color=&#8221;#000000&#8243; global_colors_info=&#8221;{}&#8221;]<\/p>\n<h2>Food processing bedrijven waar we voor werken<\/h2>\n<p>We zijn gespecialiseerd in het transporteren van verschillende soorten voedsel, vari\u00ebrend van bijproducten tot (eetbare) eindproducten. Wij helpen voedingsmiddelenproducenten met het intern transport van afval- en reststromen, zodat zij hygi\u00ebnisch, veilig en effici\u00ebnt kunnen produceren om de voedselveiligheid te garanderen.<\/p>\n<p>Onze vacu\u00fcm transportsystemen zorgen voor een betere hygi\u00ebne, een hoge prestatie, een aanzienlijke vermindering van het risico op kruisbesmetting en een verbetering van de veiligheid. Ze worden gezien als de nieuwe standaard voor de voed\u00efngsverwerkende industrie: hygi\u00ebnischer, veiliger, effici\u00ebnter en duurzamer.<\/p>\n<p>Onze hygi\u00ebnische intern transport systemen worden succesvol toegepast in de volgende food processing industrie\u00ebn.<\/p>\n<ul>\n<li>Groente en fruit verwerkende industrie<\/li>\n<li>Vleesverwerkende industrie (rund en varken)<\/li>\n<li>Pluimvee verwerkende industrie<\/li>\n<li>Visverwerkende industrie<\/li>\n<\/ul>\n<p>[\/et_pb_text][et_pb_divider color=&#8221;#000000&#8243; divider_weight=&#8221;2px&#8221; _builder_version=&#8221;3.25.3&#8243; width=&#8221;15%&#8221; module_alignment=&#8221;right&#8221; custom_margin=&#8221;-15px|||||&#8221; global_colors_info=&#8221;{}&#8221;][\/et_pb_divider][\/et_pb_column][\/et_pb_row][\/et_pb_section][et_pb_section fb_built=&#8221;1&#8243; next_background_color=&#8221;#eb5b55&#8243; _builder_version=&#8221;3.25.3&#8243; background_color=&#8221;#ededed&#8221; custom_margin=&#8221;-30px|||||&#8221; custom_padding=&#8221;||80px|||&#8221; bottom_divider_style=&#8221;slant2&#8243; bottom_divider_height=&#8221;61px&#8221; global_colors_info=&#8221;{}&#8221;][et_pb_row column_structure=&#8221;1_5,1_5,1_5,1_5,1_5&#8243; _builder_version=&#8221;4.9.2&#8243; custom_margin=&#8221;-1px|auto|0px|auto||&#8221; custom_padding=&#8221;3px|||||&#8221; global_colors_info=&#8221;{}&#8221;][et_pb_column type=&#8221;1_5&#8243; _builder_version=&#8221;3.25.3&#8243; global_colors_info=&#8221;{}&#8221;][et_pb_blurb title=&#8221;Rund&#8221; image_icon_width=&#8221;40%&#8221; _builder_version=&#8221;4.14.8&#8243; header_level=&#8221;h3&#8243; header_font=&#8221;||||||||&#8221; header_text_color=&#8221;#000000&#8243; header_font_size=&#8221;30px&#8221; body_font=&#8221;||||||||&#8221; body_font_size=&#8221;15px&#8221; text_orientation=&#8221;center&#8221; link_option_url=&#8221;https:\/\/hytt.eu\/nl\/vleesverwerkende-industrie-rundvlees\/&#8221; link_option_url_new_window=&#8221;on&#8221; hover_enabled=&#8221;0&#8243; image_max_width=&#8221;40%&#8221; global_colors_info=&#8221;{}&#8221; min_height=&#8221;70px&#8221; header_line_height=&#8221;1.9em&#8221; sticky_enabled=&#8221;0&#8243;]<\/p>\n<p style=\"text-align: center;\"><img decoding=\"async\" class=\"wp-image-3666 alignleft size-full\" src=\"https:\/\/hytt.eu\/wp-content\/uploads\/2019\/10\/CattleMiddel-1.svg\" alt=\"\" width=\"250.08\" height=\"250.08\" srcset=\"https:\/\/hytt.eu\/wp-content\/uploads\/\/2019\/10\/CattleMiddel-1.svg 150w, https:\/\/hytt.eu\/wp-content\/uploads\/\/2019\/10\/CattleMiddel-1.svg 300w, https:\/\/hytt.eu\/wp-content\/uploads\/\/2019\/10\/CattleMiddel-1.svg 1024w, https:\/\/hytt.eu\/wp-content\/uploads\/\/2019\/10\/CattleMiddel-1.svg 250w\" sizes=\"(max-width: 250px) 100vw, 250px\" \/><\/p>\n<p>[\/et_pb_blurb][\/et_pb_column][et_pb_column type=&#8221;1_5&#8243; _builder_version=&#8221;3.25.3&#8243; global_colors_info=&#8221;{}&#8221;][et_pb_blurb title=&#8221;Varken&#8221; image_icon_width=&#8221;40%&#8221; _builder_version=&#8221;4.14.8&#8243; header_level=&#8221;h3&#8243; header_font=&#8221;||||||||&#8221; header_text_align=&#8221;center&#8221; header_text_color=&#8221;#000000&#8243; header_font_size=&#8221;30px&#8221; body_font=&#8221;||||||||&#8221; body_font_size=&#8221;15px&#8221; link_option_url=&#8221;https:\/\/hytt.eu\/nl\/varkensslachterijen-varkensvlees-industrie\/&#8221; link_option_url_new_window=&#8221;on&#8221; hover_enabled=&#8221;0&#8243; image_max_width=&#8221;40%&#8221; global_colors_info=&#8221;{}&#8221; header_line_height=&#8221;1.9em&#8221; sticky_enabled=&#8221;0&#8243;]<\/p>\n<p style=\"text-align: center;\"><img decoding=\"async\" class=\"wp-image-3658 alignleft size-full\" src=\"https:\/\/hytt.eu\/wp-content\/uploads\/2019\/10\/PigMiddel-1.svg\" alt=\"\" width=\"250.08\" height=\"250.08\" srcset=\"https:\/\/hytt.eu\/wp-content\/uploads\/\/2019\/10\/PigMiddel-1.svg 150w, https:\/\/hytt.eu\/wp-content\/uploads\/\/2019\/10\/PigMiddel-1.svg 300w, https:\/\/hytt.eu\/wp-content\/uploads\/\/2019\/10\/PigMiddel-1.svg 1024w, https:\/\/hytt.eu\/wp-content\/uploads\/\/2019\/10\/PigMiddel-1.svg 250w\" sizes=\"(max-width: 250px) 100vw, 250px\" \/><\/p>\n<p>[\/et_pb_blurb][\/et_pb_column][et_pb_column type=&#8221;1_5&#8243; _builder_version=&#8221;3.25.3&#8243; global_colors_info=&#8221;{}&#8221;][et_pb_blurb title=&#8221;Pluimvee\u00a0&#8221; url_new_window=&#8221;on&#8221; image_icon_width=&#8221;40%&#8221; _builder_version=&#8221;4.14.8&#8243; header_level=&#8221;h3&#8243; header_font=&#8221;||||||||&#8221; header_text_align=&#8221;center&#8221; header_text_color=&#8221;#000000&#8243; header_font_size=&#8221;30px&#8221; body_font=&#8221;||||||||&#8221; body_font_size=&#8221;15px&#8221; link_option_url=&#8221;https:\/\/hytt.eu\/nl\/kippenslachterijen-pluimvee-verwerkende-industrie\/&#8221; hover_enabled=&#8221;0&#8243; image_max_width=&#8221;40%&#8221; global_colors_info=&#8221;{}&#8221; custom_margin=&#8221;||20px|||&#8221; header_line_height=&#8221;1.9em&#8221; sticky_enabled=&#8221;0&#8243;]<\/p>\n<p style=\"text-align: center;\"><img decoding=\"async\" class=\"wp-image-3636 alignleft size-full\" src=\"https:\/\/hytt.eu\/wp-content\/uploads\/2019\/10\/PoultryMiddel-1.svg\" alt=\"\" width=\"250.08\" height=\"250.08\" srcset=\"https:\/\/hytt.eu\/wp-content\/uploads\/\/2019\/10\/PoultryMiddel-1.svg 150w, https:\/\/hytt.eu\/wp-content\/uploads\/\/2019\/10\/PoultryMiddel-1.svg 300w, https:\/\/hytt.eu\/wp-content\/uploads\/\/2019\/10\/PoultryMiddel-1.svg 1024w, https:\/\/hytt.eu\/wp-content\/uploads\/\/2019\/10\/PoultryMiddel-1.svg 250w\" sizes=\"(max-width: 250px) 100vw, 250px\" \/><\/p>\n<p>[\/et_pb_blurb][\/et_pb_column][et_pb_column type=&#8221;1_5&#8243; _builder_version=&#8221;3.25.3&#8243; global_colors_info=&#8221;{}&#8221;][et_pb_blurb title=&#8221;Vis&#8221; url_new_window=&#8221;on&#8221; image_icon_width=&#8221;40%&#8221; _builder_version=&#8221;4.14.8&#8243; header_level=&#8221;h3&#8243; header_font=&#8221;||||||||&#8221; header_text_color=&#8221;#000000&#8243; header_font_size=&#8221;30px&#8221; body_font=&#8221;||||||||&#8221; body_font_size=&#8221;15px&#8221; text_orientation=&#8221;center&#8221; link_option_url=&#8221;https:\/\/hytt.eu\/nl\/visverwerkende-industrie\/&#8221; link_option_url_new_window=&#8221;on&#8221; hover_enabled=&#8221;0&#8243; image_max_width=&#8221;40%&#8221; global_colors_info=&#8221;{}&#8221; sticky_enabled=&#8221;0&#8243; header_line_height=&#8221;1.9em&#8221;]<\/p>\n<p style=\"text-align: center;\"><img decoding=\"async\" class=\"wp-image-3690 alignleft size-full\" src=\"https:\/\/hytt.eu\/wp-content\/uploads\/2019\/10\/FishMiddel-1.svg\" alt=\"\" width=\"250.08\" height=\"250.08\" srcset=\"https:\/\/hytt.eu\/wp-content\/uploads\/\/2019\/10\/FishMiddel-1.svg 150w, https:\/\/hytt.eu\/wp-content\/uploads\/\/2019\/10\/FishMiddel-1.svg 300w, https:\/\/hytt.eu\/wp-content\/uploads\/\/2019\/10\/FishMiddel-1.svg 1024w, https:\/\/hytt.eu\/wp-content\/uploads\/\/2019\/10\/FishMiddel-1.svg 250w\" sizes=\"(max-width: 250px) 100vw, 250px\" \/><\/p>\n<p>[\/et_pb_blurb][\/et_pb_column][et_pb_column type=&#8221;1_5&#8243; _builder_version=&#8221;3.25.3&#8243; global_colors_info=&#8221;{}&#8221;][et_pb_blurb title=&#8221;Groente- en fruit&#8221; url_new_window=&#8221;on&#8221; image_icon_width=&#8221;40%&#8221; _builder_version=&#8221;4.13.0&#8243; header_level=&#8221;h3&#8243; header_font=&#8221;||||||||&#8221; header_text_color=&#8221;#000000&#8243; header_font_size=&#8221;30px&#8221; body_font=&#8221;||||||||&#8221; body_font_size=&#8221;15px&#8221; text_orientation=&#8221;center&#8221; link_option_url=&#8221;https:\/\/hytt.eu\/nl\/groente-fruit-verwerkende-industrie\/&#8221; image_max_width=&#8221;40%&#8221; global_colors_info=&#8221;{}&#8221;]<\/p>\n<p><img loading=\"lazy\" decoding=\"async\" class=\"wp-image-3294 alignleft size-full\" src=\"https:\/\/hytt.eu\/wp-content\/uploads\/2019\/09\/icons-05.png\" alt=\"\" width=\"1042\" height=\"1042\" srcset=\"https:\/\/hytt.eu\/wp-content\/uploads\/2019\/09\/icons-05.png 1042w, https:\/\/hytt.eu\/wp-content\/uploads\/2019\/09\/icons-05-150x150.png 150w, https:\/\/hytt.eu\/wp-content\/uploads\/2019\/09\/icons-05-300x300.png 300w, https:\/\/hytt.eu\/wp-content\/uploads\/2019\/09\/icons-05-768x768.png 768w, https:\/\/hytt.eu\/wp-content\/uploads\/2019\/09\/icons-05-1024x1024.png 1024w\" sizes=\"(max-width: 1042px) 100vw, 1042px\" \/><\/p>\n<p>[\/et_pb_blurb][\/et_pb_column][\/et_pb_row][\/et_pb_section][et_pb_section fb_built=&#8221;1&#8243; prev_background_color=&#8221;#ededed&#8221; _builder_version=&#8221;3.25.3&#8243; background_color=&#8221;#eb5b55&#8243; min_height=&#8221;222px&#8221; custom_margin=&#8221;-12px|||||&#8221; custom_padding=&#8221;78px||1px|||&#8221; top_divider_style=&#8221;slant2&#8243; top_divider_height=&#8221;50px&#8221; top_divider_flip=&#8221;vertical&#8221; bottom_divider_height=&#8221;50px&#8221; bottom_divider_flip=&#8221;vertical&#8221; global_colors_info=&#8221;{}&#8221;][et_pb_row column_structure=&#8221;3_4,1_4&#8243; _builder_version=&#8221;3.25.3&#8243; global_colors_info=&#8221;{}&#8221;][et_pb_column type=&#8221;3_4&#8243; _builder_version=&#8221;3.25.3&#8243; global_colors_info=&#8221;{}&#8221;][et_pb_text _builder_version=&#8221;4.14.8&#8243; text_font=&#8221;Dosis|700|||||||&#8221; text_text_color=&#8221;#ffffff&#8221; text_font_size=&#8221;45px&#8221; header_font=&#8221;||||||||&#8221; header_2_font=&#8221;||||||||&#8221; header_2_text_color=&#8221;#ffffff&#8221; header_2_font_size=&#8221;45px&#8221; hover_enabled=&#8221;0&#8243; global_colors_info=&#8221;{}&#8221; text_line_height=&#8221;1.1em&#8221; sticky_enabled=&#8221;0&#8243;]<\/p>\n<p>Benieuwd wat we voor u kunnen betekenen?<\/p>\n<p>[\/et_pb_text][\/et_pb_column][et_pb_column type=&#8221;1_4&#8243; _builder_version=&#8221;3.25.3&#8243; global_colors_info=&#8221;{}&#8221;][et_pb_button button_url=&#8221;https:\/\/hytt.eu\/nl\/contact\/&#8221; button_text=&#8221;Neem contact met ons op&#8221; _builder_version=&#8221;4.13.0&#8243; custom_button=&#8221;on&#8221; button_text_size=&#8221;26px&#8221; button_text_color=&#8221;#ffffff&#8221; button_border_color=&#8221;#ffffff&#8221; button_border_radius=&#8221;3px&#8221; button_font=&#8221;Dosis|600||on|||||&#8221; button_icon=&#8221;&#x35;||divi||400&#8243; button_icon_color=&#8221;#000000&#8243; background_layout=&#8221;dark&#8221; custom_margin=&#8221;-15px||&#8221; global_colors_info=&#8221;{}&#8221; button_text_color__hover_enabled=&#8221;on&#8221; button_text_color__hover=&#8221;#000000&#8243; button_bg_color__hover_enabled=&#8221;on&#8221; button_bg_color__hover=&#8221;rgba(0,0,0,0)&#8221; button_bg_enable_color__hover=&#8221;on&#8221; button_border_color__hover_enabled=&#8221;on&#8221; button_border_color__hover=&#8221;#000000&#8243;][\/et_pb_button][\/et_pb_column][\/et_pb_row][\/et_pb_section]<\/p>\n","protected":false},"excerpt":{"rendered":"<p>Food processing bedrijven waar we voor werken We zijn gespecialiseerd in het transporteren van verschillende soorten voedsel, vari\u00ebrend van bijproducten tot (eetbare) eindproducten. Wij helpen voedingsmiddelenproducenten met het intern transport van afval- en reststromen, zodat zij hygi\u00ebnisch, veilig en effici\u00ebnt kunnen produceren om de voedselveiligheid te garanderen. Onze vacu\u00fcm transportsystemen zorgen voor een betere hygi\u00ebne, [&hellip;]<\/p>\n","protected":false},"author":2,"featured_media":0,"parent":0,"menu_order":0,"comment_status":"closed","ping_status":"closed","template":"","meta":{"_et_pb_use_builder":"on","_et_pb_old_content":"","_et_gb_content_width":"","footnotes":""},"class_list":["post-6079","page","type-page","status-publish","hentry"],"yoast_head":"<!-- This site is optimized with the Yoast SEO plugin v18.2 - https:\/\/yoast.com\/wordpress\/plugins\/seo\/ -->\n<title>food processing bedrijven waar we voor werken<\/title>\n<meta name=\"description\" content=\"Wij helpen voedselverwerkende bedrijven met het intern transport van afval- en reststromen, zodat zij hygi\u00ebnisch kunnen produceren.\" \/>\n<meta name=\"robots\" content=\"index, follow, max-snippet:-1, max-image-preview:large, max-video-preview:-1\" \/>\n<link rel=\"canonical\" href=\"https:\/\/hytt.eu\/nl\/voedselverwerkende-industrie\/\" \/>\n<meta property=\"og:locale\" content=\"nl_NL\" \/>\n<meta property=\"og:type\" content=\"article\" \/>\n<meta property=\"og:title\" content=\"food processing bedrijven waar we voor werken\" \/>\n<meta property=\"og:description\" content=\"Wij helpen voedselverwerkende bedrijven met het intern transport van afval- en reststromen, zodat zij hygi\u00ebnisch kunnen produceren.\" \/>\n<meta property=\"og:url\" content=\"https:\/\/hytt.eu\/nl\/voedselverwerkende-industrie\/\" \/>\n<meta property=\"og:site_name\" content=\"HYTT\" \/>\n<meta property=\"article:modified_time\" content=\"2023-11-17T08:24:35+00:00\" \/>\n<meta property=\"og:image\" content=\"https:\/\/hytt.eu\/wp-content\/uploads\/2019\/10\/CattleMiddel-1.svg\" \/>\n<meta name=\"twitter:card\" content=\"summary_large_image\" \/>\n<meta name=\"twitter:label1\" content=\"Geschatte leestijd\" \/>\n\t<meta name=\"twitter:data1\" content=\"5 minuten\" \/>\n<script type=\"application\/ld+json\" class=\"yoast-schema-graph\">{\"@context\":\"https:\/\/schema.org\",\"@graph\":[{\"@type\":\"Organization\",\"@id\":\"https:\/\/hytt.eu\/#organization\",\"name\":\"HYTT Hygienic Transport Systems & Technologies\",\"url\":\"https:\/\/hytt.eu\/\",\"sameAs\":[\"https:\/\/www.linkedin.com\/company\/hytt-hygienic-transport-systems-technologies\",\"https:\/\/www.youtube.com\/channel\/UC3GeBVI3O47wUcLwTijHTbg\"],\"logo\":{\"@type\":\"ImageObject\",\"@id\":\"https:\/\/hytt.eu\/#logo\",\"inLanguage\":\"nl-NL\",\"url\":\"https:\/\/hytt.eu\/wp-content\/uploads\/2019\/02\/Logo_HYTT-1024x993.jpg\",\"contentUrl\":\"https:\/\/hytt.eu\/wp-content\/uploads\/2019\/02\/Logo_HYTT-1024x993.jpg\",\"width\":1024,\"height\":993,\"caption\":\"HYTT Hygienic Transport Systems & Technologies\"},\"image\":{\"@id\":\"https:\/\/hytt.eu\/#logo\"}},{\"@type\":\"WebSite\",\"@id\":\"https:\/\/hytt.eu\/#website\",\"url\":\"https:\/\/hytt.eu\/\",\"name\":\"HYTT\",\"description\":\"Hygienic Transport systems &amp; Techologies\",\"publisher\":{\"@id\":\"https:\/\/hytt.eu\/#organization\"},\"potentialAction\":[{\"@type\":\"SearchAction\",\"target\":{\"@type\":\"EntryPoint\",\"urlTemplate\":\"https:\/\/hytt.eu\/?s={search_term_string}\"},\"query-input\":\"required name=search_term_string\"}],\"inLanguage\":\"nl-NL\"},{\"@type\":\"ImageObject\",\"@id\":\"https:\/\/hytt.eu\/nl\/voedselverwerkende-industrie\/#primaryimage\",\"inLanguage\":\"nl-NL\",\"url\":\"https:\/\/hytt.eu\/wp-content\/uploads\/2019\/10\/CattleMiddel-1.svg\",\"contentUrl\":\"https:\/\/hytt.eu\/wp-content\/uploads\/2019\/10\/CattleMiddel-1.svg\",\"width\":250,\"height\":250},{\"@type\":\"WebPage\",\"@id\":\"https:\/\/hytt.eu\/nl\/voedselverwerkende-industrie\/#webpage\",\"url\":\"https:\/\/hytt.eu\/nl\/voedselverwerkende-industrie\/\",\"name\":\"food processing bedrijven waar we voor werken\",\"isPartOf\":{\"@id\":\"https:\/\/hytt.eu\/#website\"},\"primaryImageOfPage\":{\"@id\":\"https:\/\/hytt.eu\/nl\/voedselverwerkende-industrie\/#primaryimage\"},\"datePublished\":\"2022-05-09T12:24:19+00:00\",\"dateModified\":\"2023-11-17T08:24:35+00:00\",\"description\":\"Wij helpen voedselverwerkende bedrijven met het intern transport van afval- en reststromen, zodat zij hygi\u00ebnisch kunnen produceren.\",\"breadcrumb\":{\"@id\":\"https:\/\/hytt.eu\/nl\/voedselverwerkende-industrie\/#breadcrumb\"},\"inLanguage\":\"nl-NL\",\"potentialAction\":[{\"@type\":\"ReadAction\",\"target\":[\"https:\/\/hytt.eu\/nl\/voedselverwerkende-industrie\/\"]}]},{\"@type\":\"BreadcrumbList\",\"@id\":\"https:\/\/hytt.eu\/nl\/voedselverwerkende-industrie\/#breadcrumb\",\"itemListElement\":[{\"@type\":\"ListItem\",\"position\":1,\"name\":\"Home\",\"item\":\"https:\/\/hytt.eu\/nl\/\"},{\"@type\":\"ListItem\",\"position\":2,\"name\":\"food processing bedrijven\"}]}]}<\/script>\n<!-- \/ Yoast SEO plugin. -->","yoast_head_json":{"title":"food processing bedrijven waar we voor werken","description":"Wij helpen voedselverwerkende bedrijven met het intern transport van afval- en reststromen, zodat zij hygi\u00ebnisch kunnen produceren.","robots":{"index":"index","follow":"follow","max-snippet":"max-snippet:-1","max-image-preview":"max-image-preview:large","max-video-preview":"max-video-preview:-1"},"canonical":"https:\/\/hytt.eu\/nl\/voedselverwerkende-industrie\/","og_locale":"nl_NL","og_type":"article","og_title":"food processing bedrijven waar we voor werken","og_description":"Wij helpen voedselverwerkende bedrijven met het intern transport van afval- en reststromen, zodat zij hygi\u00ebnisch kunnen produceren.","og_url":"https:\/\/hytt.eu\/nl\/voedselverwerkende-industrie\/","og_site_name":"HYTT","article_modified_time":"2023-11-17T08:24:35+00:00","og_image":[{"url":"https:\/\/hytt.eu\/wp-content\/uploads\/2019\/10\/CattleMiddel-1.svg"}],"twitter_card":"summary_large_image","twitter_misc":{"Geschatte leestijd":"5 minuten"},"schema":{"@context":"https:\/\/schema.org","@graph":[{"@type":"Organization","@id":"https:\/\/hytt.eu\/#organization","name":"HYTT Hygienic Transport Systems & Technologies","url":"https:\/\/hytt.eu\/","sameAs":["https:\/\/www.linkedin.com\/company\/hytt-hygienic-transport-systems-technologies","https:\/\/www.youtube.com\/channel\/UC3GeBVI3O47wUcLwTijHTbg"],"logo":{"@type":"ImageObject","@id":"https:\/\/hytt.eu\/#logo","inLanguage":"nl-NL","url":"https:\/\/hytt.eu\/wp-content\/uploads\/2019\/02\/Logo_HYTT-1024x993.jpg","contentUrl":"https:\/\/hytt.eu\/wp-content\/uploads\/2019\/02\/Logo_HYTT-1024x993.jpg","width":1024,"height":993,"caption":"HYTT Hygienic Transport Systems & Technologies"},"image":{"@id":"https:\/\/hytt.eu\/#logo"}},{"@type":"WebSite","@id":"https:\/\/hytt.eu\/#website","url":"https:\/\/hytt.eu\/","name":"HYTT","description":"Hygienic Transport systems &amp; Techologies","publisher":{"@id":"https:\/\/hytt.eu\/#organization"},"potentialAction":[{"@type":"SearchAction","target":{"@type":"EntryPoint","urlTemplate":"https:\/\/hytt.eu\/?s={search_term_string}"},"query-input":"required name=search_term_string"}],"inLanguage":"nl-NL"},{"@type":"ImageObject","@id":"https:\/\/hytt.eu\/nl\/voedselverwerkende-industrie\/#primaryimage","inLanguage":"nl-NL","url":"https:\/\/hytt.eu\/wp-content\/uploads\/2019\/10\/CattleMiddel-1.svg","contentUrl":"https:\/\/hytt.eu\/wp-content\/uploads\/2019\/10\/CattleMiddel-1.svg","width":250,"height":250},{"@type":"WebPage","@id":"https:\/\/hytt.eu\/nl\/voedselverwerkende-industrie\/#webpage","url":"https:\/\/hytt.eu\/nl\/voedselverwerkende-industrie\/","name":"food processing bedrijven waar we voor werken","isPartOf":{"@id":"https:\/\/hytt.eu\/#website"},"primaryImageOfPage":{"@id":"https:\/\/hytt.eu\/nl\/voedselverwerkende-industrie\/#primaryimage"},"datePublished":"2022-05-09T12:24:19+00:00","dateModified":"2023-11-17T08:24:35+00:00","description":"Wij helpen voedselverwerkende bedrijven met het intern transport van afval- en reststromen, zodat zij hygi\u00ebnisch kunnen produceren.","breadcrumb":{"@id":"https:\/\/hytt.eu\/nl\/voedselverwerkende-industrie\/#breadcrumb"},"inLanguage":"nl-NL","potentialAction":[{"@type":"ReadAction","target":["https:\/\/hytt.eu\/nl\/voedselverwerkende-industrie\/"]}]},{"@type":"BreadcrumbList","@id":"https:\/\/hytt.eu\/nl\/voedselverwerkende-industrie\/#breadcrumb","itemListElement":[{"@type":"ListItem","position":1,"name":"Home","item":"https:\/\/hytt.eu\/nl\/"},{"@type":"ListItem","position":2,"name":"food processing bedrijven"}]}]}},"_links":{"self":[{"href":"https:\/\/hytt.eu\/nl\/wp-json\/wp\/v2\/pages\/6079","targetHints":{"allow":["GET"]}}],"collection":[{"href":"https:\/\/hytt.eu\/nl\/wp-json\/wp\/v2\/pages"}],"about":[{"href":"https:\/\/hytt.eu\/nl\/wp-json\/wp\/v2\/types\/page"}],"author":[{"embeddable":true,"href":"https:\/\/hytt.eu\/nl\/wp-json\/wp\/v2\/users\/2"}],"replies":[{"embeddable":true,"href":"https:\/\/hytt.eu\/nl\/wp-json\/wp\/v2\/comments?post=6079"}],"version-history":[{"count":0,"href":"https:\/\/hytt.eu\/nl\/wp-json\/wp\/v2\/pages\/6079\/revisions"}],"wp:attachment":[{"href":"https:\/\/hytt.eu\/nl\/wp-json\/wp\/v2\/media?parent=6079"}],"curies":[{"name":"wp","href":"https:\/\/api.w.org\/{rel}","templated":true}]}}