{"id":5980,"date":"2021-11-29T19:23:02","date_gmt":"2021-11-29T19:23:02","guid":{"rendered":"https:\/\/hytt.eu\/hygienische-voedselverwerking\/"},"modified":"2022-12-06T10:13:24","modified_gmt":"2022-12-06T10:13:24","slug":"hygienische-voedselverwerking","status":"publish","type":"page","link":"https:\/\/hytt.eu\/nl\/hygienische-voedselverwerking\/","title":{"rendered":"Hygi\u00ebnische voedselverwerking"},"content":{"rendered":"<p>[et_pb_section fb_built=&#8221;1&#8243; fullwidth=&#8221;on&#8221; admin_label=&#8221;Section&#8221; _builder_version=&#8221;4.9.2&#8243; background_image=&#8221;https:\/\/hytt.eu\/wp-content\/uploads\/2021\/07\/individual-hoppers.jpg&#8221; bottom_divider_style=&#8221;slant2&#8243; bottom_divider_color=&#8221;#ffffff&#8221; bottom_divider_height=&#8221;45px&#8221; bottom_divider_flip=&#8221;vertical&#8221; global_colors_info=&#8221;{}&#8221;][et_pb_fullwidth_header title=&#8221;Hygi\u00ebnische voedselverwerking&#8221; _builder_version=&#8221;4.9.2&#8243; title_font=&#8221;||||||||&#8221; title_text_align=&#8221;center&#8221; background_image=&#8221;https:\/\/hytt.eu\/wp-content\/uploads\/2019\/04\/slider-pork.jpg&#8221; custom_padding=&#8221;||100px|||&#8221; global_colors_info=&#8221;{}&#8221;][\/et_pb_fullwidth_header][\/et_pb_section][et_pb_section fb_built=&#8221;1&#8243; _builder_version=&#8221;3.25.3&#8243; custom_padding=&#8221;||29px|||&#8221; top_divider_color=&#8221;#ffffff&#8221; top_divider_flip=&#8221;horizontal&#8221; global_colors_info=&#8221;{}&#8221;][et_pb_row _builder_version=&#8221;4.9.2&#8243; global_colors_info=&#8221;{}&#8221;][et_pb_column type=&#8221;4_4&#8243; _builder_version=&#8221;3.25.3&#8243; global_colors_info=&#8221;{}&#8221;][et_pb_text _builder_version=&#8221;4.9.2&#8243; text_font=&#8221;||||||||&#8221; text_text_color=&#8221;#6b6b6b&#8221; text_font_size=&#8221;15px&#8221; header_font=&#8221;||||||||&#8221; header_text_color=&#8221;#000000&#8243; header_2_font=&#8221;||||||||&#8221; header_2_text_color=&#8221;#000000&#8243; header_2_font_size=&#8221;45px&#8221; header_3_font=&#8221;||||||||&#8221; header_3_text_color=&#8221;#000000&#8243; global_colors_info=&#8221;{}&#8221;]<\/p>\n<h2>Hygi\u00ebnische voedselverwerking<\/h2>\n<p>Het handhaven van een hygi\u00ebnische productieomgeving is essentieel in de voedingsindustrie. Onder andere om kruisbesmetting te voorkomen en om te voldoen aan kwaliteits- en HACCP-eisen en normen als BRC, IFS en FSSC 22000. Maar in de dagelijkse praktijk, waar continu reststromen en afval vrijkomen, is dit niet altijd eenvoudig. Het snel en hygi\u00ebnisch vacu\u00fcm afzuigen van afvalstromen helpt om de productieomgeving schoon en veilig te houden.<\/p>\n<p>Vacu\u00fcm transport via gesloten leidingen is een nog minder bekend alternatief voor het verzamelen en afvoeren van afval- en reststromen uit de productieomgeving. Gebruikelijker in de voedingsmiddelenindustrie zijn transportbanden, transportschroeven, watergoten, normwagens en dolavs. Vacu\u00fcmtransport is onder andere een goede oplossing voor een betere voedselveiligheid en hygi\u00ebne.<\/p>\n<p>Om besmetting met micro-organismen te voorkomen, worden productieruimten verdeeld in zones of hygi\u00ebnische niveaus: van low care tot high care. Deze zones worden in stand gehouden door bijvoorbeeld overdruk, desinfectiesluizen en andere barri\u00e8res. Vacu\u00fcmtransportsystemen voorkomen het transport van reststromen en afval tussen zones met verschillende hygi\u00ebneniveaus. De reststroom wordt afgezogen in de ruimte waar ze ontstaat via opvangtrechters en een gesloten buizensysteem naar een centraal verzamelpunt elders in het bedrijf.<\/p>\n<p>In bijvoorbeeld slachthuizen en vleesverwerkende bedrijven, visverwerkende bedrijven en groente- en fruitverwerkende bedrijven komen grote hoeveelheden afval, reststromen en bijproducten vrij. Deze stromen bevatten micro-organismen, waaronder mogelijk ziekteverwekkers zoals listeria of salmonella. Snelle verwijdering is daarom van cruciaal belang om het aantal ziektekiemen in de ruimte zo laag mogelijk te houden en kruisbesmetting te voorkomen.<\/p>\n<p>Hygi\u00ebne en voedselveiligheid<br \/>Belangrijke redenen voor voedselproducenten om te kiezen voor een vacu\u00fcmtransportsysteem zijn dan ook hygi\u00ebne en voedselveiligheid, zegt directeur Eric Oving van HYTT, dat gespecialiseerd is in vacu\u00fcmtransport in de voedingsmiddelenindustrie. De klanten van HYTT willen risico&#8217;s uitsluiten en bewegingen tussen ruimtes met verschillende hygi\u00ebneniveaus voorkomen. Daarnaast stellen afnemers van bijproducten en reststromen steeds strengere eisen aan de hygi\u00ebnische verwerking ervan. Ook dit doet bedrijven kiezen voor vacu\u00fcmtransport.<br \/>Zo heeft HYTT vorig jaar een groente- en fruitverwerker in Frankrijk voorzien van een vacu\u00fcmsysteem. Zij leveren gesneden groenten en fruit aan hypermach\u00e9s en supermarkten in Frankrijk. Zij wilden een state of the art fabriek neerzetten&#8217;, zegt Oving. Volgens hen was daarvoor een vacu\u00fcmsysteem nodig voor het verwijderen van snijresten, en geen watergoten. Met watergoten konden ze de zonering van hoog-hygi\u00ebnisch naar laag-hygi\u00ebnisch niet garanderen, vertelde de architect.<\/p>\n<p>Vacu\u00fcmtechniek eenvoudig en onderhoudsarm<br \/>Veel partijen hebben echter het idee dat vacu\u00fcmtransport ingewikkeld is. Ze weten niet hoe het werkt, merkt Oving op. De werking is echter relatief eenvoudig en als de speciaal door HYTT ontwikkelde ejector wordt gebruikt, onderhoudsarm. Je hebt een aantal afzuigpunten met trechters. Het restproduct valt in de trechter. Zodra deze vol is, ontstaat er een vacu\u00fcm, gaat het ventiel open en ontstaat er door het drukverschil een luchtstroom in de buis. Zo zuigt u het product af naar een centrale bestemming. Het systeem neemt nauwelijks ruimte in: je hebt alleen een buis van maximaal 200 millimeter die bij de trechter omhoog gaat en onder het plafond door wordt geleid.<\/p>\n<p>Via een slim besturingssysteem kunnen meerdere trechters\/extractiepunten worden aangesloten op \u00e9\u00e9n vacu\u00fcmtransportunit die om beurten een partij afzuigen. Dit is anders dan bij het blazen van productstromen, waarbij voor elk punt een blaasunit nodig is. Ook heeft vacu\u00fcmtransport niet het nadeel van blazen dat er een terugstroom van lucht in de schone productieruimte ontstaat. De luchtkwaliteit blijft dus beter behouden.<\/p>\n<p>&nbsp;<\/p>\n<p>[\/et_pb_text][et_pb_divider color=&#8221;#000000&#8243; divider_weight=&#8221;2px&#8221; _builder_version=&#8221;3.25.3&#8243; width=&#8221;15%&#8221; module_alignment=&#8221;right&#8221; custom_margin=&#8221;-15px|||||&#8221; global_colors_info=&#8221;{}&#8221;][\/et_pb_divider][\/et_pb_column][\/et_pb_row][\/et_pb_section][et_pb_section fb_built=&#8221;1&#8243; prev_background_color=&#8221;#ffffff&#8221; _builder_version=&#8221;3.25.3&#8243; background_color=&#8221;#eb5b55&#8243; min_height=&#8221;222px&#8221; custom_margin=&#8221;-12px|||||&#8221; custom_padding=&#8221;78px||1px|||&#8221; top_divider_style=&#8221;slant2&#8243; top_divider_height=&#8221;50px&#8221; top_divider_flip=&#8221;vertical&#8221; bottom_divider_height=&#8221;50px&#8221; bottom_divider_flip=&#8221;vertical&#8221; global_colors_info=&#8221;{}&#8221;][et_pb_row column_structure=&#8221;3_4,1_4&#8243; _builder_version=&#8221;3.25.3&#8243; global_colors_info=&#8221;{}&#8221;][et_pb_column type=&#8221;3_4&#8243; _builder_version=&#8221;3.25.3&#8243; global_colors_info=&#8221;{}&#8221;][et_pb_text _builder_version=&#8221;3.27.4&#8243; text_font=&#8221;Dosis|700|||||||&#8221; text_text_color=&#8221;#ffffff&#8221; text_font_size=&#8221;45px&#8221; header_font=&#8221;||||||||&#8221; header_2_font=&#8221;||||||||&#8221; header_2_text_color=&#8221;#ffffff&#8221; header_2_font_size=&#8221;45px&#8221; global_colors_info=&#8221;{}&#8221;]<\/p>\n<p>Benieuwd wat we voor u kunnen betekenen?<\/p>\n<p>[\/et_pb_text][\/et_pb_column][et_pb_column type=&#8221;1_4&#8243; _builder_version=&#8221;3.25.3&#8243; global_colors_info=&#8221;{}&#8221;][et_pb_button button_url=&#8221;https:\/\/hytt.eu\/nl\/contact\/&#8221; button_text=&#8221;Neem contact met ons op&#8221; _builder_version=&#8221;4.13.0&#8243; custom_button=&#8221;on&#8221; button_text_size=&#8221;26px&#8221; button_text_color=&#8221;#ffffff&#8221; button_border_color=&#8221;#ffffff&#8221; button_border_radius=&#8221;3px&#8221; button_font=&#8221;Dosis|600||on|||||&#8221; button_icon=&#8221;&#x35;||divi||400&#8243; button_icon_color=&#8221;#000000&#8243; background_layout=&#8221;dark&#8221; custom_margin=&#8221;-15px||&#8221; global_colors_info=&#8221;{}&#8221; button_text_color__hover_enabled=&#8221;on&#8221; button_text_color__hover=&#8221;#000000&#8243; button_bg_color__hover_enabled=&#8221;on&#8221; button_bg_color__hover=&#8221;rgba(0,0,0,0)&#8221; button_bg_enable_color__hover=&#8221;on&#8221; button_border_color__hover_enabled=&#8221;on&#8221; button_border_color__hover=&#8221;#000000&#8243;][\/et_pb_button][\/et_pb_column][\/et_pb_row][\/et_pb_section]<\/p>\n","protected":false},"excerpt":{"rendered":"<p>Hygi\u00ebnische voedselverwerking Het handhaven van een hygi\u00ebnische productieomgeving is essentieel in de voedingsindustrie. Onder andere om kruisbesmetting te voorkomen en om te voldoen aan kwaliteits- en HACCP-eisen en normen als BRC, IFS en FSSC 22000. Maar in de dagelijkse praktijk, waar continu reststromen en afval vrijkomen, is dit niet altijd eenvoudig. Het snel en hygi\u00ebnisch [&hellip;]<\/p>\n","protected":false},"author":2,"featured_media":0,"parent":0,"menu_order":0,"comment_status":"closed","ping_status":"closed","template":"","meta":{"_et_pb_use_builder":"on","_et_pb_old_content":"","_et_gb_content_width":"","footnotes":""},"class_list":["post-5980","page","type-page","status-publish","hentry"],"yoast_head":"<!-- This site is optimized with the Yoast SEO plugin v18.2 - https:\/\/yoast.com\/wordpress\/plugins\/seo\/ -->\n<title>Hygi\u00ebnische productieomgeving voor voedselverwerking - HYTT.eu<\/title>\n<meta name=\"description\" content=\"Door afvalstromen snel en hygi\u00ebnisch vacu\u00fcm af te zuigen, blijft de productieomgeving in de voedselverwerkende industrie schoon en veilig.\" \/>\n<meta name=\"robots\" content=\"index, follow, max-snippet:-1, max-image-preview:large, max-video-preview:-1\" \/>\n<link rel=\"canonical\" href=\"https:\/\/hytt.eu\/hygienic-food-processing\/\" \/>\n<meta property=\"og:locale\" content=\"nl_NL\" \/>\n<meta property=\"og:type\" content=\"article\" \/>\n<meta property=\"og:title\" content=\"Hygi\u00ebnische productieomgeving voor voedselverwerking - HYTT.eu\" \/>\n<meta property=\"og:description\" content=\"Door afvalstromen snel en hygi\u00ebnisch vacu\u00fcm af te zuigen, blijft de productieomgeving in de voedselverwerkende industrie schoon en veilig.\" \/>\n<meta property=\"og:url\" content=\"https:\/\/hytt.eu\/hygienic-food-processing\/\" \/>\n<meta property=\"og:site_name\" content=\"HYTT\" \/>\n<meta property=\"article:modified_time\" content=\"2022-12-06T10:13:24+00:00\" \/>\n<meta name=\"twitter:card\" content=\"summary_large_image\" \/>\n<meta name=\"twitter:label1\" content=\"Geschatte leestijd\" \/>\n\t<meta name=\"twitter:data1\" content=\"5 minuten\" \/>\n<script type=\"application\/ld+json\" class=\"yoast-schema-graph\">{\"@context\":\"https:\/\/schema.org\",\"@graph\":[{\"@type\":\"Organization\",\"@id\":\"https:\/\/hytt.eu\/#organization\",\"name\":\"HYTT Hygienic Transport Systems & Technologies\",\"url\":\"https:\/\/hytt.eu\/\",\"sameAs\":[\"https:\/\/www.linkedin.com\/company\/hytt-hygienic-transport-systems-technologies\",\"https:\/\/www.youtube.com\/channel\/UC3GeBVI3O47wUcLwTijHTbg\"],\"logo\":{\"@type\":\"ImageObject\",\"@id\":\"https:\/\/hytt.eu\/#logo\",\"inLanguage\":\"nl-NL\",\"url\":\"https:\/\/hytt.eu\/wp-content\/uploads\/2019\/02\/Logo_HYTT-1024x993.jpg\",\"contentUrl\":\"https:\/\/hytt.eu\/wp-content\/uploads\/2019\/02\/Logo_HYTT-1024x993.jpg\",\"width\":1024,\"height\":993,\"caption\":\"HYTT Hygienic Transport Systems & Technologies\"},\"image\":{\"@id\":\"https:\/\/hytt.eu\/#logo\"}},{\"@type\":\"WebSite\",\"@id\":\"https:\/\/hytt.eu\/#website\",\"url\":\"https:\/\/hytt.eu\/\",\"name\":\"HYTT\",\"description\":\"Hygienic Transport systems &amp; Techologies\",\"publisher\":{\"@id\":\"https:\/\/hytt.eu\/#organization\"},\"potentialAction\":[{\"@type\":\"SearchAction\",\"target\":{\"@type\":\"EntryPoint\",\"urlTemplate\":\"https:\/\/hytt.eu\/?s={search_term_string}\"},\"query-input\":\"required name=search_term_string\"}],\"inLanguage\":\"nl-NL\"},{\"@type\":\"WebPage\",\"@id\":\"https:\/\/hytt.eu\/hygienic-food-processing\/#webpage\",\"url\":\"https:\/\/hytt.eu\/hygienic-food-processing\/\",\"name\":\"Hygi\u00ebnische productieomgeving voor voedselverwerking - HYTT.eu\",\"isPartOf\":{\"@id\":\"https:\/\/hytt.eu\/#website\"},\"datePublished\":\"2021-11-29T19:23:02+00:00\",\"dateModified\":\"2022-12-06T10:13:24+00:00\",\"description\":\"Door afvalstromen snel en hygi\u00ebnisch vacu\u00fcm af te zuigen, blijft de productieomgeving in de voedselverwerkende industrie schoon en veilig.\",\"breadcrumb\":{\"@id\":\"https:\/\/hytt.eu\/hygienic-food-processing\/#breadcrumb\"},\"inLanguage\":\"nl-NL\",\"potentialAction\":[{\"@type\":\"ReadAction\",\"target\":[\"https:\/\/hytt.eu\/hygienic-food-processing\/\"]}]},{\"@type\":\"BreadcrumbList\",\"@id\":\"https:\/\/hytt.eu\/hygienic-food-processing\/#breadcrumb\",\"itemListElement\":[{\"@type\":\"ListItem\",\"position\":1,\"name\":\"Home\",\"item\":\"https:\/\/hytt.eu\/nl\/\"},{\"@type\":\"ListItem\",\"position\":2,\"name\":\"Hygi\u00ebnische voedselverwerking\"}]}]}<\/script>\n<!-- \/ Yoast SEO plugin. -->","yoast_head_json":{"title":"Hygi\u00ebnische productieomgeving voor voedselverwerking - HYTT.eu","description":"Door afvalstromen snel en hygi\u00ebnisch vacu\u00fcm af te zuigen, blijft de productieomgeving in de voedselverwerkende industrie schoon en veilig.","robots":{"index":"index","follow":"follow","max-snippet":"max-snippet:-1","max-image-preview":"max-image-preview:large","max-video-preview":"max-video-preview:-1"},"canonical":"https:\/\/hytt.eu\/hygienic-food-processing\/","og_locale":"nl_NL","og_type":"article","og_title":"Hygi\u00ebnische productieomgeving voor voedselverwerking - HYTT.eu","og_description":"Door afvalstromen snel en hygi\u00ebnisch vacu\u00fcm af te zuigen, blijft de productieomgeving in de voedselverwerkende industrie schoon en veilig.","og_url":"https:\/\/hytt.eu\/hygienic-food-processing\/","og_site_name":"HYTT","article_modified_time":"2022-12-06T10:13:24+00:00","twitter_card":"summary_large_image","twitter_misc":{"Geschatte leestijd":"5 minuten"},"schema":{"@context":"https:\/\/schema.org","@graph":[{"@type":"Organization","@id":"https:\/\/hytt.eu\/#organization","name":"HYTT Hygienic Transport Systems & Technologies","url":"https:\/\/hytt.eu\/","sameAs":["https:\/\/www.linkedin.com\/company\/hytt-hygienic-transport-systems-technologies","https:\/\/www.youtube.com\/channel\/UC3GeBVI3O47wUcLwTijHTbg"],"logo":{"@type":"ImageObject","@id":"https:\/\/hytt.eu\/#logo","inLanguage":"nl-NL","url":"https:\/\/hytt.eu\/wp-content\/uploads\/2019\/02\/Logo_HYTT-1024x993.jpg","contentUrl":"https:\/\/hytt.eu\/wp-content\/uploads\/2019\/02\/Logo_HYTT-1024x993.jpg","width":1024,"height":993,"caption":"HYTT Hygienic Transport Systems & Technologies"},"image":{"@id":"https:\/\/hytt.eu\/#logo"}},{"@type":"WebSite","@id":"https:\/\/hytt.eu\/#website","url":"https:\/\/hytt.eu\/","name":"HYTT","description":"Hygienic Transport systems &amp; Techologies","publisher":{"@id":"https:\/\/hytt.eu\/#organization"},"potentialAction":[{"@type":"SearchAction","target":{"@type":"EntryPoint","urlTemplate":"https:\/\/hytt.eu\/?s={search_term_string}"},"query-input":"required name=search_term_string"}],"inLanguage":"nl-NL"},{"@type":"WebPage","@id":"https:\/\/hytt.eu\/hygienic-food-processing\/#webpage","url":"https:\/\/hytt.eu\/hygienic-food-processing\/","name":"Hygi\u00ebnische productieomgeving voor voedselverwerking - HYTT.eu","isPartOf":{"@id":"https:\/\/hytt.eu\/#website"},"datePublished":"2021-11-29T19:23:02+00:00","dateModified":"2022-12-06T10:13:24+00:00","description":"Door afvalstromen snel en hygi\u00ebnisch vacu\u00fcm af te zuigen, blijft de productieomgeving in de voedselverwerkende industrie schoon en veilig.","breadcrumb":{"@id":"https:\/\/hytt.eu\/hygienic-food-processing\/#breadcrumb"},"inLanguage":"nl-NL","potentialAction":[{"@type":"ReadAction","target":["https:\/\/hytt.eu\/hygienic-food-processing\/"]}]},{"@type":"BreadcrumbList","@id":"https:\/\/hytt.eu\/hygienic-food-processing\/#breadcrumb","itemListElement":[{"@type":"ListItem","position":1,"name":"Home","item":"https:\/\/hytt.eu\/nl\/"},{"@type":"ListItem","position":2,"name":"Hygi\u00ebnische voedselverwerking"}]}]}},"_links":{"self":[{"href":"https:\/\/hytt.eu\/nl\/wp-json\/wp\/v2\/pages\/5980","targetHints":{"allow":["GET"]}}],"collection":[{"href":"https:\/\/hytt.eu\/nl\/wp-json\/wp\/v2\/pages"}],"about":[{"href":"https:\/\/hytt.eu\/nl\/wp-json\/wp\/v2\/types\/page"}],"author":[{"embeddable":true,"href":"https:\/\/hytt.eu\/nl\/wp-json\/wp\/v2\/users\/2"}],"replies":[{"embeddable":true,"href":"https:\/\/hytt.eu\/nl\/wp-json\/wp\/v2\/comments?post=5980"}],"version-history":[{"count":0,"href":"https:\/\/hytt.eu\/nl\/wp-json\/wp\/v2\/pages\/5980\/revisions"}],"wp:attachment":[{"href":"https:\/\/hytt.eu\/nl\/wp-json\/wp\/v2\/media?parent=5980"}],"curies":[{"name":"wp","href":"https:\/\/api.w.org\/{rel}","templated":true}]}}