{"id":5076,"date":"2017-12-18T10:51:15","date_gmt":"2017-12-18T10:51:15","guid":{"rendered":"https:\/\/hytt.eu\/hytt-knowledge-centre\/"},"modified":"2021-04-20T11:45:15","modified_gmt":"2021-04-20T11:45:15","slug":"hytt-knowledge-centre","status":"publish","type":"page","link":"https:\/\/hytt.eu\/es\/hytt-knowledge-centre\/","title":{"rendered":"Centro de conocimientos HYTT"},"content":{"rendered":"<p>[et_pb_section fb_built=\u00bb1&#8243; fullwidth=\u00bbon\u00bb admin_label=\u00bbSection\u00bb _builder_version=\u00bb3.25.3&#8243; bottom_divider_style=\u00bbslant2&#8243; bottom_divider_color=\u00bb#ffffff\u00bb bottom_divider_height=\u00bb45px\u00bb bottom_divider_flip=\u00bbvertical\u00bb locked=\u00bboff\u00bb][et_pb_fullwidth_header title=\u00bbCentro de conocimientos HYTT\u00bb _builder_version=\u00bb3.25.3&#8243; title_font=\u00bb||||||||\u00bb title_text_align=\u00bbcenter\u00bb background_image=\u00bbhttps:\/\/hytt.eu\/wp-content\/uploads\/2019\/04\/slider-pork.jpg\u00bb custom_padding=\u00bb||100px|||\u00bb][\/et_pb_fullwidth_header][\/et_pb_section][et_pb_section fb_built=\u00bb1&#8243; _builder_version=\u00bb3.25.3&#8243; background_color=\u00bb#ffffff\u00bb custom_padding=\u00bb22px|0px|50.5313px|0|false|false\u00bb][et_pb_row _builder_version=\u00bb3.25&#8243; background_size=\u00bbinitial\u00bb background_position=\u00bbtop_left\u00bb background_repeat=\u00bbrepeat\u00bb][et_pb_column type=\u00bb4_4&#8243; _builder_version=\u00bb3.25&#8243; custom_padding=\u00bb|||\u00bb custom_padding__hover=\u00bb|||\u00bb][et_pb_text _builder_version=\u00bb4.9.2&#8243; text_font=\u00bb||||||||\u00bb text_text_color=\u00bb#ffffff\u00bb text_font_size=\u00bb15px\u00bb background_color=\u00bb#eb5b55&#8243; hover_enabled=\u00bb0&#8243; border_radii=\u00bbon|3px|3px|3px|3px\u00bb border_width_all=\u00bb15px\u00bb border_color_all=\u00bb#eb5b55&#8243; sticky_enabled=\u00bb0&#8243;]<\/p>\n<p style=\"text-align: center;\"><strong>Bienvenido al Centro de Conocimiento de HYTT. Aqu\u00ed encontrar\u00e1 art\u00edculos relacionados con los sistemas y tecnolog\u00edas de transporte higi\u00e9nico de HYTT, datos sobre el sector e informaci\u00f3n adicional.<\/strong><\/p>\n<p style=\"text-align: center;\">[\/et_pb_text][et_pb_divider color=\u00bb#000000&#8243; divider_weight=\u00bb2px\u00bb _builder_version=\u00bb3.25.3&#8243; width=\u00bb25%\u00bb module_alignment=\u00bbcenter\u00bb custom_margin=\u00bb-16px||-2px|||\u00bb][\/et_pb_divider][et_pb_blog fullwidth=\u00bboff\u00bb posts_number=\u00bb18&#8243; include_categories=\u00bball\u00bb excerpt_length=\u00bb230&#8243; show_more=\u00bbon\u00bb show_author=\u00bboff\u00bb show_date=\u00bboff\u00bb show_categories=\u00bboff\u00bb show_pagination=\u00bboff\u00bb masonry_tile_background_color=\u00bb#ededed\u00bb _builder_version=\u00bb3.25.3&#8243; header_font=\u00bbDosis|700|||||||\u00bb header_text_align=\u00bbcenter\u00bb header_text_color=\u00bb#000000&#8243; header_font_size=\u00bb24px\u00bb body_font=\u00bb||||||||\u00bb body_font_size=\u00bb15px\u00bb meta_font=\u00bb||||||||\u00bb pagination_font=\u00bb||||||||\u00bb pagination_font_size_tablet=\u00bb51&#8243; pagination_line_height_tablet=\u00bb2&#8243; border_width_all_image=\u00bb1px\u00bb border_color_all_image=\u00bb#ededed\u00bb][\/et_pb_blog][\/et_pb_column][\/et_pb_row][\/et_pb_section][et_pb_section fb_built=\u00bb1&#8243; prev_background_color=\u00bb#ffffff\u00bb _builder_version=\u00bb3.25.3&#8243; background_color=\u00bb#eb5b55&#8243; min_height=\u00bb222px\u00bb custom_margin=\u00bb-12px|||||\u00bb custom_padding=\u00bb78px||1px|||\u00bb top_divider_style=\u00bbslant2&#8243; top_divider_height=\u00bb50px\u00bb top_divider_flip=\u00bbvertical\u00bb bottom_divider_height=\u00bb50px\u00bb bottom_divider_flip=\u00bbvertical\u00bb locked=\u00bboff\u00bb][et_pb_row column_structure=\u00bb3_4,1_4&#8243; _builder_version=\u00bb3.25.3&#8243; custom_padding=\u00bb30px||\u00bb][et_pb_column type=\u00bb3_4&#8243; _builder_version=\u00bb3.25.3&#8243;][et_pb_text _builder_version=\u00bb4.9.2&#8243; text_font=\u00bbDosis|700|||||||\u00bb text_text_color=\u00bb#ffffff\u00bb text_font_size=\u00bb45px\u00bb header_font=\u00bb||||||||\u00bb header_2_font=\u00bb||||||||\u00bb header_2_text_color=\u00bb#ffffff\u00bb header_2_font_size=\u00bb45px\u00bb header_3_font=\u00bb||||||||\u00bb hover_enabled=\u00bb0&#8243; sticky_enabled=\u00bb0&#8243;]<\/p>\n<h2 style=\"text-align: left;\">\u00bfTiene curiosidad por saber qu\u00e9 podemos hacer por usted?<\/h2>\n<p>[\/et_pb_text][\/et_pb_column][et_pb_column type=\u00bb1_4&#8243; _builder_version=\u00bb3.25.3&#8243;][et_pb_button button_url=\u00bbhttps:\/\/hytt.eu\/es\/contacto\/\u00bb button_text=\u00bbContacto\u00bb _builder_version=\u00bb3.25.3&#8243; custom_button=\u00bbon\u00bb button_text_size=\u00bb26px\u00bb button_text_color=\u00bb#ffffff\u00bb button_bg_color=\u00bb#eb5b55&#8243; button_border_color=\u00bb#ffffff\u00bb button_border_radius=\u00bb3px\u00bb button_font=\u00bbDosis|600||on|||||\u00bb button_icon=\u00bb%%20%%\u00bb background_layout=\u00bbdark\u00bb custom_margin=\u00bb-15px||\u00bb button_text_color__hover_enabled=\u00bbon\u00bb button_text_color__hover=\u00bb#000000&#8243; button_border_color__hover_enabled=\u00bbon\u00bb button_border_color__hover=\u00bb#000000&#8243; button_bg_color__hover_enabled=\u00bbon\u00bb][\/et_pb_button][\/et_pb_column][\/et_pb_row][\/et_pb_section]<\/p>\n","protected":false},"excerpt":{"rendered":"<p>Bienvenido al Centro de Conocimiento de HYTT. Aqu\u00ed encontrar\u00e1 art\u00edculos relacionados con los sistemas y tecnolog\u00edas de transporte higi\u00e9nico de HYTT, datos sobre el sector e informaci\u00f3n adicional. \u00bfTiene curiosidad por saber qu\u00e9 podemos hacer por usted?<\/p>\n","protected":false},"author":3,"featured_media":0,"parent":0,"menu_order":0,"comment_status":"closed","ping_status":"closed","template":"","meta":{"_et_pb_use_builder":"on","_et_pb_old_content":"","_et_gb_content_width":"","footnotes":""},"class_list":["post-5076","page","type-page","status-publish","hentry"],"yoast_head":"<!-- This site is optimized with the Yoast SEO plugin v18.2 - https:\/\/yoast.com\/wordpress\/plugins\/seo\/ -->\n<title>sistemas de transporte higi\u00e9nico<\/title>\n<meta name=\"description\" content=\"Aqu\u00ed encontrar\u00e1 art\u00edculos relacionados con los sistemas y tecnolog\u00edas de transporte higi\u00e9nico HYTT, datos sobre el sector e informaci\u00f3n adicional\" \/>\n<meta name=\"robots\" content=\"index, follow, max-snippet:-1, max-image-preview:large, max-video-preview:-1\" \/>\n<link rel=\"canonical\" href=\"https:\/\/hytt.eu\/es\/hytt-knowledge-centre\/\" \/>\n<meta property=\"og:locale\" content=\"es_ES\" \/>\n<meta property=\"og:type\" content=\"article\" \/>\n<meta property=\"og:title\" content=\"sistemas de transporte higi\u00e9nico\" \/>\n<meta property=\"og:description\" content=\"Aqu\u00ed encontrar\u00e1 art\u00edculos relacionados con los sistemas y tecnolog\u00edas de transporte higi\u00e9nico HYTT, datos sobre el sector e informaci\u00f3n adicional\" \/>\n<meta property=\"og:url\" content=\"https:\/\/hytt.eu\/es\/hytt-knowledge-centre\/\" \/>\n<meta property=\"og:site_name\" content=\"HYTT\" \/>\n<meta property=\"article:modified_time\" content=\"2021-04-20T11:45:15+00:00\" \/>\n<meta name=\"twitter:card\" content=\"summary_large_image\" \/>\n<meta name=\"twitter:label1\" content=\"Tiempo de lectura\" \/>\n\t<meta name=\"twitter:data1\" content=\"3 minutos\" \/>\n<script type=\"application\/ld+json\" class=\"yoast-schema-graph\">{\"@context\":\"https:\/\/schema.org\",\"@graph\":[{\"@type\":\"Organization\",\"@id\":\"https:\/\/hytt.eu\/#organization\",\"name\":\"HYTT Hygienic Transport Systems & Technologies\",\"url\":\"https:\/\/hytt.eu\/\",\"sameAs\":[\"https:\/\/www.linkedin.com\/company\/hytt-hygienic-transport-systems-technologies\",\"https:\/\/www.youtube.com\/channel\/UC3GeBVI3O47wUcLwTijHTbg\"],\"logo\":{\"@type\":\"ImageObject\",\"@id\":\"https:\/\/hytt.eu\/#logo\",\"inLanguage\":\"es\",\"url\":\"https:\/\/hytt.eu\/wp-content\/uploads\/2019\/02\/Logo_HYTT-1024x993.jpg\",\"contentUrl\":\"https:\/\/hytt.eu\/wp-content\/uploads\/2019\/02\/Logo_HYTT-1024x993.jpg\",\"width\":1024,\"height\":993,\"caption\":\"HYTT Hygienic Transport Systems & Technologies\"},\"image\":{\"@id\":\"https:\/\/hytt.eu\/#logo\"}},{\"@type\":\"WebSite\",\"@id\":\"https:\/\/hytt.eu\/#website\",\"url\":\"https:\/\/hytt.eu\/\",\"name\":\"HYTT\",\"description\":\"Hygienic Transport systems &amp; Techologies\",\"publisher\":{\"@id\":\"https:\/\/hytt.eu\/#organization\"},\"potentialAction\":[{\"@type\":\"SearchAction\",\"target\":{\"@type\":\"EntryPoint\",\"urlTemplate\":\"https:\/\/hytt.eu\/?s={search_term_string}\"},\"query-input\":\"required name=search_term_string\"}],\"inLanguage\":\"es\"},{\"@type\":\"WebPage\",\"@id\":\"https:\/\/hytt.eu\/es\/hytt-knowledge-centre\/#webpage\",\"url\":\"https:\/\/hytt.eu\/es\/hytt-knowledge-centre\/\",\"name\":\"sistemas de transporte higi\u00e9nico\",\"isPartOf\":{\"@id\":\"https:\/\/hytt.eu\/#website\"},\"datePublished\":\"2017-12-18T10:51:15+00:00\",\"dateModified\":\"2021-04-20T11:45:15+00:00\",\"description\":\"Aqu\u00ed encontrar\u00e1 art\u00edculos relacionados con los sistemas y tecnolog\u00edas de transporte higi\u00e9nico HYTT, datos sobre el sector e informaci\u00f3n adicional\",\"breadcrumb\":{\"@id\":\"https:\/\/hytt.eu\/es\/hytt-knowledge-centre\/#breadcrumb\"},\"inLanguage\":\"es\",\"potentialAction\":[{\"@type\":\"ReadAction\",\"target\":[\"https:\/\/hytt.eu\/es\/hytt-knowledge-centre\/\"]}]},{\"@type\":\"BreadcrumbList\",\"@id\":\"https:\/\/hytt.eu\/es\/hytt-knowledge-centre\/#breadcrumb\",\"itemListElement\":[{\"@type\":\"ListItem\",\"position\":1,\"name\":\"Home\",\"item\":\"https:\/\/hytt.eu\/es\/\"},{\"@type\":\"ListItem\",\"position\":2,\"name\":\"Centro de conocimientos HYTT\"}]}]}<\/script>\n<!-- \/ Yoast SEO plugin. -->","yoast_head_json":{"title":"sistemas de transporte higi\u00e9nico","description":"Aqu\u00ed encontrar\u00e1 art\u00edculos relacionados con los sistemas y tecnolog\u00edas de transporte higi\u00e9nico HYTT, datos sobre el sector e informaci\u00f3n adicional","robots":{"index":"index","follow":"follow","max-snippet":"max-snippet:-1","max-image-preview":"max-image-preview:large","max-video-preview":"max-video-preview:-1"},"canonical":"https:\/\/hytt.eu\/es\/hytt-knowledge-centre\/","og_locale":"es_ES","og_type":"article","og_title":"sistemas de transporte higi\u00e9nico","og_description":"Aqu\u00ed encontrar\u00e1 art\u00edculos relacionados con los sistemas y tecnolog\u00edas de transporte higi\u00e9nico HYTT, datos sobre el sector e informaci\u00f3n adicional","og_url":"https:\/\/hytt.eu\/es\/hytt-knowledge-centre\/","og_site_name":"HYTT","article_modified_time":"2021-04-20T11:45:15+00:00","twitter_card":"summary_large_image","twitter_misc":{"Tiempo de lectura":"3 minutos"},"schema":{"@context":"https:\/\/schema.org","@graph":[{"@type":"Organization","@id":"https:\/\/hytt.eu\/#organization","name":"HYTT Hygienic Transport Systems & Technologies","url":"https:\/\/hytt.eu\/","sameAs":["https:\/\/www.linkedin.com\/company\/hytt-hygienic-transport-systems-technologies","https:\/\/www.youtube.com\/channel\/UC3GeBVI3O47wUcLwTijHTbg"],"logo":{"@type":"ImageObject","@id":"https:\/\/hytt.eu\/#logo","inLanguage":"es","url":"https:\/\/hytt.eu\/wp-content\/uploads\/2019\/02\/Logo_HYTT-1024x993.jpg","contentUrl":"https:\/\/hytt.eu\/wp-content\/uploads\/2019\/02\/Logo_HYTT-1024x993.jpg","width":1024,"height":993,"caption":"HYTT Hygienic Transport Systems & Technologies"},"image":{"@id":"https:\/\/hytt.eu\/#logo"}},{"@type":"WebSite","@id":"https:\/\/hytt.eu\/#website","url":"https:\/\/hytt.eu\/","name":"HYTT","description":"Hygienic Transport systems &amp; Techologies","publisher":{"@id":"https:\/\/hytt.eu\/#organization"},"potentialAction":[{"@type":"SearchAction","target":{"@type":"EntryPoint","urlTemplate":"https:\/\/hytt.eu\/?s={search_term_string}"},"query-input":"required name=search_term_string"}],"inLanguage":"es"},{"@type":"WebPage","@id":"https:\/\/hytt.eu\/es\/hytt-knowledge-centre\/#webpage","url":"https:\/\/hytt.eu\/es\/hytt-knowledge-centre\/","name":"sistemas de transporte higi\u00e9nico","isPartOf":{"@id":"https:\/\/hytt.eu\/#website"},"datePublished":"2017-12-18T10:51:15+00:00","dateModified":"2021-04-20T11:45:15+00:00","description":"Aqu\u00ed encontrar\u00e1 art\u00edculos relacionados con los sistemas y tecnolog\u00edas de transporte higi\u00e9nico HYTT, datos sobre el sector e informaci\u00f3n adicional","breadcrumb":{"@id":"https:\/\/hytt.eu\/es\/hytt-knowledge-centre\/#breadcrumb"},"inLanguage":"es","potentialAction":[{"@type":"ReadAction","target":["https:\/\/hytt.eu\/es\/hytt-knowledge-centre\/"]}]},{"@type":"BreadcrumbList","@id":"https:\/\/hytt.eu\/es\/hytt-knowledge-centre\/#breadcrumb","itemListElement":[{"@type":"ListItem","position":1,"name":"Home","item":"https:\/\/hytt.eu\/es\/"},{"@type":"ListItem","position":2,"name":"Centro de conocimientos HYTT"}]}]}},"_links":{"self":[{"href":"https:\/\/hytt.eu\/es\/wp-json\/wp\/v2\/pages\/5076","targetHints":{"allow":["GET"]}}],"collection":[{"href":"https:\/\/hytt.eu\/es\/wp-json\/wp\/v2\/pages"}],"about":[{"href":"https:\/\/hytt.eu\/es\/wp-json\/wp\/v2\/types\/page"}],"author":[{"embeddable":true,"href":"https:\/\/hytt.eu\/es\/wp-json\/wp\/v2\/users\/3"}],"replies":[{"embeddable":true,"href":"https:\/\/hytt.eu\/es\/wp-json\/wp\/v2\/comments?post=5076"}],"version-history":[{"count":0,"href":"https:\/\/hytt.eu\/es\/wp-json\/wp\/v2\/pages\/5076\/revisions"}],"wp:attachment":[{"href":"https:\/\/hytt.eu\/es\/wp-json\/wp\/v2\/media?parent=5076"}],"curies":[{"name":"wp","href":"https:\/\/api.w.org\/{rel}","templated":true}]}}