{"id":2906,"date":"2019-07-01T13:12:09","date_gmt":"2019-07-01T13:12:09","guid":{"rendered":"https:\/\/hytt.eu\/soluciones\/soluciones-para-aves\/"},"modified":"2021-04-19T17:46:09","modified_gmt":"2021-04-19T17:46:09","slug":"soluciones-para-aves","status":"publish","type":"page","link":"https:\/\/hytt.eu\/es\/soluciones-para-aves\/","title":{"rendered":"Soluciones para aves"},"content":{"rendered":"<p>[et_pb_section fb_built=\u00bb1&#8243; fullwidth=\u00bbon\u00bb admin_label=\u00bbSection\u00bb _builder_version=\u00bb3.25.3&#8243; bottom_divider_style=\u00bbslant2&#8243; bottom_divider_color=\u00bb#ffffff\u00bb bottom_divider_height=\u00bb45px\u00bb bottom_divider_flip=\u00bbvertical\u00bb][et_pb_fullwidth_header title=\u00bbSOLUCIONES DE AVES\u00bb _builder_version=\u00bb3.25.3&#8243; title_font=\u00bb||||||||\u00bb title_text_align=\u00bbcenter\u00bb background_image=\u00bbhttps:\/\/hytt.eu\/wp-content\/uploads\/2019\/04\/slider-poultry.jpg\u00bb custom_padding=\u00bb||100px|||\u00bb][\/et_pb_fullwidth_header][\/et_pb_section][et_pb_section fb_built=\u00bb1&#8243; _builder_version=\u00bb3.25.3&#8243; custom_padding=\u00bb||60px|||\u00bb top_divider_color=\u00bb#ffffff\u00bb top_divider_flip=\u00bbhorizontal\u00bb][et_pb_row column_structure=\u00bb3_5,2_5&#8243; _builder_version=\u00bb3.25.3&#8243;][et_pb_column type=\u00bb3_5&#8243; _builder_version=\u00bb3.25.3&#8243;][et_pb_text _builder_version=\u00bb3.27.4&#8243; text_font=\u00bb||||||||\u00bb text_text_color=\u00bb#6b6b6b\u00bb text_font_size=\u00bb15px\u00bb header_font=\u00bb||||||||\u00bb header_text_color=\u00bb#000000&#8243; header_2_font=\u00bbDosis|700|||||||\u00bb header_2_text_color=\u00bb#000000&#8243; header_2_font_size=\u00bb45px\u00bb header_3_font=\u00bb||||||||\u00bb header_3_text_color=\u00bb#000000&#8243;]<\/p>\n<h2><img loading=\"lazy\" decoding=\"async\" class=\"wp-image-3636 alignleft size-thumbnail\" src=\"https:\/\/hytt.eu\/wp-content\/uploads\/2019\/10\/PoultryMiddel-1.svg\" alt=\"\" width=\"135\" height=\"150\" \/>Aves<\/h2>\n<p>HYTT ofrece soluciones de vac\u00edo de alta calidad para residuos de aves y est\u00e1 especializado en transporte interno de residuos y subproductos. HYTT usa una red de conductos cerrada esta chupa desechos o productos desde el \u00e1rea de producci\u00f3n hacia un punto central en la f\u00e1brica. Por el uso de una red de conductos cerrada, la posibilidad de contaminaci\u00f3n cruzada est\u00e1 disminuido considerablemente. Adem\u00e1s del gran beneficio, el sistema de HYTT asegura una mejora de la higiene general y de la seguridad y una reducci\u00f3n de los costes laborales.[\/et_pb_text][et_pb_divider color=\u00bb#000000&#8243; divider_weight=\u00bb2px\u00bb _builder_version=\u00bb3.25.3&#8243; width=\u00bb15%\u00bb module_alignment=\u00bbright\u00bb custom_margin=\u00bb-25px||\u00bb][\/et_pb_divider][\/et_pb_column][et_pb_column type=\u00bb2_5&#8243; _builder_version=\u00bb3.25.3&#8243;][et_pb_video src=\u00bbhttps:\/\/www.youtube.com\/watch?v=4bRgOG5PPDQ\u00bb image_src=\u00bbhttps:\/\/hytt.eu\/wp-content\/uploads\/2019\/10\/poultry_overlay_v3.svg\u00bb play_icon_color=\u00bb#000000&#8243; thumbnail_overlay_color=\u00bb#e09900&#8243; _builder_version=\u00bb3.25.3&#8243; width=\u00bb100%\u00bb module_alignment=\u00bbcenter\u00bb][\/et_pb_video][\/et_pb_column][\/et_pb_row][et_pb_row _builder_version=\u00bb3.25.3&#8243;][et_pb_column type=\u00bb4_4&#8243; _builder_version=\u00bb3.25.3&#8243;][et_pb_text _builder_version=\u00bb3.27.4&#8243; text_font=\u00bb||||||||\u00bb text_text_color=\u00bb#000000&#8243; text_font_size=\u00bb15px\u00bb header_font=\u00bb||||||||\u00bb header_text_color=\u00bb#000000&#8243; header_2_font=\u00bb||||||||\u00bb header_2_text_color=\u00bb#000000&#8243; header_2_font_size=\u00bb45px\u00bb header_3_font=\u00bb||||||||\u00bb header_3_text_color=\u00bb#000000&#8243; custom_padding=\u00bb||0px|||\u00bb]<\/p>\n<h2 style=\"text-align: center;\">Productos transportables<\/h2>\n<p>[\/et_pb_text][\/et_pb_column][\/et_pb_row][et_pb_row column_structure=\u00bb1_4,1_4,1_4,1_4&#8243; _builder_version=\u00bb3.25.3&#8243; custom_margin=\u00bb-18px|auto||auto||\u00bb][et_pb_column type=\u00bb1_4&#8243; _builder_version=\u00bb3.25.3&#8243;][et_pb_text _builder_version=\u00bb3.27.4&#8243; text_font=\u00bb||||||||\u00bb text_text_color=\u00bb#6b6b6b\u00bb text_font_size=\u00bb15px\u00bb header_font=\u00bb||||||||\u00bb header_2_font=\u00bb||||||||\u00bb header_3_font=\u00bbDosis||||||||\u00bb header_3_text_color=\u00bb#000000&#8243;]<\/p>\n<h3>Departamento de llegada y matanza:<\/h3>\n<ul>\n<li>DOA&#8217;s<\/li>\n<li>Sangre<\/li>\n<li>Hocks<\/li>\n<li>Shank<\/li>\n<li>Pies<\/li>\n<\/ul>\n<p>[\/et_pb_text][\/et_pb_column][et_pb_column type=\u00bb1_4&#8243; _builder_version=\u00bb3.25.3&#8243;][et_pb_text _builder_version=\u00bb3.27.4&#8243; text_font=\u00bb||||||||\u00bb text_text_color=\u00bb#6b6b6b\u00bb text_font_size=\u00bb15px\u00bb header_font=\u00bb||||||||\u00bb header_2_font=\u00bb||||||||\u00bb header_3_font=\u00bbDosis||||||||\u00bb header_3_text_color=\u00bb#000000&#8243;]<\/p>\n<h3>Departamento de evisceraci\u00f3n:<\/h3>\n<ul>\n<li>Pellejo del pescuezo<\/li>\n<li>Pescuezo<\/li>\n<li>Cultivos<\/li>\n<li>Intestinos<\/li>\n<li>Coraz\u00f3n<\/li>\n<li>H\u00edgado<\/li>\n<li>Est\u00f3mago<\/li>\n<\/ul>\n<p>[\/et_pb_text][\/et_pb_column][et_pb_column type=\u00bb1_4&#8243; _builder_version=\u00bb3.25.3&#8243;][et_pb_text _builder_version=\u00bb3.27.4&#8243; text_font=\u00bb||||||||\u00bb text_text_color=\u00bb#6b6b6b\u00bb text_font_size=\u00bb15px\u00bb header_font=\u00bb||||||||\u00bb header_2_font=\u00bb||||||||\u00bb header_3_font=\u00bbDosis||||||||\u00bb header_3_text_color=\u00bb#000000&#8243;]<\/p>\n<h3>Departamento de cortar:<\/h3>\n<ul>\n<li>Rabos<\/li>\n<li>Alas<\/li>\n<li>Puntas de alas<\/li>\n<li>Segunda y primera articulaci\u00f3n<\/li>\n<li>Espalda superior<\/li>\n<li>Espalda baja<\/li>\n<\/ul>\n<p>[\/et_pb_text][\/et_pb_column][et_pb_column type=\u00bb1_4&#8243; _builder_version=\u00bb3.25.3&#8243;][et_pb_text _builder_version=\u00bb3.27.4&#8243; text_font=\u00bb||||||||\u00bb text_text_color=\u00bb#6b6b6b\u00bb text_font_size=\u00bb15px\u00bb header_font=\u00bb||||||||\u00bb header_2_font=\u00bb||||||||\u00bb header_3_font=\u00bbDosis||||||||\u00bb header_3_text_color=\u00bb#000000&#8243;]<\/p>\n<h3>Deshuesado:<\/h3>\n<ul>\n<li>Piel de pecho<\/li>\n<li>T\u00f3rax<\/li>\n<li>Hueso en V<\/li>\n<li>Huesos enteras de la pierna<\/li>\n<li>Piel entera de la pierna<\/li>\n<li>Huesos de tambor<\/li>\n<li>Piel de tambor<\/li>\n<li>Huesos del muslo<\/li>\n<li>Piel del muslo<\/li>\n<\/ul>\n<p>[\/et_pb_text][\/et_pb_column][\/et_pb_row][et_pb_row column_structure=\u00bb1_2,1_2&#8243; _builder_version=\u00bb3.25.3&#8243; custom_margin=\u00bb-18px|auto||auto||\u00bb][et_pb_column type=\u00bb1_2&#8243; _builder_version=\u00bb3.25.3&#8243;][et_pb_image src=\u00bbhttps:\/\/hytt.eu\/wp-content\/uploads\/2019\/10\/Poultry-cutting-min.jpg\u00bb align=\u00bbcenter\u00bb _builder_version=\u00bb3.25.3&#8243; width=\u00bb90%\u00bb][\/et_pb_image][\/et_pb_column][et_pb_column type=\u00bb1_2&#8243; _builder_version=\u00bb3.25.3&#8243;][et_pb_image src=\u00bbhttps:\/\/hytt.eu\/wp-content\/uploads\/2019\/10\/Poultry-processing.jpg\u00bb align=\u00bbcenter\u00bb _builder_version=\u00bb3.25.3&#8243; width=\u00bb91%\u00bb][\/et_pb_image][\/et_pb_column][\/et_pb_row][\/et_pb_section][et_pb_section fb_built=\u00bb1&#8243; next_background_color=\u00bb#ffffff\u00bb _builder_version=\u00bb3.25.3&#8243; background_color=\u00bb#ededed\u00bb custom_margin=\u00bb-55px|||||\u00bb custom_padding=\u00bb||84px|||\u00bb bottom_divider_style=\u00bbslant2&#8243; bottom_divider_height=\u00bb61px\u00bb][et_pb_row _builder_version=\u00bb3.25.3&#8243; custom_padding=\u00bb0px||0px|||\u00bb][et_pb_column type=\u00bb4_4&#8243; _builder_version=\u00bb3.25.3&#8243;][et_pb_text _builder_version=\u00bb3.27.4&#8243; text_font=\u00bb||||||||\u00bb text_text_color=\u00bb#000000&#8243; text_font_size=\u00bb15px\u00bb header_font=\u00bb||||||||\u00bb header_text_color=\u00bb#000000&#8243; header_2_font=\u00bb||||||||\u00bb header_2_text_color=\u00bb#000000&#8243; header_2_font_size=\u00bb45px\u00bb header_3_font=\u00bb||||||||\u00bb header_3_text_color=\u00bb#000000&#8243; custom_padding=\u00bb36px||25px|||\u00bb]<\/p>\n<h2 style=\"text-align: center;\">Beneficios del sistema<\/h2>\n<p>[\/et_pb_text][\/et_pb_column][\/et_pb_row][et_pb_row column_structure=\u00bb1_4,1_4,1_4,1_4&#8243; _builder_version=\u00bb3.25.3&#8243; custom_margin=\u00bb23px|auto|0px|auto||\u00bb custom_padding=\u00bb3px|||||\u00bb][et_pb_column type=\u00bb1_4&#8243; _builder_version=\u00bb3.25.3&#8243;][et_pb_blurb title=\u00bbResiduos no se acumulan en un \u00e1rea de producci\u00f3n de alimentos\u00bb image=\u00bbhttps:\/\/hytt.eu\/wp-content\/uploads\/2019\/10\/Food_Area_Kip.svg\u00bb image_max_width=\u00bb40%\u00bb _builder_version=\u00bb3.25.3&#8243; header_level=\u00bbh3&#8243; header_font=\u00bb||||||||\u00bb header_text_color=\u00bb#000000&#8243; body_font=\u00bb||||||||\u00bb text_orientation=\u00bbcenter\u00bb][\/et_pb_blurb][\/et_pb_column][et_pb_column type=\u00bb1_4&#8243; _builder_version=\u00bb3.25.3&#8243;][et_pb_blurb title=\u00bbAmbiente de trabajo m\u00e1s limpio\u00bb image=\u00bbhttps:\/\/hytt.eu\/wp-content\/uploads\/2019\/10\/Hygiene.svg\u00bb image_max_width=\u00bb40%\u00bb _builder_version=\u00bb3.25.3&#8243; header_level=\u00bbh3&#8243; header_font=\u00bb||||||||\u00bb header_text_align=\u00bbcenter\u00bb header_text_color=\u00bb#000000&#8243; body_font=\u00bb||||||||\u00bb][\/et_pb_blurb][\/et_pb_column][et_pb_column type=\u00bb1_4&#8243; _builder_version=\u00bb3.25.3&#8243;][et_pb_blurb title=\u00bbReducci\u00f3n de costes de transporte interno\u00bb image=\u00bbhttps:\/\/hytt.eu\/wp-content\/uploads\/2019\/10\/Kostenreductie.svg\u00bb image_max_width=\u00bb40%\u00bb _builder_version=\u00bb3.25.3&#8243; header_level=\u00bbh3&#8243; header_font=\u00bb||||||||\u00bb header_text_align=\u00bbcenter\u00bb header_text_color=\u00bb#000000&#8243; body_font=\u00bb||||||||\u00bb][\/et_pb_blurb][\/et_pb_column][et_pb_column type=\u00bb1_4&#8243; _builder_version=\u00bb3.25.3&#8243;][et_pb_blurb title=\u00bbReducci\u00f3n del trabajo necesario\u00bb image=\u00bbhttps:\/\/hytt.eu\/wp-content\/uploads\/2019\/10\/Arbeid.svg\u00bb image_max_width=\u00bb40%\u00bb _builder_version=\u00bb3.25.3&#8243; header_level=\u00bbh3&#8243; header_font=\u00bb||||||||\u00bb header_text_align=\u00bbcenter\u00bb header_text_color=\u00bb#000000&#8243; body_font=\u00bb||||||||\u00bb][\/et_pb_blurb][\/et_pb_column][\/et_pb_row][\/et_pb_section][et_pb_section fb_built=\u00bb1&#8243; _builder_version=\u00bb3.25.3&#8243; background_color=\u00bb#ffffff\u00bb custom_padding=\u00bb0px||0px|||\u00bb][et_pb_row _builder_version=\u00bb3.25.3&#8243; custom_padding=\u00bb||0px|||\u00bb][et_pb_column type=\u00bb4_4&#8243; _builder_version=\u00bb3.25.3&#8243;][et_pb_text _builder_version=\u00bb3.27.4&#8243; text_font=\u00bbDosis|700|||||||\u00bb text_text_color=\u00bb#000000&#8243; text_font_size=\u00bb45px\u00bb text_line_height=\u00bb1em\u00bb header_font=\u00bb||||||||\u00bb header_2_font=\u00bb||||||||\u00bb header_2_text_color=\u00bb#000000&#8243; header_2_font_size=\u00bb45px\u00bb min_height=\u00bb76px\u00bb]<\/p>\n<h2 style=\"text-align: center;\">Nuestras referencias<\/h2>\n<p>[\/et_pb_text][\/et_pb_column][\/et_pb_row][et_pb_row column_structure=\u00bb1_4,1_4,1_4,1_4&#8243; _builder_version=\u00bb3.25.3&#8243; custom_margin=\u00bb24px|auto|4px|auto||\u00bb custom_padding=\u00bb0px||0px|||\u00bb][et_pb_column type=\u00bb1_4&#8243; _builder_version=\u00bb3.25.3&#8243;][et_pb_blurb url=\u00bbhttps:\/\/www.eisberg-oesterreich.at\/de\/\u00bb url_new_window=\u00bbon\u00bb image=\u00bbhttps:\/\/hytt.eu\/wp-content\/uploads\/2019\/09\/1538028678.1718_114_o.jpg\u00bb _builder_version=\u00bb3.25.3&#8243; custom_margin=\u00bb-66px||\u00bb][\/et_pb_blurb][\/et_pb_column][et_pb_column type=\u00bb1_4&#8243; _builder_version=\u00bb3.25.3&#8243;][et_pb_blurb url=\u00bbhttps:\/\/www.mirontell.de\/obstsalathersteller.html\u00bb url_new_window=\u00bbon\u00bb image=\u00bbhttps:\/\/hytt.eu\/wp-content\/uploads\/2019\/09\/logo2017.png\u00bb _builder_version=\u00bb3.25.3&#8243;][\/et_pb_blurb][\/et_pb_column][et_pb_column type=\u00bb1_4&#8243; _builder_version=\u00bb3.25.3&#8243;][et_pb_blurb url=\u00bbhttp:\/\/www.gessler-muenchensfrische.de\/\u00bb url_new_window=\u00bbon\u00bb image=\u00bbhttps:\/\/hytt.eu\/wp-content\/uploads\/2019\/10\/gesslerlogo.svg\u00bb _builder_version=\u00bb3.25.3&#8243; custom_margin=\u00bb-35px||\u00bb][\/et_pb_blurb][\/et_pb_column][et_pb_column type=\u00bb1_4&#8243; _builder_version=\u00bb3.25.3&#8243;][et_pb_blurb url=\u00bbhttp:\/\/www.vanderzijpen.com\/\u00bb url_new_window=\u00bbon\u00bb image=\u00bbhttps:\/\/hytt.eu\/wp-content\/uploads\/2019\/06\/logo-van-der-zijpen.jpg\u00bb _builder_version=\u00bb3.25.3&#8243; custom_margin=\u00bb-8px||\u00bb][\/et_pb_blurb][\/et_pb_column][\/et_pb_row][et_pb_row column_structure=\u00bb1_4,1_4,1_4,1_4&#8243; _builder_version=\u00bb3.25.3&#8243; custom_margin=\u00bb24px|auto|4px|auto||\u00bb custom_padding=\u00bb0px||0px|||\u00bb][et_pb_column type=\u00bb1_4&#8243; _builder_version=\u00bb3.25.3&#8243;][et_pb_blurb url=\u00bbhttps:\/\/www.westvlees.com\/nl\u00bb url_new_window=\u00bbon\u00bb image=\u00bbhttps:\/\/hytt.eu\/wp-content\/uploads\/2019\/04\/Westvlees-logo.png\u00bb _builder_version=\u00bb3.25.3&#8243; custom_margin=\u00bb||\u00bb][\/et_pb_blurb][\/et_pb_column][et_pb_column type=\u00bb1_4&#8243; _builder_version=\u00bb3.25.3&#8243;][et_pb_blurb url=\u00bbhttps:\/\/www.bellandevans.com\/\u00bb url_new_window=\u00bbon\u00bb image=\u00bbhttps:\/\/hytt.eu\/wp-content\/uploads\/2020\/09\/Logo-Bell-Evans.png\u00bb alt=\u00bbLogo Bell &#038; Evans\u00bb image_max_width=\u00bb85%\u00bb _builder_version=\u00bb4.6.3&#8243;][\/et_pb_blurb][\/et_pb_column][et_pb_column type=\u00bb1_4&#8243; _builder_version=\u00bb3.25.3&#8243;][et_pb_blurb url=\u00bbhttps:\/\/www.patel.es\/es\/frivall.html\u00bb url_new_window=\u00bbon\u00bb image=\u00bbhttps:\/\/hytt.eu\/wp-content\/uploads\/2019\/04\/frivall-logo.jpg\u00bb _builder_version=\u00bb3.25.3&#8243; custom_margin=\u00bb-32px||\u00bb][\/et_pb_blurb][\/et_pb_column][et_pb_column type=\u00bb1_4&#8243; _builder_version=\u00bb3.25.3&#8243;][et_pb_blurb url=\u00bbhttps:\/\/www.patel.es\/es\/cinco-villas.html\u00bb url_new_window=\u00bbon\u00bb image=\u00bbhttps:\/\/hytt.eu\/wp-content\/uploads\/2019\/04\/Cincovillas-logo.jpg\u00bb _builder_version=\u00bb3.25.3&#8243; custom_margin=\u00bb-35px||\u00bb][\/et_pb_blurb][\/et_pb_column][\/et_pb_row][\/et_pb_section][et_pb_section fb_built=\u00bb1&#8243; prev_background_color=\u00bb#ffffff\u00bb _builder_version=\u00bb3.25.3&#8243; background_color=\u00bb#f8ae4f\u00bb min_height=\u00bb222px\u00bb custom_margin=\u00bb-12px|||||\u00bb custom_padding=\u00bb78px||1px|||\u00bb top_divider_style=\u00bbslant2&#8243; top_divider_height=\u00bb50px\u00bb top_divider_flip=\u00bbvertical\u00bb bottom_divider_height=\u00bb50px\u00bb bottom_divider_flip=\u00bbvertical\u00bb][et_pb_row column_structure=\u00bb3_4,1_4&#8243; _builder_version=\u00bb3.25.3&#8243; custom_padding=\u00bb30px||\u00bb][et_pb_column type=\u00bb3_4&#8243; _builder_version=\u00bb3.25.3&#8243;][et_pb_text _builder_version=\u00bb3.27.4&#8243; text_font=\u00bbDosis|700|||||||\u00bb text_text_color=\u00bb#ffffff\u00bb text_font_size=\u00bb45px\u00bb header_font=\u00bb||||||||\u00bb header_2_font=\u00bb||||||||\u00bb header_2_text_color=\u00bb#ffffff\u00bb header_2_font_size=\u00bb45px\u00bb]<\/p>\n<h2 style=\"text-align: left;\">\u00bfQu\u00e9 podemos hacer para usted?<\/h2>\n<p>[\/et_pb_text][\/et_pb_column][et_pb_column type=\u00bb1_4&#8243; _builder_version=\u00bb3.25.3&#8243;][et_pb_button button_url=\u00bbhttps:\/\/hytt.eu\/es\/contacto\/\u00bb button_text=\u00bbContacto\u00bb _builder_version=\u00bb3.25.3&#8243; custom_button=\u00bbon\u00bb button_text_size=\u00bb26px\u00bb button_text_color=\u00bb#ffffff\u00bb button_bg_color=\u00bbrgba(0,0,0,0)\u00bb button_border_color=\u00bb#ffffff\u00bb button_border_radius=\u00bb3px\u00bb button_font=\u00bbDosis|600||on|||||\u00bb button_icon=\u00bb%%20%%\u00bb background_layout=\u00bbdark\u00bb custom_margin=\u00bb-15px||\u00bb button_text_color__hover_enabled=\u00bbon\u00bb button_text_color__hover=\u00bb#000000&#8243; button_bg_color__hover_enabled=\u00bbon\u00bb button_bg_color__hover=\u00bbrgba(0,0,0,0)\u00bb button_bg_enable_color__hover=\u00bbon\u00bb button_border_color__hover_enabled=\u00bbon\u00bb button_border_color__hover=\u00bb#000000&#8243;][\/et_pb_button][\/et_pb_column][\/et_pb_row][\/et_pb_section]<\/p>\n","protected":false},"excerpt":{"rendered":"<p>Aves HYTT ofrece soluciones de vac\u00edo de alta calidad para residuos de aves y est\u00e1 especializado en transporte interno de residuos y subproductos. HYTT usa una red de conductos cerrada esta chupa desechos o productos desde el \u00e1rea de producci\u00f3n hacia un punto central en la f\u00e1brica. Por el uso de una red de conductos [&hellip;]<\/p>\n","protected":false},"author":2,"featured_media":0,"parent":0,"menu_order":0,"comment_status":"closed","ping_status":"closed","template":"","meta":{"_et_pb_use_builder":"on","_et_pb_old_content":"","_et_gb_content_width":"","footnotes":""},"class_list":["post-2906","page","type-page","status-publish","hentry"],"yoast_head":"<!-- This site is optimized with the Yoast SEO plugin v18.2 - https:\/\/yoast.com\/wordpress\/plugins\/seo\/ -->\n<title>Transporte interno de residuos y flujos residuales en mataderos de pollos<\/title>\n<meta name=\"description\" content=\"HYTT ayuda a los mataderos de pollos con el transporte interno de residuos y flujos residuales para que puedan producir de forma higi\u00e9nica y securqa\" \/>\n<meta name=\"robots\" content=\"index, follow, max-snippet:-1, max-image-preview:large, max-video-preview:-1\" \/>\n<link rel=\"canonical\" href=\"https:\/\/hytt.eu\/es\/soluciones-para-aves\/\" \/>\n<meta property=\"og:locale\" content=\"es_ES\" \/>\n<meta property=\"og:type\" content=\"article\" \/>\n<meta property=\"og:title\" content=\"Transporte interno de residuos y flujos residuales en mataderos de pollos\" \/>\n<meta property=\"og:description\" content=\"HYTT ayuda a los mataderos de pollos con el transporte interno de residuos y flujos residuales para que puedan producir de forma higi\u00e9nica y securqa\" \/>\n<meta property=\"og:url\" content=\"https:\/\/hytt.eu\/es\/soluciones-para-aves\/\" \/>\n<meta property=\"og:site_name\" content=\"HYTT\" \/>\n<meta property=\"article:modified_time\" content=\"2021-04-19T17:46:09+00:00\" \/>\n<meta property=\"og:image\" content=\"https:\/\/hytt.eu\/wp-content\/uploads\/2019\/10\/PoultryMiddel-1.svg\" \/>\n<meta name=\"twitter:card\" content=\"summary_large_image\" \/>\n<meta name=\"twitter:label1\" content=\"Tiempo de lectura\" \/>\n\t<meta name=\"twitter:data1\" content=\"8 minutos\" \/>\n<script type=\"application\/ld+json\" class=\"yoast-schema-graph\">{\"@context\":\"https:\/\/schema.org\",\"@graph\":[{\"@type\":\"Organization\",\"@id\":\"https:\/\/hytt.eu\/#organization\",\"name\":\"HYTT Hygienic Transport Systems & Technologies\",\"url\":\"https:\/\/hytt.eu\/\",\"sameAs\":[\"https:\/\/www.linkedin.com\/company\/hytt-hygienic-transport-systems-technologies\",\"https:\/\/www.youtube.com\/channel\/UC3GeBVI3O47wUcLwTijHTbg\"],\"logo\":{\"@type\":\"ImageObject\",\"@id\":\"https:\/\/hytt.eu\/#logo\",\"inLanguage\":\"es\",\"url\":\"https:\/\/hytt.eu\/wp-content\/uploads\/2019\/02\/Logo_HYTT-1024x993.jpg\",\"contentUrl\":\"https:\/\/hytt.eu\/wp-content\/uploads\/2019\/02\/Logo_HYTT-1024x993.jpg\",\"width\":1024,\"height\":993,\"caption\":\"HYTT Hygienic Transport Systems & Technologies\"},\"image\":{\"@id\":\"https:\/\/hytt.eu\/#logo\"}},{\"@type\":\"WebSite\",\"@id\":\"https:\/\/hytt.eu\/#website\",\"url\":\"https:\/\/hytt.eu\/\",\"name\":\"HYTT\",\"description\":\"Hygienic Transport systems &amp; Techologies\",\"publisher\":{\"@id\":\"https:\/\/hytt.eu\/#organization\"},\"potentialAction\":[{\"@type\":\"SearchAction\",\"target\":{\"@type\":\"EntryPoint\",\"urlTemplate\":\"https:\/\/hytt.eu\/?s={search_term_string}\"},\"query-input\":\"required name=search_term_string\"}],\"inLanguage\":\"es\"},{\"@type\":\"ImageObject\",\"@id\":\"https:\/\/hytt.eu\/es\/soluciones-para-aves\/#primaryimage\",\"inLanguage\":\"es\",\"url\":\"https:\/\/hytt.eu\/wp-content\/uploads\/2019\/10\/PoultryMiddel-1.svg\",\"contentUrl\":\"https:\/\/hytt.eu\/wp-content\/uploads\/2019\/10\/PoultryMiddel-1.svg\",\"width\":250,\"height\":250},{\"@type\":\"WebPage\",\"@id\":\"https:\/\/hytt.eu\/es\/soluciones-para-aves\/#webpage\",\"url\":\"https:\/\/hytt.eu\/es\/soluciones-para-aves\/\",\"name\":\"Transporte interno de residuos y flujos residuales en mataderos de pollos\",\"isPartOf\":{\"@id\":\"https:\/\/hytt.eu\/#website\"},\"primaryImageOfPage\":{\"@id\":\"https:\/\/hytt.eu\/es\/soluciones-para-aves\/#primaryimage\"},\"datePublished\":\"2019-07-01T13:12:09+00:00\",\"dateModified\":\"2021-04-19T17:46:09+00:00\",\"description\":\"HYTT ayuda a los mataderos de pollos con el transporte interno de residuos y flujos residuales para que puedan producir de forma higi\u00e9nica y securqa\",\"breadcrumb\":{\"@id\":\"https:\/\/hytt.eu\/es\/soluciones-para-aves\/#breadcrumb\"},\"inLanguage\":\"es\",\"potentialAction\":[{\"@type\":\"ReadAction\",\"target\":[\"https:\/\/hytt.eu\/es\/soluciones-para-aves\/\"]}]},{\"@type\":\"BreadcrumbList\",\"@id\":\"https:\/\/hytt.eu\/es\/soluciones-para-aves\/#breadcrumb\",\"itemListElement\":[{\"@type\":\"ListItem\",\"position\":1,\"name\":\"Home\",\"item\":\"https:\/\/hytt.eu\/es\/\"},{\"@type\":\"ListItem\",\"position\":2,\"name\":\"Soluciones para aves\"}]}]}<\/script>\n<!-- \/ Yoast SEO plugin. -->","yoast_head_json":{"title":"Transporte interno de residuos y flujos residuales en mataderos de pollos","description":"HYTT ayuda a los mataderos de pollos con el transporte interno de residuos y flujos residuales para que puedan producir de forma higi\u00e9nica y securqa","robots":{"index":"index","follow":"follow","max-snippet":"max-snippet:-1","max-image-preview":"max-image-preview:large","max-video-preview":"max-video-preview:-1"},"canonical":"https:\/\/hytt.eu\/es\/soluciones-para-aves\/","og_locale":"es_ES","og_type":"article","og_title":"Transporte interno de residuos y flujos residuales en mataderos de pollos","og_description":"HYTT ayuda a los mataderos de pollos con el transporte interno de residuos y flujos residuales para que puedan producir de forma higi\u00e9nica y securqa","og_url":"https:\/\/hytt.eu\/es\/soluciones-para-aves\/","og_site_name":"HYTT","article_modified_time":"2021-04-19T17:46:09+00:00","og_image":[{"url":"https:\/\/hytt.eu\/wp-content\/uploads\/2019\/10\/PoultryMiddel-1.svg"}],"twitter_card":"summary_large_image","twitter_misc":{"Tiempo de lectura":"8 minutos"},"schema":{"@context":"https:\/\/schema.org","@graph":[{"@type":"Organization","@id":"https:\/\/hytt.eu\/#organization","name":"HYTT Hygienic Transport Systems & Technologies","url":"https:\/\/hytt.eu\/","sameAs":["https:\/\/www.linkedin.com\/company\/hytt-hygienic-transport-systems-technologies","https:\/\/www.youtube.com\/channel\/UC3GeBVI3O47wUcLwTijHTbg"],"logo":{"@type":"ImageObject","@id":"https:\/\/hytt.eu\/#logo","inLanguage":"es","url":"https:\/\/hytt.eu\/wp-content\/uploads\/2019\/02\/Logo_HYTT-1024x993.jpg","contentUrl":"https:\/\/hytt.eu\/wp-content\/uploads\/2019\/02\/Logo_HYTT-1024x993.jpg","width":1024,"height":993,"caption":"HYTT Hygienic Transport Systems & Technologies"},"image":{"@id":"https:\/\/hytt.eu\/#logo"}},{"@type":"WebSite","@id":"https:\/\/hytt.eu\/#website","url":"https:\/\/hytt.eu\/","name":"HYTT","description":"Hygienic Transport systems &amp; Techologies","publisher":{"@id":"https:\/\/hytt.eu\/#organization"},"potentialAction":[{"@type":"SearchAction","target":{"@type":"EntryPoint","urlTemplate":"https:\/\/hytt.eu\/?s={search_term_string}"},"query-input":"required name=search_term_string"}],"inLanguage":"es"},{"@type":"ImageObject","@id":"https:\/\/hytt.eu\/es\/soluciones-para-aves\/#primaryimage","inLanguage":"es","url":"https:\/\/hytt.eu\/wp-content\/uploads\/2019\/10\/PoultryMiddel-1.svg","contentUrl":"https:\/\/hytt.eu\/wp-content\/uploads\/2019\/10\/PoultryMiddel-1.svg","width":250,"height":250},{"@type":"WebPage","@id":"https:\/\/hytt.eu\/es\/soluciones-para-aves\/#webpage","url":"https:\/\/hytt.eu\/es\/soluciones-para-aves\/","name":"Transporte interno de residuos y flujos residuales en mataderos de pollos","isPartOf":{"@id":"https:\/\/hytt.eu\/#website"},"primaryImageOfPage":{"@id":"https:\/\/hytt.eu\/es\/soluciones-para-aves\/#primaryimage"},"datePublished":"2019-07-01T13:12:09+00:00","dateModified":"2021-04-19T17:46:09+00:00","description":"HYTT ayuda a los mataderos de pollos con el transporte interno de residuos y flujos residuales para que puedan producir de forma higi\u00e9nica y securqa","breadcrumb":{"@id":"https:\/\/hytt.eu\/es\/soluciones-para-aves\/#breadcrumb"},"inLanguage":"es","potentialAction":[{"@type":"ReadAction","target":["https:\/\/hytt.eu\/es\/soluciones-para-aves\/"]}]},{"@type":"BreadcrumbList","@id":"https:\/\/hytt.eu\/es\/soluciones-para-aves\/#breadcrumb","itemListElement":[{"@type":"ListItem","position":1,"name":"Home","item":"https:\/\/hytt.eu\/es\/"},{"@type":"ListItem","position":2,"name":"Soluciones para aves"}]}]}},"_links":{"self":[{"href":"https:\/\/hytt.eu\/es\/wp-json\/wp\/v2\/pages\/2906","targetHints":{"allow":["GET"]}}],"collection":[{"href":"https:\/\/hytt.eu\/es\/wp-json\/wp\/v2\/pages"}],"about":[{"href":"https:\/\/hytt.eu\/es\/wp-json\/wp\/v2\/types\/page"}],"author":[{"embeddable":true,"href":"https:\/\/hytt.eu\/es\/wp-json\/wp\/v2\/users\/2"}],"replies":[{"embeddable":true,"href":"https:\/\/hytt.eu\/es\/wp-json\/wp\/v2\/comments?post=2906"}],"version-history":[{"count":0,"href":"https:\/\/hytt.eu\/es\/wp-json\/wp\/v2\/pages\/2906\/revisions"}],"wp:attachment":[{"href":"https:\/\/hytt.eu\/es\/wp-json\/wp\/v2\/media?parent=2906"}],"curies":[{"name":"wp","href":"https:\/\/api.w.org\/{rel}","templated":true}]}}