{"id":2903,"date":"2019-07-01T13:09:25","date_gmt":"2019-07-01T13:09:25","guid":{"rendered":"https:\/\/hytt.eu\/soluciones\/soluciones-para-cerdos\/"},"modified":"2022-06-01T06:42:46","modified_gmt":"2022-06-01T06:42:46","slug":"soluciones-para-cerdos","status":"publish","type":"page","link":"https:\/\/hytt.eu\/es\/soluciones-para-cerdos\/","title":{"rendered":"Industria de transformaci\u00f3n del cerdo"},"content":{"rendered":"<p>[et_pb_section fb_built=\u00bb1&#8243; fullwidth=\u00bbon\u00bb admin_label=\u00bbSection\u00bb _builder_version=\u00bb3.25.3&#8243; bottom_divider_style=\u00bbslant2&#8243; bottom_divider_color=\u00bb#ffffff\u00bb bottom_divider_height=\u00bb45px\u00bb bottom_divider_flip=\u00bbvertical\u00bb global_colors_info=\u00bb{}\u00bb][et_pb_fullwidth_header title=\u00bbINDUSTRIA DE LA TRANSFORMACI\u00d3N DEL CERDO\u00bb _builder_version=\u00bb4.9.2&#8243; title_font=\u00bb||||||||\u00bb title_text_align=\u00bbcenter\u00bb background_image=\u00bbhttps:\/\/hytt.eu\/wp-content\/uploads\/2019\/04\/slider-rund.jpg\u00bb custom_padding=\u00bb||100px|||\u00bb global_colors_info=\u00bb{}\u00bb][\/et_pb_fullwidth_header][\/et_pb_section][et_pb_section fb_built=\u00bb1&#8243; _builder_version=\u00bb3.25.3&#8243; custom_padding=\u00bb||60px|||\u00bb top_divider_color=\u00bb#ffffff\u00bb top_divider_flip=\u00bbhorizontal\u00bb global_colors_info=\u00bb{}\u00bb][et_pb_row column_structure=\u00bb3_5,2_5&#8243; _builder_version=\u00bb3.25.3&#8243; global_colors_info=\u00bb{}\u00bb][et_pb_column type=\u00bb3_5&#8243; _builder_version=\u00bb3.25.3&#8243; global_colors_info=\u00bb{}\u00bb][et_pb_text _builder_version=\u00bb4.9.2&#8243; text_font=\u00bb||||||||\u00bb text_text_color=\u00bb#6b6b6b\u00bb text_font_size=\u00bb15px\u00bb header_font=\u00bb||||||||\u00bb header_text_color=\u00bb#000000&#8243; header_2_font=\u00bb||||||||\u00bb header_2_text_color=\u00bb#000000&#8243; header_2_font_size=\u00bb45px\u00bb header_3_font=\u00bb||||||||\u00bb header_3_text_color=\u00bb#000000&#8243; global_colors_info=\u00bb{}\u00bb]<\/p>\n<h2><img decoding=\"async\" class=\"wp-image-3658 alignleft size-full\" src=\"https:\/\/hytt.eu\/wp-content\/uploads\/2019\/10\/PigMiddel-1.svg\" alt=\"\" width=\"250.08\" height=\"250.08\" srcset=\"https:\/\/hytt.eu\/wp-content\/uploads\/\/2019\/10\/PigMiddel-1.svg 150w, https:\/\/hytt.eu\/wp-content\/uploads\/\/2019\/10\/PigMiddel-1.svg 300w, https:\/\/hytt.eu\/wp-content\/uploads\/\/2019\/10\/PigMiddel-1.svg 1024w, https:\/\/hytt.eu\/wp-content\/uploads\/\/2019\/10\/PigMiddel-1.svg 250w\" sizes=\"(max-width: 250px) 100vw, 250px\" \/>Industria de la transformaci\u00f3n del cerdo<\/h2>\n<p>HYTT ofrece soluciones de vac\u00edo de alta calidad para mataderos de cerdos y se especializa en el transporte interno de desechos y subproductos de cerdos. HYTT utiliza un sistema de tubos cerrados que aspira los residuos y productos del \u00e1rea de producci\u00f3n a un punto central en alg\u00fan lugar de la planta. Al utilizar un sistema de tubos cerrados, hay muchas menos posibilidades de contaminaci\u00f3n cruzada. Adem\u00e1s de esta enorme ventaja, el sistema HYTT tambi\u00e9n mejora la higiene y la seguridad en general y reduce los costes de mano de obra.<br \/>\n[\/et_pb_text][et_pb_divider color=\u00bb#000000&#8243; divider_weight=\u00bb2px\u00bb _builder_version=\u00bb3.25.3&#8243; width=\u00bb15%\u00bb module_alignment=\u00bbright\u00bb custom_margin=\u00bb-25px||\u00bb global_colors_info=\u00bb{}\u00bb][\/et_pb_divider][\/et_pb_column][et_pb_column type=\u00bb2_5&#8243; _builder_version=\u00bb3.25.3&#8243; global_colors_info=\u00bb{}\u00bb][et_pb_video src=\u00bbhttps:\/\/www.youtube.com\/watch?v=6RBnuG0FpeM&#038;t=1s\u00bb image_src=\u00bbhttps:\/\/hytt.eu\/wp-content\/uploads\/2019\/10\/cattle_overlay_v3.svg\u00bb play_icon_color=\u00bb#000000&#8243; thumbnail_overlay_color=\u00bbrgba(0,0,0,0.6)\u00bb _builder_version=\u00bb3.25.3&#8243; global_colors_info=\u00bb{}\u00bb][\/et_pb_video][\/et_pb_column][\/et_pb_row][et_pb_row _builder_version=\u00bb3.25.3&#8243; custom_padding=\u00bb||12px|||\u00bb global_colors_info=\u00bb{}\u00bb][et_pb_column type=\u00bb4_4&#8243; _builder_version=\u00bb3.25.3&#8243; global_colors_info=\u00bb{}\u00bb][et_pb_text _builder_version=\u00bb4.9.2&#8243; text_font=\u00bb||||||||\u00bb text_text_color=\u00bb#000000&#8243; text_font_size=\u00bb15px\u00bb header_font=\u00bb||||||||\u00bb header_text_color=\u00bb#000000&#8243; header_2_font=\u00bb||||||||\u00bb header_2_text_color=\u00bb#000000&#8243; header_2_font_size=\u00bb45px\u00bb header_3_font=\u00bb||||||||\u00bb header_3_text_color=\u00bb#000000&#8243; custom_padding=\u00bb||0px|||\u00bb global_colors_info=\u00bb{}\u00bb]<\/p>\n<h2 style=\"text-align: center;\">Productos transportables<\/h2>\n<p>[\/et_pb_text][\/et_pb_column][\/et_pb_row][et_pb_row column_structure=\u00bb1_3,1_3,1_3&#8243; _builder_version=\u00bb3.25.3&#8243; custom_padding=\u00bb5px|||||\u00bb global_colors_info=\u00bb{}\u00bb][et_pb_column type=\u00bb1_3&#8243; _builder_version=\u00bb3.25.3&#8243; global_colors_info=\u00bb{}\u00bb][et_pb_text _builder_version=\u00bb4.9.2&#8243; text_font=\u00bb||||||||\u00bb text_font_size=\u00bb15px\u00bb global_colors_info=\u00bb{}\u00bb]<\/p>\n<ul>\n<li>Sangre<\/li>\n<li>U\u00f1as de los cascos<\/li>\n<li>Pelo<\/li>\n<li>Genitales<\/li>\n<li>Ojos<\/li>\n<li>Orejas<\/li>\n<\/ul>\n<p>[\/et_pb_text][\/et_pb_column][et_pb_column type=\u00bb1_3&#8243; _builder_version=\u00bb3.25.3&#8243; global_colors_info=\u00bb{}\u00bb][et_pb_text _builder_version=\u00bb4.9.2&#8243; text_font=\u00bb||||||||\u00bb text_font_size=\u00bb15px\u00bb global_colors_info=\u00bb{}\u00bb]<\/p>\n<ul>\n<li>Aur\u00edcula<\/li>\n<li>Desechos para la extracci\u00f3n de \u00f3rganos<\/li>\n<li>Recorte de la canal<\/li>\n<li>\u00d3rganos rechazados por el inspector<\/li>\n<li>Desechos de la planta de procesamiento de \u00f3rganos<\/li>\n<li>Paquete de \u00f3rganos de la l\u00ednea de sacrificio a la sala de v\u00edsceras<\/li>\n<\/ul>\n<p>[\/et_pb_text][\/et_pb_column][et_pb_column type=\u00bb1_3&#8243; _builder_version=\u00bb3.25.3&#8243; global_colors_info=\u00bb{}\u00bb][et_pb_text _builder_version=\u00bb4.9.2&#8243; text_font=\u00bb||||||||\u00bb text_font_size=\u00bb15px\u00bb global_colors_info=\u00bb{}\u00bb]<\/p>\n<ul>\n<li>Huesos triturados<\/li>\n<li>Subproducto MDM<\/li>\n<li>Carne de cantina<\/li>\n<li>M\u00e9dula espinal<\/li>\n<li>Grasa (manteca de cerdo), grasa de recorte<\/li>\n<\/ul>\n<p>[\/et_pb_text][\/et_pb_column][\/et_pb_row][\/et_pb_section][et_pb_section fb_built=\u00bb1&#8243; next_background_color=\u00bb#ffffff\u00bb _builder_version=\u00bb3.25.3&#8243; background_color=\u00bb#ededed\u00bb custom_margin=\u00bb-65px|||||\u00bb custom_padding=\u00bb||84px|||\u00bb bottom_divider_style=\u00bbslant2&#8243; bottom_divider_height=\u00bb61px\u00bb global_colors_info=\u00bb{}\u00bb][et_pb_row _builder_version=\u00bb3.25.3&#8243; custom_padding=\u00bb0px||0px|||\u00bb global_colors_info=\u00bb{}\u00bb][et_pb_column type=\u00bb4_4&#8243; _builder_version=\u00bb3.25.3&#8243; global_colors_info=\u00bb{}\u00bb][et_pb_text _builder_version=\u00bb3.27.4&#8243; text_font=\u00bb||||||||\u00bb text_text_color=\u00bb#000000&#8243; text_font_size=\u00bb15px\u00bb header_font=\u00bb||||||||\u00bb header_text_color=\u00bb#000000&#8243; header_2_font=\u00bb||||||||\u00bb header_2_text_color=\u00bb#000000&#8243; header_2_font_size=\u00bb45px\u00bb header_3_font=\u00bb||||||||\u00bb header_3_text_color=\u00bb#000000&#8243; custom_padding=\u00bb||25px|||\u00bb global_colors_info=\u00bb{}\u00bb]<\/p>\n<h2 style=\"text-align: center;\">Beneficios del sistema<\/h2>\n<p>[\/et_pb_text][\/et_pb_column][\/et_pb_row][et_pb_row column_structure=\u00bb1_4,1_4,1_4,1_4&#8243; _builder_version=\u00bb4.14.8&#8243; custom_margin=\u00bb23px|auto|0px|auto||\u00bb custom_padding=\u00bb3px|||||\u00bb global_colors_info=\u00bb{}\u00bb][et_pb_column type=\u00bb1_4&#8243; _builder_version=\u00bb3.25.3&#8243; global_colors_info=\u00bb{}\u00bb][et_pb_blurb title=\u00bbLos residuos no se acumulan en la zona de producci\u00f3n de alimentos\u00bb image=\u00bbhttps:\/\/hytt.eu\/wp-content\/uploads\/2019\/10\/Food_Area_Rund.svg\u00bb image_icon_width=\u00bb40%\u00bb _builder_version=\u00bb4.13.0&#8243; header_level=\u00bbh3&#8243; header_font=\u00bb||||||||\u00bb header_text_color=\u00bb#000000&#8243; body_font=\u00bb||||||||\u00bb text_orientation=\u00bbcenter\u00bb image_max_width=\u00bb40%\u00bb global_colors_info=\u00bb{}\u00bb][\/et_pb_blurb][\/et_pb_column][et_pb_column type=\u00bb1_4&#8243; _builder_version=\u00bb3.25.3&#8243; global_colors_info=\u00bb{}\u00bb][et_pb_blurb title=\u00bbEntorno de trabajo m\u00e1s limpio\u00bb image=\u00bbhttps:\/\/hytt.eu\/wp-content\/uploads\/2019\/10\/Hygiene-1.svg\u00bb image_icon_width=\u00bb40%\u00bb _builder_version=\u00bb4.13.0&#8243; header_level=\u00bbh3&#8243; header_font=\u00bb||||||||\u00bb header_text_align=\u00bbcenter\u00bb header_text_color=\u00bb#000000&#8243; body_font=\u00bb||||||||\u00bb image_max_width=\u00bb40%\u00bb global_colors_info=\u00bb{}\u00bb][\/et_pb_blurb][\/et_pb_column][et_pb_column type=\u00bb1_4&#8243; _builder_version=\u00bb3.25.3&#8243; global_colors_info=\u00bb{}\u00bb][et_pb_blurb title=\u00bbReduce los costes de transporte interno\u00bb image=\u00bbhttps:\/\/hytt.eu\/wp-content\/uploads\/2019\/10\/Kostenreductie-1.svg\u00bb image_icon_width=\u00bb40%\u00bb _builder_version=\u00bb4.13.0&#8243; header_level=\u00bbh3&#8243; header_font=\u00bb||||||||\u00bb header_text_align=\u00bbcenter\u00bb header_text_color=\u00bb#000000&#8243; body_font=\u00bb||||||||\u00bb image_max_width=\u00bb40%\u00bb global_colors_info=\u00bb{}\u00bb][\/et_pb_blurb][\/et_pb_column][et_pb_column type=\u00bb1_4&#8243; _builder_version=\u00bb3.25.3&#8243; global_colors_info=\u00bb{}\u00bb][et_pb_blurb title=\u00bbReducci\u00f3n de la mano de obra necesaria\u00bb image=\u00bbhttps:\/\/hytt.eu\/wp-content\/uploads\/2019\/10\/Arbeid-1.svg\u00bb image_icon_width=\u00bb40%\u00bb _builder_version=\u00bb4.13.0&#8243; header_level=\u00bbh3&#8243; header_font=\u00bb||||||||\u00bb header_text_align=\u00bbcenter\u00bb header_text_color=\u00bb#000000&#8243; body_font=\u00bb||||||||\u00bb image_max_width=\u00bb40%\u00bb global_colors_info=\u00bb{}\u00bb][\/et_pb_blurb][\/et_pb_column][\/et_pb_row][\/et_pb_section][et_pb_section fb_built=\u00bb1&#8243; _builder_version=\u00bb3.25.3&#8243; background_color=\u00bb#ffffff\u00bb custom_padding=\u00bb0px||0px|||\u00bb global_colors_info=\u00bb{}\u00bb][et_pb_row _builder_version=\u00bb3.25.3&#8243; custom_padding=\u00bb||0px|||\u00bb global_colors_info=\u00bb{}\u00bb][et_pb_column type=\u00bb4_4&#8243; _builder_version=\u00bb3.25.3&#8243; global_colors_info=\u00bb{}\u00bb][et_pb_text _builder_version=\u00bb3.27.4&#8243; text_font=\u00bbDosis|700|||||||\u00bb text_text_color=\u00bb#000000&#8243; text_font_size=\u00bb45px\u00bb text_line_height=\u00bb1em\u00bb header_font=\u00bb||||||||\u00bb header_2_font=\u00bb||||||||\u00bb header_2_text_color=\u00bb#000000&#8243; header_2_font_size=\u00bb45px\u00bb min_height=\u00bb76px\u00bb global_colors_info=\u00bb{}\u00bb]<\/p>\n<h2 style=\"text-align: center;\">Nuestros referentes<\/h2>\n<p>[\/et_pb_text][\/et_pb_column][\/et_pb_row][et_pb_row column_structure=\u00bb1_6,1_6,1_6,1_6,1_6,1_6&#8243; _builder_version=\u00bb4.14.8&#8243; custom_margin=\u00bb24px|auto|4px|auto||\u00bb custom_padding=\u00bb0px||11px|||\u00bb global_colors_info=\u00bb{}\u00bb][et_pb_column type=\u00bb1_6&#8243; _builder_version=\u00bb3.25.3&#8243; global_colors_info=\u00bb{}\u00bb][et_pb_blurb url=\u00bbhttps:\/\/www.westvlees.com\/nl\u00bb url_new_window=\u00bbon\u00bb image=\u00bbhttps:\/\/hytt.eu\/wp-content\/uploads\/2019\/04\/Westvlees-logo.png\u00bb _builder_version=\u00bb4.13.0&#8243; custom_margin=\u00bb||\u00bb global_colors_info=\u00bb{}\u00bb][\/et_pb_blurb][\/et_pb_column][et_pb_column type=\u00bb1_6&#8243; _builder_version=\u00bb3.25.3&#8243; global_colors_info=\u00bb{}\u00bb][et_pb_blurb url=\u00bbhttp:\/\/home.dodram.com\/\u00bb url_new_window=\u00bbon\u00bb image=\u00bbhttps:\/\/hytt.eu\/wp-content\/uploads\/2019\/05\/dodram-logo.png\u00bb _builder_version=\u00bb4.13.0&#8243; global_colors_info=\u00bb{}\u00bb][\/et_pb_blurb][\/et_pb_column][et_pb_column type=\u00bb1_6&#8243; _builder_version=\u00bb3.25.3&#8243; global_colors_info=\u00bb{}\u00bb][et_pb_blurb url=\u00bbhttps:\/\/www.patel.es\/es\/frivall.html\u00bb image=\u00bbhttps:\/\/hytt.eu\/wp-content\/uploads\/2019\/04\/frivall-logo.jpg\u00bb _builder_version=\u00bb4.13.0&#8243; custom_margin=\u00bb-32px||\u00bb global_colors_info=\u00bb{}\u00bb][\/et_pb_blurb][\/et_pb_column][et_pb_column type=\u00bb1_6&#8243; _builder_version=\u00bb3.25.3&#8243; global_colors_info=\u00bb{}\u00bb][et_pb_blurb url=\u00bbhttps:\/\/www.patel.es\/es\/frivall.html\u00bb url_new_window=\u00bbon\u00bb image=\u00bbhttps:\/\/hytt.eu\/wp-content\/uploads\/2019\/04\/Cincovillas-logo.jpg\u00bb _builder_version=\u00bb4.13.0&#8243; custom_margin=\u00bb-35px||\u00bb global_colors_info=\u00bb{}\u00bb][\/et_pb_blurb][\/et_pb_column][et_pb_column type=\u00bb1_6&#8243; _builder_version=\u00bb3.25.3&#8243; global_colors_info=\u00bb{}\u00bb][et_pb_blurb url=\u00bbhttps:\/\/www.patel.es\/es\/frivall.html\u00bb url_new_window=\u00bbon\u00bb image=\u00bbhttps:\/\/hytt.eu\/wp-content\/uploads\/2022\/05\/olotmeats.png\u00bb _builder_version=\u00bb4.14.8&#8243; custom_margin=\u00bb-35px||\u00bb global_colors_info=\u00bb{}\u00bb][\/et_pb_blurb][\/et_pb_column][et_pb_column type=\u00bb1_6&#8243; _builder_version=\u00bb3.25.3&#8243; global_colors_info=\u00bb{}\u00bb][et_pb_blurb url=\u00bbhttps:\/\/www.patel.es\/es\/frivall.html\u00bb url_new_window=\u00bbon\u00bb image=\u00bbhttps:\/\/hytt.eu\/wp-content\/uploads\/2022\/05\/Rivona-logo.png\u00bb _builder_version=\u00bb4.14.8&#8243; custom_margin=\u00bb-35px||\u00bb global_colors_info=\u00bb{}\u00bb][\/et_pb_blurb][\/et_pb_column][\/et_pb_row][\/et_pb_section][et_pb_section fb_built=\u00bb1&#8243; prev_background_color=\u00bb#ffffff\u00bb _builder_version=\u00bb3.25.3&#8243; background_color=\u00bb#9c154f\u00bb min_height=\u00bb222px\u00bb custom_margin=\u00bb-12px|||||\u00bb custom_padding=\u00bb78px||1px|||\u00bb top_divider_style=\u00bbslant2&#8243; top_divider_height=\u00bb50px\u00bb top_divider_flip=\u00bbvertical\u00bb bottom_divider_height=\u00bb50px\u00bb bottom_divider_flip=\u00bbvertical\u00bb global_colors_info=\u00bb{}\u00bb][et_pb_row column_structure=\u00bb3_4,1_4&#8243; _builder_version=\u00bb3.25.3&#8243; custom_padding=\u00bb30px||\u00bb global_colors_info=\u00bb{}\u00bb][et_pb_column type=\u00bb3_4&#8243; _builder_version=\u00bb3.25.3&#8243; global_colors_info=\u00bb{}\u00bb][et_pb_text _builder_version=\u00bb3.27.4&#8243; text_font=\u00bbDosis|700|||||||\u00bb text_text_color=\u00bb#ffffff\u00bb text_font_size=\u00bb45px\u00bb header_font=\u00bb||||||||\u00bb header_2_font=\u00bb||||||||\u00bb header_2_text_color=\u00bb#ffffff\u00bb header_2_font_size=\u00bb45px\u00bb global_colors_info=\u00bb{}\u00bb]<\/p>\n<h2 style=\"text-align: center;\">\u00bfTiene curiosidad por saber qu\u00e9 podemos hacer por usted?<\/h2>\n<p>[\/et_pb_text][\/et_pb_column][et_pb_column type=\u00bb1_4&#8243; _builder_version=\u00bb3.25.3&#8243; global_colors_info=\u00bb{}\u00bb][et_pb_button button_url=\u00bbhttps:\/\/hytt.eu\/es\/contacto\/\u00bb button_text=\u00bbContacto\u00bb _builder_version=\u00bb4.13.0&#8243; custom_button=\u00bbon\u00bb button_text_size=\u00bb26px\u00bb button_text_color=\u00bb#ffffff\u00bb button_bg_color=\u00bbrgba(0,0,0,0)\u00bb button_border_color=\u00bb#ffffff\u00bb button_border_radius=\u00bb3px\u00bb button_font=\u00bbDosis|600||on|||||\u00bb button_icon=\u00bb&#x35;||divi||400&#8243; background_layout=\u00bbdark\u00bb custom_margin=\u00bb-15px||\u00bb global_colors_info=\u00bb{}\u00bb button_text_color__hover_enabled=\u00bbon\u00bb button_text_color__hover=\u00bb#000000&#8243; button_bg_color__hover_enabled=\u00bbon\u00bb button_bg_color__hover=\u00bbrgba(0,0,0,0)\u00bb button_bg_enable_color__hover=\u00bbon\u00bb button_border_color__hover_enabled=\u00bbon\u00bb button_border_color__hover=\u00bb#000000&#8243;][\/et_pb_button][\/et_pb_column][\/et_pb_row][\/et_pb_section]<\/p>\n","protected":false},"excerpt":{"rendered":"<p>Industria de la transformaci\u00f3n del cerdo HYTT ofrece soluciones de vac\u00edo de alta calidad para mataderos de cerdos y se especializa en el transporte interno de desechos y subproductos de cerdos. HYTT utiliza un sistema de tubos cerrados que aspira los residuos y productos del \u00e1rea de producci\u00f3n a un punto central en alg\u00fan lugar [&hellip;]<\/p>\n","protected":false},"author":2,"featured_media":0,"parent":0,"menu_order":0,"comment_status":"closed","ping_status":"closed","template":"","meta":{"_et_pb_use_builder":"on","_et_pb_old_content":"","_et_gb_content_width":"","footnotes":""},"class_list":["post-2903","page","type-page","status-publish","hentry"],"yoast_head":"<!-- This site is optimized with the Yoast SEO plugin v18.2 - https:\/\/yoast.com\/wordpress\/plugins\/seo\/ -->\n<title>Transporte interno de residuos en la industria de transformaci\u00f3n de cerdos - HYTT<\/title>\n<meta name=\"description\" content=\"HYTT proporciona soluciones de vac\u00edo de alta gama para el transporte interno de residuos en la industria de procesamiento de cerdos para garantizar la seguridad alimentaria\" \/>\n<meta name=\"robots\" content=\"index, follow, max-snippet:-1, max-image-preview:large, max-video-preview:-1\" \/>\n<link rel=\"canonical\" href=\"https:\/\/hytt.eu\/es\/soluciones-para-cerdos\/\" \/>\n<meta property=\"og:locale\" content=\"es_ES\" \/>\n<meta property=\"og:type\" content=\"article\" \/>\n<meta property=\"og:title\" content=\"Transporte interno de residuos en la industria de transformaci\u00f3n de cerdos - HYTT\" \/>\n<meta property=\"og:description\" content=\"HYTT proporciona soluciones de vac\u00edo de alta gama para el transporte interno de residuos en la industria de procesamiento de cerdos para garantizar la seguridad alimentaria\" \/>\n<meta property=\"og:url\" content=\"https:\/\/hytt.eu\/es\/soluciones-para-cerdos\/\" \/>\n<meta property=\"og:site_name\" content=\"HYTT\" \/>\n<meta property=\"article:modified_time\" content=\"2022-06-01T06:42:46+00:00\" \/>\n<meta property=\"og:image\" content=\"https:\/\/hytt.eu\/wp-content\/uploads\/2019\/10\/PigMiddel-1.svg\" \/>\n<meta name=\"twitter:card\" content=\"summary_large_image\" \/>\n<meta name=\"twitter:label1\" content=\"Tiempo de lectura\" \/>\n\t<meta name=\"twitter:data1\" content=\"8 minutos\" \/>\n<script type=\"application\/ld+json\" class=\"yoast-schema-graph\">{\"@context\":\"https:\/\/schema.org\",\"@graph\":[{\"@type\":\"Organization\",\"@id\":\"https:\/\/hytt.eu\/#organization\",\"name\":\"HYTT Hygienic Transport Systems & Technologies\",\"url\":\"https:\/\/hytt.eu\/\",\"sameAs\":[\"https:\/\/www.linkedin.com\/company\/hytt-hygienic-transport-systems-technologies\",\"https:\/\/www.youtube.com\/channel\/UC3GeBVI3O47wUcLwTijHTbg\"],\"logo\":{\"@type\":\"ImageObject\",\"@id\":\"https:\/\/hytt.eu\/#logo\",\"inLanguage\":\"es\",\"url\":\"https:\/\/hytt.eu\/wp-content\/uploads\/2019\/02\/Logo_HYTT-1024x993.jpg\",\"contentUrl\":\"https:\/\/hytt.eu\/wp-content\/uploads\/2019\/02\/Logo_HYTT-1024x993.jpg\",\"width\":1024,\"height\":993,\"caption\":\"HYTT Hygienic Transport Systems & Technologies\"},\"image\":{\"@id\":\"https:\/\/hytt.eu\/#logo\"}},{\"@type\":\"WebSite\",\"@id\":\"https:\/\/hytt.eu\/#website\",\"url\":\"https:\/\/hytt.eu\/\",\"name\":\"HYTT\",\"description\":\"Hygienic Transport systems &amp; Techologies\",\"publisher\":{\"@id\":\"https:\/\/hytt.eu\/#organization\"},\"potentialAction\":[{\"@type\":\"SearchAction\",\"target\":{\"@type\":\"EntryPoint\",\"urlTemplate\":\"https:\/\/hytt.eu\/?s={search_term_string}\"},\"query-input\":\"required name=search_term_string\"}],\"inLanguage\":\"es\"},{\"@type\":\"ImageObject\",\"@id\":\"https:\/\/hytt.eu\/es\/soluciones-para-cerdos\/#primaryimage\",\"inLanguage\":\"es\",\"url\":\"https:\/\/hytt.eu\/wp-content\/uploads\/2019\/10\/PigMiddel-1.svg\",\"contentUrl\":\"https:\/\/hytt.eu\/wp-content\/uploads\/2019\/10\/PigMiddel-1.svg\",\"width\":250,\"height\":250},{\"@type\":\"WebPage\",\"@id\":\"https:\/\/hytt.eu\/es\/soluciones-para-cerdos\/#webpage\",\"url\":\"https:\/\/hytt.eu\/es\/soluciones-para-cerdos\/\",\"name\":\"Transporte interno de residuos en la industria de transformaci\u00f3n de cerdos - HYTT\",\"isPartOf\":{\"@id\":\"https:\/\/hytt.eu\/#website\"},\"primaryImageOfPage\":{\"@id\":\"https:\/\/hytt.eu\/es\/soluciones-para-cerdos\/#primaryimage\"},\"datePublished\":\"2019-07-01T13:09:25+00:00\",\"dateModified\":\"2022-06-01T06:42:46+00:00\",\"description\":\"HYTT proporciona soluciones de vac\u00edo de alta gama para el transporte interno de residuos en la industria de procesamiento de cerdos para garantizar la seguridad alimentaria\",\"breadcrumb\":{\"@id\":\"https:\/\/hytt.eu\/es\/soluciones-para-cerdos\/#breadcrumb\"},\"inLanguage\":\"es\",\"potentialAction\":[{\"@type\":\"ReadAction\",\"target\":[\"https:\/\/hytt.eu\/es\/soluciones-para-cerdos\/\"]}]},{\"@type\":\"BreadcrumbList\",\"@id\":\"https:\/\/hytt.eu\/es\/soluciones-para-cerdos\/#breadcrumb\",\"itemListElement\":[{\"@type\":\"ListItem\",\"position\":1,\"name\":\"Home\",\"item\":\"https:\/\/hytt.eu\/es\/\"},{\"@type\":\"ListItem\",\"position\":2,\"name\":\"Industria de transformaci\u00f3n del cerdo\"}]}]}<\/script>\n<!-- \/ Yoast SEO plugin. -->","yoast_head_json":{"title":"Transporte interno de residuos en la industria de transformaci\u00f3n de cerdos - HYTT","description":"HYTT proporciona soluciones de vac\u00edo de alta gama para el transporte interno de residuos en la industria de procesamiento de cerdos para garantizar la seguridad alimentaria","robots":{"index":"index","follow":"follow","max-snippet":"max-snippet:-1","max-image-preview":"max-image-preview:large","max-video-preview":"max-video-preview:-1"},"canonical":"https:\/\/hytt.eu\/es\/soluciones-para-cerdos\/","og_locale":"es_ES","og_type":"article","og_title":"Transporte interno de residuos en la industria de transformaci\u00f3n de cerdos - HYTT","og_description":"HYTT proporciona soluciones de vac\u00edo de alta gama para el transporte interno de residuos en la industria de procesamiento de cerdos para garantizar la seguridad alimentaria","og_url":"https:\/\/hytt.eu\/es\/soluciones-para-cerdos\/","og_site_name":"HYTT","article_modified_time":"2022-06-01T06:42:46+00:00","og_image":[{"url":"https:\/\/hytt.eu\/wp-content\/uploads\/2019\/10\/PigMiddel-1.svg"}],"twitter_card":"summary_large_image","twitter_misc":{"Tiempo de lectura":"8 minutos"},"schema":{"@context":"https:\/\/schema.org","@graph":[{"@type":"Organization","@id":"https:\/\/hytt.eu\/#organization","name":"HYTT Hygienic Transport Systems & Technologies","url":"https:\/\/hytt.eu\/","sameAs":["https:\/\/www.linkedin.com\/company\/hytt-hygienic-transport-systems-technologies","https:\/\/www.youtube.com\/channel\/UC3GeBVI3O47wUcLwTijHTbg"],"logo":{"@type":"ImageObject","@id":"https:\/\/hytt.eu\/#logo","inLanguage":"es","url":"https:\/\/hytt.eu\/wp-content\/uploads\/2019\/02\/Logo_HYTT-1024x993.jpg","contentUrl":"https:\/\/hytt.eu\/wp-content\/uploads\/2019\/02\/Logo_HYTT-1024x993.jpg","width":1024,"height":993,"caption":"HYTT Hygienic Transport Systems & Technologies"},"image":{"@id":"https:\/\/hytt.eu\/#logo"}},{"@type":"WebSite","@id":"https:\/\/hytt.eu\/#website","url":"https:\/\/hytt.eu\/","name":"HYTT","description":"Hygienic Transport systems &amp; Techologies","publisher":{"@id":"https:\/\/hytt.eu\/#organization"},"potentialAction":[{"@type":"SearchAction","target":{"@type":"EntryPoint","urlTemplate":"https:\/\/hytt.eu\/?s={search_term_string}"},"query-input":"required name=search_term_string"}],"inLanguage":"es"},{"@type":"ImageObject","@id":"https:\/\/hytt.eu\/es\/soluciones-para-cerdos\/#primaryimage","inLanguage":"es","url":"https:\/\/hytt.eu\/wp-content\/uploads\/2019\/10\/PigMiddel-1.svg","contentUrl":"https:\/\/hytt.eu\/wp-content\/uploads\/2019\/10\/PigMiddel-1.svg","width":250,"height":250},{"@type":"WebPage","@id":"https:\/\/hytt.eu\/es\/soluciones-para-cerdos\/#webpage","url":"https:\/\/hytt.eu\/es\/soluciones-para-cerdos\/","name":"Transporte interno de residuos en la industria de transformaci\u00f3n de cerdos - HYTT","isPartOf":{"@id":"https:\/\/hytt.eu\/#website"},"primaryImageOfPage":{"@id":"https:\/\/hytt.eu\/es\/soluciones-para-cerdos\/#primaryimage"},"datePublished":"2019-07-01T13:09:25+00:00","dateModified":"2022-06-01T06:42:46+00:00","description":"HYTT proporciona soluciones de vac\u00edo de alta gama para el transporte interno de residuos en la industria de procesamiento de cerdos para garantizar la seguridad alimentaria","breadcrumb":{"@id":"https:\/\/hytt.eu\/es\/soluciones-para-cerdos\/#breadcrumb"},"inLanguage":"es","potentialAction":[{"@type":"ReadAction","target":["https:\/\/hytt.eu\/es\/soluciones-para-cerdos\/"]}]},{"@type":"BreadcrumbList","@id":"https:\/\/hytt.eu\/es\/soluciones-para-cerdos\/#breadcrumb","itemListElement":[{"@type":"ListItem","position":1,"name":"Home","item":"https:\/\/hytt.eu\/es\/"},{"@type":"ListItem","position":2,"name":"Industria de transformaci\u00f3n del cerdo"}]}]}},"_links":{"self":[{"href":"https:\/\/hytt.eu\/es\/wp-json\/wp\/v2\/pages\/2903","targetHints":{"allow":["GET"]}}],"collection":[{"href":"https:\/\/hytt.eu\/es\/wp-json\/wp\/v2\/pages"}],"about":[{"href":"https:\/\/hytt.eu\/es\/wp-json\/wp\/v2\/types\/page"}],"author":[{"embeddable":true,"href":"https:\/\/hytt.eu\/es\/wp-json\/wp\/v2\/users\/2"}],"replies":[{"embeddable":true,"href":"https:\/\/hytt.eu\/es\/wp-json\/wp\/v2\/comments?post=2903"}],"version-history":[{"count":0,"href":"https:\/\/hytt.eu\/es\/wp-json\/wp\/v2\/pages\/2903\/revisions"}],"wp:attachment":[{"href":"https:\/\/hytt.eu\/es\/wp-json\/wp\/v2\/media?parent=2903"}],"curies":[{"name":"wp","href":"https:\/\/api.w.org\/{rel}","templated":true}]}}