{"id":2883,"date":"2019-06-28T07:26:08","date_gmt":"2019-06-28T07:26:08","guid":{"rendered":"https:\/\/hytt.eu\/soluciones-de-frutas-y-verduras\/"},"modified":"2022-06-01T06:31:15","modified_gmt":"2022-06-01T06:31:15","slug":"soluciones-para-frutas-verduras","status":"publish","type":"page","link":"https:\/\/hytt.eu\/es\/soluciones-para-frutas-verduras\/","title":{"rendered":"Industria de transformaci\u00f3n de frutas y hortalizas"},"content":{"rendered":"<p>[et_pb_section fb_built=\u00bb1&#8243; fullwidth=\u00bbon\u00bb admin_label=\u00bbSection\u00bb _builder_version=\u00bb4.9.2&#8243; bottom_divider_style=\u00bbslant2&#8243; bottom_divider_color=\u00bb#ffffff\u00bb bottom_divider_height=\u00bb45px\u00bb bottom_divider_flip=\u00bbvertical\u00bb global_colors_info=\u00bb{}\u00bb][et_pb_fullwidth_header title=\u00bbINDUSTRIA DE TRANSFORMACI\u00d3N DE FRUTAS Y HORTALIZAS\u00bb _builder_version=\u00bb4.9.2&#8243; title_font=\u00bb||||||||\u00bb title_text_align=\u00bbcenter\u00bb background_image=\u00bbhttps:\/\/hytt.eu\/wp-content\/uploads\/2019\/04\/slider-vegetables.jpg\u00bb custom_padding=\u00bb||100px|||\u00bb global_colors_info=\u00bb{}\u00bb][\/et_pb_fullwidth_header][\/et_pb_section][et_pb_section fb_built=\u00bb1&#8243; _builder_version=\u00bb3.25.3&#8243; custom_padding=\u00bb||0px|||\u00bb top_divider_color=\u00bb#ffffff\u00bb top_divider_flip=\u00bbhorizontal\u00bb global_colors_info=\u00bb{}\u00bb][et_pb_row column_structure=\u00bb3_5,2_5&#8243; _builder_version=\u00bb3.25.3&#8243; global_colors_info=\u00bb{}\u00bb][et_pb_column type=\u00bb3_5&#8243; _builder_version=\u00bb3.25.3&#8243; global_colors_info=\u00bb{}\u00bb][et_pb_text _builder_version=\u00bb4.9.2&#8243; text_font=\u00bb||||||||\u00bb text_text_color=\u00bb#6b6b6b\u00bb text_font_size=\u00bb15px\u00bb header_font=\u00bb||||||||\u00bb header_text_color=\u00bb#000000&#8243; header_2_font=\u00bb||||||||\u00bb header_2_text_color=\u00bb#000000&#8243; header_2_font_size=\u00bb45px\u00bb header_3_font=\u00bb||||||||\u00bb header_3_text_color=\u00bb#000000&#8243; global_colors_info=\u00bb{}\u00bb]<\/p>\n<h2><img loading=\"lazy\" decoding=\"async\" class=\"wp-image-3645 alignleft size-thumbnail\" src=\"https:\/\/hytt.eu\/wp-content\/uploads\/2019\/10\/FruitMiddel-1.svg\" alt=\"\" width=\"135\" height=\"150\" \/>Industria de transformaci\u00f3n de frutas y hortalizasrutas &amp; Verduras<\/h2>\n<p>HYTT ofrece soluciones de vac\u00edo de alta gama para los residuos de frutas y verduras y est\u00e1 especializada en el transporte interno de residuos y flujos residuales. HYTT utiliza un sistema de tuber\u00edas cerrado que aspira los residuos o productos fuera del \u00e1rea de producci\u00f3n a un punto central en otra parte de la planta de procesamiento de frutas y\/o verduras. Al utilizar un sistema de tuber\u00edas cerrado, se reduce considerablemente el riesgo de contaminaci\u00f3n cruzada. Adem\u00e1s de este gran beneficio, el sistema HYTT tambi\u00e9n mejora la higiene general, la seguridad y tambi\u00e9n reduce la mano de obra necesaria. Gracias al sistema de vac\u00edo HYTT, se elimina el transporte manual interno de los residuos.<\/p>\n<p>[\/et_pb_text][et_pb_divider color=\u00bb#000000&#8243; divider_weight=\u00bb2px\u00bb _builder_version=\u00bb3.25.3&#8243; width=\u00bb15%\u00bb module_alignment=\u00bbright\u00bb custom_margin=\u00bb-25px||\u00bb global_colors_info=\u00bb{}\u00bb][\/et_pb_divider][et_pb_text _builder_version=\u00bb4.9.2&#8243; header_font=\u00bb||||||||\u00bb header_2_font=\u00bb||||||||\u00bb header_2_text_color=\u00bb#000000&#8243; header_2_font_size=\u00bb45px\u00bb global_colors_info=\u00bb{}\u00bb]<\/p>\n<h2 style=\"text-align: left;\">Productos transportables<\/h2>\n<p>[\/et_pb_text][\/et_pb_column][et_pb_column type=\u00bb2_5&#8243; _builder_version=\u00bb3.25.3&#8243; global_colors_info=\u00bb{}\u00bb][et_pb_video src=\u00bbhttps:\/\/www.youtube.com\/watch?v=3WAzuABs4vU\u00bb image_src=\u00bbhttps:\/\/hytt.eu\/wp-content\/uploads\/2019\/10\/fruit_overlay_v3.svg\u00bb play_icon_color=\u00bb#000000&#8243; thumbnail_overlay_color=\u00bbrgba(0,0,0,0.6)\u00bb _builder_version=\u00bb3.25.3&#8243; global_colors_info=\u00bb{}\u00bb][\/et_pb_video][\/et_pb_column][\/et_pb_row][et_pb_row column_structure=\u00bb1_3,1_3,1_3&#8243; _builder_version=\u00bb3.25.3&#8243; custom_padding=\u00bb4px|||||\u00bb global_colors_info=\u00bb{}\u00bb][et_pb_column type=\u00bb1_3&#8243; _builder_version=\u00bb3.25.3&#8243; global_colors_info=\u00bb{}\u00bb][et_pb_blurb _builder_version=\u00bb4.13.0&#8243; header_level=\u00bbh1&#8243; header_font=\u00bb||||||||\u00bb header_text_color=\u00bb#000000&#8243; body_font=\u00bb||||||||\u00bb body_text_color=\u00bb#6b6b6b\u00bb body_font_size=\u00bb15px\u00bb custom_margin=\u00bb-20px|||||\u00bb global_colors_info=\u00bb{}\u00bb]<\/p>\n<ul>\n<li>Residuos de ensalada, hojas, n\u00facleos y recortes<\/li>\n<li>Residuos vegetales<\/li>\n<li>N\u00facleos de fruta, pepitas<\/li>\n<li>Piel de cebolla, cebollas malas y colas superiores<\/li>\n<li>Residuos del suelo<\/li>\n<li>Residuos del \u00e1rea de alta atenci\u00f3n<\/li>\n<\/ul>\n<p>[\/et_pb_blurb][\/et_pb_column][et_pb_column type=\u00bb1_3&#8243; _builder_version=\u00bb3.25.3&#8243; global_colors_info=\u00bb{}\u00bb][et_pb_blurb image=\u00bbhttps:\/\/hytt.eu\/wp-content\/uploads\/2019\/10\/suction-point.jpg\u00bb image_icon_width=\u00bb75%\u00bb _builder_version=\u00bb4.13.0&#8243; custom_margin=\u00bb-20px||\u00bb image_max_width=\u00bb75%\u00bb global_colors_info=\u00bb{}\u00bb][\/et_pb_blurb][\/et_pb_column][et_pb_column type=\u00bb1_3&#8243; _builder_version=\u00bb3.25.3&#8243; global_colors_info=\u00bb{}\u00bb][et_pb_blurb image=\u00bbhttps:\/\/hytt.eu\/wp-content\/uploads\/2019\/10\/collection-container.jpg\u00bb image_icon_width=\u00bb75%\u00bb _builder_version=\u00bb4.13.0&#8243; custom_margin=\u00bb-20px||\u00bb image_max_width=\u00bb75%\u00bb global_colors_info=\u00bb{}\u00bb][\/et_pb_blurb][\/et_pb_column][\/et_pb_row][\/et_pb_section][et_pb_section fb_built=\u00bb1&#8243; next_background_color=\u00bb#ffffff\u00bb _builder_version=\u00bb3.25.3&#8243; background_color=\u00bb#ededed\u00bb custom_padding=\u00bb||84px|||\u00bb bottom_divider_style=\u00bbslant2&#8243; bottom_divider_height=\u00bb61px\u00bb global_colors_info=\u00bb{}\u00bb][et_pb_row _builder_version=\u00bb3.25.3&#8243; custom_padding=\u00bb0px||0px|||\u00bb global_colors_info=\u00bb{}\u00bb][et_pb_column type=\u00bb4_4&#8243; _builder_version=\u00bb3.25.3&#8243; global_colors_info=\u00bb{}\u00bb][et_pb_text _builder_version=\u00bb3.27.4&#8243; text_font=\u00bb||||||||\u00bb text_text_color=\u00bb#000000&#8243; text_font_size=\u00bb15px\u00bb header_font=\u00bb||||||||\u00bb header_text_color=\u00bb#000000&#8243; header_2_font=\u00bb||||||||\u00bb header_2_text_color=\u00bb#000000&#8243; header_2_font_size=\u00bb45px\u00bb header_3_font=\u00bb||||||||\u00bb header_3_text_color=\u00bb#000000&#8243; custom_padding=\u00bb31px||25px|||\u00bb global_colors_info=\u00bb{}\u00bb]<\/p>\n<h2 style=\"text-align: center;\">Beneficios del sistema<\/h2>\n<p>[\/et_pb_text][\/et_pb_column][\/et_pb_row][et_pb_row column_structure=\u00bb1_4,1_4,1_4,1_4&#8243; _builder_version=\u00bb3.25.3&#8243; custom_margin=\u00bb23px|auto|0px|auto||\u00bb custom_padding=\u00bb3px|||||\u00bb global_colors_info=\u00bb{}\u00bb][et_pb_column type=\u00bb1_4&#8243; _builder_version=\u00bb3.25.3&#8243; global_colors_info=\u00bb{}\u00bb][et_pb_blurb title=\u00bbResiduos no se acumulan en un \u00e1rea de producci\u00f3n de alimentos\u00bb image=\u00bbhttps:\/\/hytt.eu\/wp-content\/uploads\/2019\/09\/Food_Area_GF.svg\u00bb image_icon_width=\u00bb40%\u00bb _builder_version=\u00bb4.13.0&#8243; header_level=\u00bbh3&#8243; header_font=\u00bb||||||||\u00bb header_text_color=\u00bb#000000&#8243; body_font=\u00bb||||||||\u00bb text_orientation=\u00bbcenter\u00bb image_max_width=\u00bb40%\u00bb global_colors_info=\u00bb{}\u00bb][\/et_pb_blurb][\/et_pb_column][et_pb_column type=\u00bb1_4&#8243; _builder_version=\u00bb3.25.3&#8243; global_colors_info=\u00bb{}\u00bb][et_pb_blurb title=\u00bbAmbiente de trabajo m\u00e1s limpio\u00bb image=\u00bbhttps:\/\/hytt.eu\/wp-content\/uploads\/2019\/09\/Hygiene.svg\u00bb image_icon_width=\u00bb40%\u00bb _builder_version=\u00bb4.13.0&#8243; header_level=\u00bbh3&#8243; header_font=\u00bb||||||||\u00bb header_text_align=\u00bbcenter\u00bb header_text_color=\u00bb#000000&#8243; body_font=\u00bb||||||||\u00bb image_max_width=\u00bb40%\u00bb global_colors_info=\u00bb{}\u00bb][\/et_pb_blurb][\/et_pb_column][et_pb_column type=\u00bb1_4&#8243; _builder_version=\u00bb3.25.3&#8243; global_colors_info=\u00bb{}\u00bb][et_pb_blurb title=\u00bbReducci\u00f3n de costes de transporte interno\u00bb image=\u00bbhttps:\/\/hytt.eu\/wp-content\/uploads\/2019\/09\/Kostenreductie.svg\u00bb image_icon_width=\u00bb40%\u00bb _builder_version=\u00bb4.13.0&#8243; header_level=\u00bbh3&#8243; header_font=\u00bb||||||||\u00bb header_text_align=\u00bbcenter\u00bb header_text_color=\u00bb#000000&#8243; body_font=\u00bb||||||||\u00bb image_max_width=\u00bb40%\u00bb global_colors_info=\u00bb{}\u00bb][\/et_pb_blurb][\/et_pb_column][et_pb_column type=\u00bb1_4&#8243; _builder_version=\u00bb3.25.3&#8243; global_colors_info=\u00bb{}\u00bb][et_pb_blurb title=\u00bbReducci\u00f3n del trabajo necesario\u00bb image=\u00bbhttps:\/\/hytt.eu\/wp-content\/uploads\/2019\/09\/Arbeid.svg\u00bb image_icon_width=\u00bb40%\u00bb _builder_version=\u00bb4.13.0&#8243; header_level=\u00bbh3&#8243; header_font=\u00bb||||||||\u00bb header_text_align=\u00bbcenter\u00bb header_text_color=\u00bb#000000&#8243; body_font=\u00bb||||||||\u00bb image_max_width=\u00bb40%\u00bb global_colors_info=\u00bb{}\u00bb][\/et_pb_blurb][\/et_pb_column][\/et_pb_row][\/et_pb_section][et_pb_section fb_built=\u00bb1&#8243; _builder_version=\u00bb3.25.3&#8243; background_color=\u00bb#ffffff\u00bb custom_padding=\u00bb0px||0px|||\u00bb global_colors_info=\u00bb{}\u00bb][et_pb_row _builder_version=\u00bb3.25.3&#8243; custom_padding=\u00bb||0px|||\u00bb global_colors_info=\u00bb{}\u00bb][et_pb_column type=\u00bb4_4&#8243; _builder_version=\u00bb3.25.3&#8243; global_colors_info=\u00bb{}\u00bb][et_pb_text _builder_version=\u00bb3.27.4&#8243; text_font=\u00bbDosis|700|||||||\u00bb text_text_color=\u00bb#000000&#8243; text_font_size=\u00bb45px\u00bb text_line_height=\u00bb1em\u00bb header_font=\u00bb||||||||\u00bb header_2_font=\u00bb||||||||\u00bb header_2_text_color=\u00bb#000000&#8243; header_2_font_size=\u00bb45px\u00bb min_height=\u00bb76px\u00bb global_colors_info=\u00bb{}\u00bb]<\/p>\n<h2 style=\"text-align: center;\">Nuestras referencias de frutas y verduras<\/h2>\n<p>[\/et_pb_text][\/et_pb_column][\/et_pb_row][et_pb_row column_structure=\u00bb1_5,1_5,1_5,1_5,1_5&#8243; _builder_version=\u00bb4.14.8&#8243; custom_margin=\u00bb24px|auto|4px|auto||\u00bb custom_padding=\u00bb0px||11px|||\u00bb global_colors_info=\u00bb{}\u00bb][et_pb_column type=\u00bb1_5&#8243; _builder_version=\u00bb3.25.3&#8243; global_colors_info=\u00bb{}\u00bb][et_pb_blurb url=\u00bbhttps:\/\/www.eisberg-oesterreich.at\/de\/\u00bb url_new_window=\u00bbon\u00bb image=\u00bbhttps:\/\/hytt.eu\/wp-content\/uploads\/2019\/09\/1538028678.1718_114_o.jpg\u00bb _builder_version=\u00bb4.13.0&#8243; custom_margin=\u00bb-66px||\u00bb global_colors_info=\u00bb{}\u00bb][\/et_pb_blurb][\/et_pb_column][et_pb_column type=\u00bb1_5&#8243; _builder_version=\u00bb3.25.3&#8243; global_colors_info=\u00bb{}\u00bb][et_pb_blurb url=\u00bbhttps:\/\/www.mirontell.de\/obstsalathersteller.html\u00bb url_new_window=\u00bbon\u00bb image=\u00bbhttps:\/\/hytt.eu\/wp-content\/uploads\/2019\/09\/logo2017.png\u00bb _builder_version=\u00bb4.13.0&#8243; global_colors_info=\u00bb{}\u00bb][\/et_pb_blurb][\/et_pb_column][et_pb_column type=\u00bb1_5&#8243; _builder_version=\u00bb3.25.3&#8243; global_colors_info=\u00bb{}\u00bb][et_pb_blurb url=\u00bbhttp:\/\/www.gessler-muenchensfrische.de\/\u00bb url_new_window=\u00bbon\u00bb image=\u00bbhttps:\/\/hytt.eu\/wp-content\/uploads\/2019\/10\/gesslerlogo.svg\u00bb _builder_version=\u00bb4.13.0&#8243; custom_margin=\u00bb-35px||\u00bb global_colors_info=\u00bb{}\u00bb][\/et_pb_blurb][\/et_pb_column][et_pb_column type=\u00bb1_5&#8243; _builder_version=\u00bb3.25.3&#8243; global_colors_info=\u00bb{}\u00bb][et_pb_blurb url=\u00bbhttp:\/\/www.vanderzijpen.com\/\u00bb url_new_window=\u00bbon\u00bb image=\u00bbhttps:\/\/hytt.eu\/wp-content\/uploads\/2019\/06\/logo-van-der-zijpen.jpg\u00bb _builder_version=\u00bb4.13.0&#8243; custom_margin=\u00bb-8px||\u00bb global_colors_info=\u00bb{}\u00bb][\/et_pb_blurb][\/et_pb_column][et_pb_column type=\u00bb1_5&#8243; _builder_version=\u00bb3.25.3&#8243; global_colors_info=\u00bb{}\u00bb][et_pb_blurb url=\u00bbhttp:\/\/www.vanderzijpen.com\/\u00bb url_new_window=\u00bbon\u00bb image=\u00bbhttps:\/\/hytt.eu\/wp-content\/uploads\/2022\/05\/Wiegert-logo.jpg\u00bb _builder_version=\u00bb4.14.8&#8243; custom_margin=\u00bb-8px||\u00bb hover_enabled=\u00bb0&#8243; global_colors_info=\u00bb{}\u00bb title_text=\u00bbWiegert logo\u00bb sticky_enabled=\u00bb0&#8243;][\/et_pb_blurb][\/et_pb_column][\/et_pb_row][\/et_pb_section][et_pb_section fb_built=\u00bb1&#8243; prev_background_color=\u00bb#ffffff\u00bb _builder_version=\u00bb3.25.3&#8243; background_color=\u00bb#9fcfa0&#8243; min_height=\u00bb222px\u00bb custom_margin=\u00bb-12px|||||\u00bb custom_padding=\u00bb78px||1px|||\u00bb top_divider_style=\u00bbslant2&#8243; top_divider_height=\u00bb50px\u00bb top_divider_flip=\u00bbvertical\u00bb bottom_divider_height=\u00bb50px\u00bb bottom_divider_flip=\u00bbvertical\u00bb global_colors_info=\u00bb{}\u00bb][et_pb_row column_structure=\u00bb3_4,1_4&#8243; _builder_version=\u00bb3.25.3&#8243; custom_padding=\u00bb30px||\u00bb global_colors_info=\u00bb{}\u00bb][et_pb_column type=\u00bb3_4&#8243; _builder_version=\u00bb3.25.3&#8243; global_colors_info=\u00bb{}\u00bb][et_pb_text _builder_version=\u00bb3.27.4&#8243; text_font=\u00bbDosis|700|||||||\u00bb text_text_color=\u00bb#ffffff\u00bb text_font_size=\u00bb45px\u00bb header_font=\u00bb||||||||\u00bb header_2_font=\u00bb||||||||\u00bb header_2_text_color=\u00bb#ffffff\u00bb header_2_font_size=\u00bb45px\u00bb global_colors_info=\u00bb{}\u00bb]<\/p>\n<h2 style=\"text-align: left;\">\u00bfQu\u00e9 podemos hacer para usted?<\/h2>\n<p>[\/et_pb_text][\/et_pb_column][et_pb_column type=\u00bb1_4&#8243; _builder_version=\u00bb3.25.3&#8243; global_colors_info=\u00bb{}\u00bb][et_pb_button button_url=\u00bbhttps:\/\/hytt.eu\/es\/contacto\/\u00bb button_text=\u00bbContacto\u00bb _builder_version=\u00bb4.13.0&#8243; custom_button=\u00bbon\u00bb button_text_size=\u00bb26px\u00bb button_text_color=\u00bb#ffffff\u00bb button_bg_color=\u00bbrgba(0,0,0,0)\u00bb button_border_color=\u00bb#ffffff\u00bb button_border_radius=\u00bb3px\u00bb button_font=\u00bbDosis|600||on|||||\u00bb button_icon=\u00bb&#x35;||divi||400&#8243; background_layout=\u00bbdark\u00bb custom_margin=\u00bb-15px||\u00bb global_colors_info=\u00bb{}\u00bb button_text_color__hover_enabled=\u00bbon\u00bb button_text_color__hover=\u00bb#000000&#8243; button_bg_color__hover_enabled=\u00bbon\u00bb button_bg_color__hover=\u00bbrgba(0,0,0,0)\u00bb button_bg_enable_color__hover=\u00bbon\u00bb][\/et_pb_button][\/et_pb_column][\/et_pb_row][\/et_pb_section]<\/p>\n","protected":false},"excerpt":{"rendered":"<p>Industria de transformaci\u00f3n de frutas y hortalizasrutas &amp; Verduras HYTT ofrece soluciones de vac\u00edo de alta gama para los residuos de frutas y verduras y est\u00e1 especializada en el transporte interno de residuos y flujos residuales. HYTT utiliza un sistema de tuber\u00edas cerrado que aspira los residuos o productos fuera del \u00e1rea de producci\u00f3n a [&hellip;]<\/p>\n","protected":false},"author":2,"featured_media":0,"parent":0,"menu_order":0,"comment_status":"closed","ping_status":"closed","template":"","meta":{"_et_pb_use_builder":"on","_et_pb_old_content":"","_et_gb_content_width":"","footnotes":""},"class_list":["post-2883","page","type-page","status-publish","hentry"],"yoast_head":"<!-- This site is optimized with the Yoast SEO plugin v18.2 - https:\/\/yoast.com\/wordpress\/plugins\/seo\/ -->\n<title>Transporte interno de residuos en la industria hortofrut\u00edcola - HYTT<\/title>\n<meta name=\"description\" content=\"HYTT ofrece soluciones de vac\u00edo de alta gama para el transporte interno de residuos en la industria de procesamiento de frutas y verduras\" \/>\n<meta name=\"robots\" content=\"index, follow, max-snippet:-1, max-image-preview:large, max-video-preview:-1\" \/>\n<link rel=\"canonical\" href=\"https:\/\/hytt.eu\/es\/soluciones-para-frutas-verduras\/\" \/>\n<meta property=\"og:locale\" content=\"es_ES\" \/>\n<meta property=\"og:type\" content=\"article\" \/>\n<meta property=\"og:title\" content=\"Transporte interno de residuos en la industria hortofrut\u00edcola - HYTT\" \/>\n<meta property=\"og:description\" content=\"HYTT ofrece soluciones de vac\u00edo de alta gama para el transporte interno de residuos en la industria de procesamiento de frutas y verduras\" \/>\n<meta property=\"og:url\" content=\"https:\/\/hytt.eu\/es\/soluciones-para-frutas-verduras\/\" \/>\n<meta property=\"og:site_name\" content=\"HYTT\" \/>\n<meta property=\"article:modified_time\" content=\"2022-06-01T06:31:15+00:00\" \/>\n<meta property=\"og:image\" content=\"https:\/\/hytt.eu\/wp-content\/uploads\/2019\/10\/FruitMiddel-1.svg\" \/>\n<meta name=\"twitter:card\" content=\"summary_large_image\" \/>\n<meta name=\"twitter:label1\" content=\"Tiempo de lectura\" \/>\n\t<meta name=\"twitter:data1\" content=\"7 minutos\" \/>\n<script type=\"application\/ld+json\" class=\"yoast-schema-graph\">{\"@context\":\"https:\/\/schema.org\",\"@graph\":[{\"@type\":\"Organization\",\"@id\":\"https:\/\/hytt.eu\/#organization\",\"name\":\"HYTT Hygienic Transport Systems & Technologies\",\"url\":\"https:\/\/hytt.eu\/\",\"sameAs\":[\"https:\/\/www.linkedin.com\/company\/hytt-hygienic-transport-systems-technologies\",\"https:\/\/www.youtube.com\/channel\/UC3GeBVI3O47wUcLwTijHTbg\"],\"logo\":{\"@type\":\"ImageObject\",\"@id\":\"https:\/\/hytt.eu\/#logo\",\"inLanguage\":\"es\",\"url\":\"https:\/\/hytt.eu\/wp-content\/uploads\/2019\/02\/Logo_HYTT-1024x993.jpg\",\"contentUrl\":\"https:\/\/hytt.eu\/wp-content\/uploads\/2019\/02\/Logo_HYTT-1024x993.jpg\",\"width\":1024,\"height\":993,\"caption\":\"HYTT Hygienic Transport Systems & Technologies\"},\"image\":{\"@id\":\"https:\/\/hytt.eu\/#logo\"}},{\"@type\":\"WebSite\",\"@id\":\"https:\/\/hytt.eu\/#website\",\"url\":\"https:\/\/hytt.eu\/\",\"name\":\"HYTT\",\"description\":\"Hygienic Transport systems &amp; Techologies\",\"publisher\":{\"@id\":\"https:\/\/hytt.eu\/#organization\"},\"potentialAction\":[{\"@type\":\"SearchAction\",\"target\":{\"@type\":\"EntryPoint\",\"urlTemplate\":\"https:\/\/hytt.eu\/?s={search_term_string}\"},\"query-input\":\"required name=search_term_string\"}],\"inLanguage\":\"es\"},{\"@type\":\"ImageObject\",\"@id\":\"https:\/\/hytt.eu\/es\/soluciones-para-frutas-verduras\/#primaryimage\",\"inLanguage\":\"es\",\"url\":\"https:\/\/hytt.eu\/wp-content\/uploads\/2019\/10\/FruitMiddel-1.svg\",\"contentUrl\":\"https:\/\/hytt.eu\/wp-content\/uploads\/2019\/10\/FruitMiddel-1.svg\",\"width\":250,\"height\":250},{\"@type\":\"WebPage\",\"@id\":\"https:\/\/hytt.eu\/es\/soluciones-para-frutas-verduras\/#webpage\",\"url\":\"https:\/\/hytt.eu\/es\/soluciones-para-frutas-verduras\/\",\"name\":\"Transporte interno de residuos en la industria hortofrut\u00edcola - HYTT\",\"isPartOf\":{\"@id\":\"https:\/\/hytt.eu\/#website\"},\"primaryImageOfPage\":{\"@id\":\"https:\/\/hytt.eu\/es\/soluciones-para-frutas-verduras\/#primaryimage\"},\"datePublished\":\"2019-06-28T07:26:08+00:00\",\"dateModified\":\"2022-06-01T06:31:15+00:00\",\"description\":\"HYTT ofrece soluciones de vac\u00edo de alta gama para el transporte interno de residuos en la industria de procesamiento de frutas y verduras\",\"breadcrumb\":{\"@id\":\"https:\/\/hytt.eu\/es\/soluciones-para-frutas-verduras\/#breadcrumb\"},\"inLanguage\":\"es\",\"potentialAction\":[{\"@type\":\"ReadAction\",\"target\":[\"https:\/\/hytt.eu\/es\/soluciones-para-frutas-verduras\/\"]}]},{\"@type\":\"BreadcrumbList\",\"@id\":\"https:\/\/hytt.eu\/es\/soluciones-para-frutas-verduras\/#breadcrumb\",\"itemListElement\":[{\"@type\":\"ListItem\",\"position\":1,\"name\":\"Home\",\"item\":\"https:\/\/hytt.eu\/es\/\"},{\"@type\":\"ListItem\",\"position\":2,\"name\":\"Industria de transformaci\u00f3n de frutas y hortalizas\"}]}]}<\/script>\n<!-- \/ Yoast SEO plugin. -->","yoast_head_json":{"title":"Transporte interno de residuos en la industria hortofrut\u00edcola - HYTT","description":"HYTT ofrece soluciones de vac\u00edo de alta gama para el transporte interno de residuos en la industria de procesamiento de frutas y verduras","robots":{"index":"index","follow":"follow","max-snippet":"max-snippet:-1","max-image-preview":"max-image-preview:large","max-video-preview":"max-video-preview:-1"},"canonical":"https:\/\/hytt.eu\/es\/soluciones-para-frutas-verduras\/","og_locale":"es_ES","og_type":"article","og_title":"Transporte interno de residuos en la industria hortofrut\u00edcola - HYTT","og_description":"HYTT ofrece soluciones de vac\u00edo de alta gama para el transporte interno de residuos en la industria de procesamiento de frutas y verduras","og_url":"https:\/\/hytt.eu\/es\/soluciones-para-frutas-verduras\/","og_site_name":"HYTT","article_modified_time":"2022-06-01T06:31:15+00:00","og_image":[{"url":"https:\/\/hytt.eu\/wp-content\/uploads\/2019\/10\/FruitMiddel-1.svg"}],"twitter_card":"summary_large_image","twitter_misc":{"Tiempo de lectura":"7 minutos"},"schema":{"@context":"https:\/\/schema.org","@graph":[{"@type":"Organization","@id":"https:\/\/hytt.eu\/#organization","name":"HYTT Hygienic Transport Systems & Technologies","url":"https:\/\/hytt.eu\/","sameAs":["https:\/\/www.linkedin.com\/company\/hytt-hygienic-transport-systems-technologies","https:\/\/www.youtube.com\/channel\/UC3GeBVI3O47wUcLwTijHTbg"],"logo":{"@type":"ImageObject","@id":"https:\/\/hytt.eu\/#logo","inLanguage":"es","url":"https:\/\/hytt.eu\/wp-content\/uploads\/2019\/02\/Logo_HYTT-1024x993.jpg","contentUrl":"https:\/\/hytt.eu\/wp-content\/uploads\/2019\/02\/Logo_HYTT-1024x993.jpg","width":1024,"height":993,"caption":"HYTT Hygienic Transport Systems & Technologies"},"image":{"@id":"https:\/\/hytt.eu\/#logo"}},{"@type":"WebSite","@id":"https:\/\/hytt.eu\/#website","url":"https:\/\/hytt.eu\/","name":"HYTT","description":"Hygienic Transport systems &amp; Techologies","publisher":{"@id":"https:\/\/hytt.eu\/#organization"},"potentialAction":[{"@type":"SearchAction","target":{"@type":"EntryPoint","urlTemplate":"https:\/\/hytt.eu\/?s={search_term_string}"},"query-input":"required name=search_term_string"}],"inLanguage":"es"},{"@type":"ImageObject","@id":"https:\/\/hytt.eu\/es\/soluciones-para-frutas-verduras\/#primaryimage","inLanguage":"es","url":"https:\/\/hytt.eu\/wp-content\/uploads\/2019\/10\/FruitMiddel-1.svg","contentUrl":"https:\/\/hytt.eu\/wp-content\/uploads\/2019\/10\/FruitMiddel-1.svg","width":250,"height":250},{"@type":"WebPage","@id":"https:\/\/hytt.eu\/es\/soluciones-para-frutas-verduras\/#webpage","url":"https:\/\/hytt.eu\/es\/soluciones-para-frutas-verduras\/","name":"Transporte interno de residuos en la industria hortofrut\u00edcola - HYTT","isPartOf":{"@id":"https:\/\/hytt.eu\/#website"},"primaryImageOfPage":{"@id":"https:\/\/hytt.eu\/es\/soluciones-para-frutas-verduras\/#primaryimage"},"datePublished":"2019-06-28T07:26:08+00:00","dateModified":"2022-06-01T06:31:15+00:00","description":"HYTT ofrece soluciones de vac\u00edo de alta gama para el transporte interno de residuos en la industria de procesamiento de frutas y verduras","breadcrumb":{"@id":"https:\/\/hytt.eu\/es\/soluciones-para-frutas-verduras\/#breadcrumb"},"inLanguage":"es","potentialAction":[{"@type":"ReadAction","target":["https:\/\/hytt.eu\/es\/soluciones-para-frutas-verduras\/"]}]},{"@type":"BreadcrumbList","@id":"https:\/\/hytt.eu\/es\/soluciones-para-frutas-verduras\/#breadcrumb","itemListElement":[{"@type":"ListItem","position":1,"name":"Home","item":"https:\/\/hytt.eu\/es\/"},{"@type":"ListItem","position":2,"name":"Industria de transformaci\u00f3n de frutas y hortalizas"}]}]}},"_links":{"self":[{"href":"https:\/\/hytt.eu\/es\/wp-json\/wp\/v2\/pages\/2883","targetHints":{"allow":["GET"]}}],"collection":[{"href":"https:\/\/hytt.eu\/es\/wp-json\/wp\/v2\/pages"}],"about":[{"href":"https:\/\/hytt.eu\/es\/wp-json\/wp\/v2\/types\/page"}],"author":[{"embeddable":true,"href":"https:\/\/hytt.eu\/es\/wp-json\/wp\/v2\/users\/2"}],"replies":[{"embeddable":true,"href":"https:\/\/hytt.eu\/es\/wp-json\/wp\/v2\/comments?post=2883"}],"version-history":[{"count":0,"href":"https:\/\/hytt.eu\/es\/wp-json\/wp\/v2\/pages\/2883\/revisions"}],"wp:attachment":[{"href":"https:\/\/hytt.eu\/es\/wp-json\/wp\/v2\/media?parent=2883"}],"curies":[{"name":"wp","href":"https:\/\/api.w.org\/{rel}","templated":true}]}}