{"id":2874,"date":"2019-06-21T09:19:23","date_gmt":"2019-06-21T09:19:23","guid":{"rendered":"https:\/\/hytt.eu\/acerca-de-hytt\/"},"modified":"2022-12-24T14:51:43","modified_gmt":"2022-12-24T14:51:43","slug":"sobre-hytt","status":"publish","type":"page","link":"https:\/\/hytt.eu\/es\/sobre-hytt\/","title":{"rendered":"Sobre HYTT"},"content":{"rendered":"<p>[et_pb_section fb_built=\u00bb1&#8243; fullwidth=\u00bbon\u00bb admin_label=\u00bbSection\u00bb _builder_version=\u00bb3.25.3&#8243; bottom_divider_style=\u00bbslant2&#8243; bottom_divider_color=\u00bb#ffffff\u00bb bottom_divider_height=\u00bb45px\u00bb bottom_divider_flip=\u00bbvertical\u00bb global_colors_info=\u00bb{}\u00bb][et_pb_fullwidth_header title=\u00bbSobre HYTT\u00bb _builder_version=\u00bb4.9.2&#8243; title_font=\u00bb||||||||\u00bb title_text_align=\u00bbcenter\u00bb background_image=\u00bbhttps:\/\/hytt.eu\/wp-content\/uploads\/2019\/04\/slider-pork.jpg\u00bb custom_padding=\u00bb||100px|||\u00bb global_colors_info=\u00bb{}\u00bb][\/et_pb_fullwidth_header][\/et_pb_section][et_pb_section fb_built=\u00bb1&#8243; _builder_version=\u00bb3.25.3&#8243; custom_padding=\u00bb||29px|||\u00bb top_divider_color=\u00bb#ffffff\u00bb top_divider_flip=\u00bbhorizontal\u00bb global_colors_info=\u00bb{}\u00bb][et_pb_row column_structure=\u00bb1_2,1_2&#8243; _builder_version=\u00bb3.25.3&#8243; global_colors_info=\u00bb{}\u00bb][et_pb_column type=\u00bb1_2&#8243; _builder_version=\u00bb3.25.3&#8243; global_colors_info=\u00bb{}\u00bb][et_pb_image src=\u00bbhttps:\/\/hytt.eu\/wp-content\/uploads\/2019\/06\/vacuum-unit-min.jpg\u00bb _builder_version=\u00bb4.9.2&#8243; custom_margin=\u00bb50px||\u00bb global_colors_info=\u00bb{}\u00bb][\/et_pb_image][\/et_pb_column][et_pb_column type=\u00bb1_2&#8243; _builder_version=\u00bb3.25.3&#8243; global_colors_info=\u00bb{}\u00bb][et_pb_text _builder_version=\u00bb3.27.4&#8243; text_font=\u00bb||||||||\u00bb text_text_color=\u00bb#6b6b6b\u00bb text_font_size=\u00bb15px\u00bb header_font=\u00bb||||||||\u00bb header_text_color=\u00bb#000000&#8243; header_2_font=\u00bb||||||||\u00bb header_2_text_color=\u00bb#000000&#8243; header_2_font_size=\u00bb45px\u00bb header_3_font=\u00bb||||||||\u00bb header_3_text_color=\u00bb#000000&#8243; global_colors_info=\u00bb{}\u00bb]<\/p>\n<h2>Acerca de HYTT<\/h2>\n<p>Nosotros, HYTT Hygienic Transport systems &amp; Technologies, estamos especializados en el transporte de diferentes tipos de materiales, desde subproductos hasta productos finales (comestibles). Nuestras soluciones de vac\u00edo de alta gama son adecuadas para las l\u00edneas de producci\u00f3n de alimentos y las cocinas profesionales. Los sistemas de tuber\u00edas son escalables para adaptarse a las necesidades del cliente. Proporcionan un aumento de la higiene, un alto rendimiento, una reducci\u00f3n significativa del riesgo de contaminaci\u00f3n cruzada y mejoran la seguridad, al tiempo que abordan los retos de la construcci\u00f3n sostenible, la eficiencia de los recursos y la durabilidad.<\/p>\n<p>Nuestros sistemas pueden implantarse en plantas nuevas o existentes en mataderos de cerdos, ganado, aves, plantas de procesamiento de frutas y verduras y pescado, cocinas profesionales y otras industrias.<\/p>\n<p>[\/et_pb_text][et_pb_divider color=\u00bb#000000&#8243; divider_weight=\u00bb2px\u00bb _builder_version=\u00bb3.25.3&#8243; width=\u00bb15%\u00bb module_alignment=\u00bbright\u00bb custom_margin=\u00bb-15px|||||\u00bb global_colors_info=\u00bb{}\u00bb][\/et_pb_divider][\/et_pb_column][\/et_pb_row][\/et_pb_section][et_pb_section fb_built=\u00bb1&#8243; next_background_color=\u00bb#ffffff\u00bb _builder_version=\u00bb3.25.3&#8243; background_color=\u00bb#ededed\u00bb custom_margin=\u00bb-30px|||||\u00bb custom_padding=\u00bb||84px|||\u00bb bottom_divider_style=\u00bbslant2&#8243; bottom_divider_height=\u00bb61px\u00bb global_colors_info=\u00bb{}\u00bb][et_pb_row _builder_version=\u00bb3.25.3&#8243; custom_padding=\u00bb0px||0px|||\u00bb global_colors_info=\u00bb{}\u00bb][et_pb_column type=\u00bb4_4&#8243; _builder_version=\u00bb3.25.3&#8243; global_colors_info=\u00bb{}\u00bb][et_pb_text _builder_version=\u00bb3.27.4&#8243; text_font=\u00bb||||||||\u00bb text_text_color=\u00bb#000000&#8243; text_font_size=\u00bb15px\u00bb header_font=\u00bb||||||||\u00bb header_text_color=\u00bb#000000&#8243; header_2_font=\u00bb||||||||\u00bb header_2_text_color=\u00bb#000000&#8243; header_2_font_size=\u00bb45px\u00bb header_3_font=\u00bb||||||||\u00bb header_3_text_color=\u00bb#000000&#8243; custom_padding=\u00bb||0px|||\u00bb global_colors_info=\u00bb{}\u00bb]<\/p>\n<h2 style=\"text-align: center;\">Nuestros valores fundamentales<\/h2>\n<p>[\/et_pb_text][\/et_pb_column][\/et_pb_row][et_pb_row column_structure=\u00bb1_3,1_3,1_3&#8243; _builder_version=\u00bb3.25.3&#8243; custom_margin=\u00bb23px|auto|0px|auto||\u00bb custom_padding=\u00bb3px|||||\u00bb global_colors_info=\u00bb{}\u00bb][et_pb_column type=\u00bb1_3&#8243; _builder_version=\u00bb3.25.3&#8243; global_colors_info=\u00bb{}\u00bb][et_pb_blurb title=\u00bbHYTT\u00bb image=\u00bbhttps:\/\/hytt.eu\/wp-content\/uploads\/2019\/10\/information.svg\u00bb image_icon_width=\u00bb40%\u00bb _builder_version=\u00bb4.14.8&#8243; header_level=\u00bbh3&#8243; header_font=\u00bb||||||||\u00bb header_text_color=\u00bb#000000&#8243; header_font_size=\u00bb30px\u00bb body_font=\u00bb||||||||\u00bb body_font_size=\u00bb15px\u00bb text_orientation=\u00bbcenter\u00bb image_max_width=\u00bb40%\u00bb global_colors_info=\u00bb{}\u00bb]<\/p>\n<p style=\"text-align: center;\">Como el l\u00edder del mercado internacional en el \u00e1mbito de los sistemas de transporte interno de vaci\u00f3, nos vomos a nosotros como un socio para nuestros clientes, de quien la mayor\u00eda han estado con nosotros por a\u00f1os. Ya sea nuestro servicio integral &#8211; todo tiene un solo prop\u00f3sito. El cliente tiene una idea y nosotros realizamos la.<\/p>\n<p>[\/et_pb_blurb][\/et_pb_column][et_pb_column type=\u00bb1_3&#8243; _builder_version=\u00bb3.25.3&#8243; global_colors_info=\u00bb{}\u00bb][et_pb_blurb title=\u00bbMisi\u00f3n\u00bb image=\u00bbhttps:\/\/hytt.eu\/wp-content\/uploads\/2019\/10\/target.svg\u00bb image_icon_width=\u00bb40%\u00bb _builder_version=\u00bb4.13.0&#8243; header_level=\u00bbh3&#8243; header_font=\u00bb||||||||\u00bb header_text_align=\u00bbcenter\u00bb header_text_color=\u00bb#000000&#8243; header_font_size=\u00bb30px\u00bb body_font=\u00bb||||||||\u00bb body_font_size=\u00bb15px\u00bb image_max_width=\u00bb40%\u00bb global_colors_info=\u00bb{}\u00bb]<\/p>\n<p style=\"text-align: center;\">Estamos un jugador global en la industria alimentaria para un dise\u00f1o seguro, saludable y c\u00f3modo de espacios laborales. Nuestros productos y sistemas para las industrias alimentarias son innovadores, respetuosos con el medio ambiente, energ\u00e9ticamente eficientes y sostenibles.<\/p>\n<p style=\"text-align: center;\">\u00a0<\/p>\n<p>[\/et_pb_blurb][\/et_pb_column][et_pb_column type=\u00bb1_3&#8243; _builder_version=\u00bb3.25.3&#8243; global_colors_info=\u00bb{}\u00bb][et_pb_blurb title=\u00bbVisi\u00f3n\u00bb image=\u00bbhttps:\/\/hytt.eu\/wp-content\/uploads\/2019\/10\/compass.svg\u00bb image_icon_width=\u00bb40%\u00bb _builder_version=\u00bb4.13.0&#8243; header_level=\u00bbh3&#8243; header_font=\u00bb||||||||\u00bb header_text_align=\u00bbcenter\u00bb header_text_color=\u00bb#000000&#8243; header_font_size=\u00bb30px\u00bb body_font=\u00bb||||||||\u00bb body_font_size=\u00bb15px\u00bb image_max_width=\u00bb40%\u00bb global_colors_info=\u00bb{}\u00bb]<\/p>\n<p style=\"text-align: center;\">HYTT establece el punto de referencia en:<\/p>\n<ul>\n<li style=\"text-align: left;\">Sistemas de transporte higi\u00e9nico<\/li>\n<li style=\"text-align: left;\">Productos y tecnolog\u00edas basados en vac\u00edo<\/li>\n<li style=\"text-align: left;\">Sistemas de limpieza de tuber\u00edas de transporte<\/li>\n<li style=\"text-align: left;\">Sistemas energ\u00e9ticamente eficientes<\/li>\n<li style=\"text-align: left;\">Soluciones a medida, con ROI adecuado<\/li>\n<\/ul>\n<p>[\/et_pb_blurb][\/et_pb_column][\/et_pb_row][et_pb_row _builder_version=\u00bb4.14.8&#8243; _module_preset=\u00bbdefault\u00bb global_colors_info=\u00bb{}\u00bb][et_pb_column type=\u00bb4_4&#8243; _builder_version=\u00bb4.14.8&#8243; _module_preset=\u00bbdefault\u00bb global_colors_info=\u00bb{}\u00bb][\/et_pb_column][\/et_pb_row][\/et_pb_section][et_pb_section fb_built=\u00bb1&#8243; _builder_version=\u00bb3.25.3&#8243; background_color=\u00bb#ffffff\u00bb custom_padding=\u00bb0px||37px|||\u00bb global_colors_info=\u00bb{}\u00bb][et_pb_row _builder_version=\u00bb3.25.3&#8243; global_colors_info=\u00bb{}\u00bb][et_pb_column type=\u00bb4_4&#8243; _builder_version=\u00bb3.25.3&#8243; global_colors_info=\u00bb{}\u00bb][et_pb_text _builder_version=\u00bb4.14.8&#8243; text_font=\u00bb||||||||\u00bb text_text_color=\u00bb#000000&#8243; text_font_size=\u00bb15px\u00bb header_font=\u00bb||||||||\u00bb header_text_color=\u00bb#000000&#8243; header_2_font=\u00bb||||||||\u00bb header_2_text_color=\u00bb#000000&#8243; header_2_font_size=\u00bb45px\u00bb header_3_font=\u00bb||||||||\u00bb header_3_text_color=\u00bb#000000&#8243; custom_padding=\u00bb||0px|||\u00bb global_colors_info=\u00bb{}\u00bb]<\/p>\n<h2 style=\"text-align: center;\">\u00bfQuienes somos?<\/h2>\n<p>[\/et_pb_text][\/et_pb_column][\/et_pb_row][et_pb_row column_structure=\u00bb1_3,1_3,1_3&#8243; _builder_version=\u00bb4.14.8&#8243; custom_padding=\u00bb13px|||||\u00bb hover_enabled=\u00bb0&#8243; global_colors_info=\u00bb{}\u00bb sticky_enabled=\u00bb0&#8243;][et_pb_column type=\u00bb1_3&#8243; _builder_version=\u00bb3.25.3&#8243; global_colors_info=\u00bb{}\u00bb][et_pb_blurb title=\u00bbPaul Wijngaarden\u00bb image=\u00bbhttps:\/\/hytt.eu\/wp-content\/uploads\/2018\/11\/Paul.jpg\u00bb image_icon_width=\u00bb95%\u00bb _builder_version=\u00bb4.13.0&#8243; header_level=\u00bbh2&#8243; header_font=\u00bb||||||||\u00bb header_text_color=\u00bb#000000&#8243; header_font_size=\u00bb21px\u00bb body_font=\u00bb||||||||\u00bb body_font_size=\u00bb15px\u00bb border_radii_image=\u00bbon|120px|120px|120px|120px\u00bb image_max_width=\u00bb95%\u00bb global_colors_info=\u00bb{}\u00bb]<\/p>\n<h4><span style=\"color: #000000;\">Director de ventas<\/span><\/h4>\n<p>Tel.: +(31) 6 2137 5901<br \/>\nEmail:\u00a0<a href=\"mailto:paul@hytt.eu\">paul@hytt.eu<\/a><br \/>\n<a href=\"https:\/\/nl.linkedin.com\/in\/paul-wijngaarden-11b38125\" target=\"_blank\" rel=\"noopener noreferrer\">Connect on LinkedIn<\/a><\/p>\n<p><em>Siempre accesible para darle soporte<\/em>[\/et_pb_blurb][\/et_pb_column][et_pb_column type=\u00bb1_3&#8243; _builder_version=\u00bb3.25.3&#8243; global_colors_info=\u00bb{}\u00bb][et_pb_blurb title=\u00bbEric Oving\u00bb image=\u00bbhttps:\/\/hytt.eu\/wp-content\/uploads\/2020\/09\/Afbeelding-Eric.jpg\u00bb alt=\u00bbEric Oving\u00bb _builder_version=\u00bb4.13.0&#8243; header_font=\u00bb||||||||\u00bb header_text_color=\u00bb#000000&#8243; header_font_size=\u00bb21px\u00bb body_font=\u00bb||||||||\u00bb body_font_size=\u00bb15px\u00bb border_radii_image=\u00bbon|120px|120px|120px|120px\u00bb global_colors_info=\u00bb{}\u00bb]<\/p>\n<h3><span style=\"color: #000000;\">Director general<\/span><\/h3>\n<p>Tel.: +(31) 6 3889 4483<br \/>\nEmail:\u00a0<a href=\"mailto:eric@hytt.eu\">eric@hytt.eu<\/a><br \/>\n<a href=\"https:\/\/www.linkedin.com\/in\/ericoving\/\" target=\"_blank\" rel=\"noopener noreferrer\">Connect on LinkedIn<\/a><\/p>\n<p><em>Tengo muchas ganas de conocerte<\/em>[\/et_pb_blurb][\/et_pb_column][et_pb_column type=\u00bb1_3&#8243; _builder_version=\u00bb3.25.3&#8243; global_colors_info=\u00bb{}\u00bb][et_pb_blurb title=\u00bbSjaak Aerts\u00bb image=\u00bbhttps:\/\/hytt.eu\/wp-content\/uploads\/2022\/05\/Foto-Sjaak-Aerts.jpg\u00bb image_icon_width=\u00bb95%\u00bb _builder_version=\u00bb4.14.8&#8243; header_level=\u00bbh1&#8243; header_font=\u00bb||||||||\u00bb header_text_color=\u00bb#000000&#8243; header_font_size=\u00bb21px\u00bb body_font=\u00bb||||||||\u00bb body_font_size=\u00bb15px\u00bb border_radii_image=\u00bbon|120px|120px|120px|120px\u00bb image_max_width=\u00bb95%\u00bb global_colors_info=\u00bb{}\u00bb]<\/p>\n<h4><span style=\"color: #000000;\">Business Development<\/span><\/h4>\n<p>Tel.: +(31) 6 5314 5842<br \/>\nEmail:\u00a0<a href=\"mailto:sjaak@hytt.eu\">sjaak@hytt.eu<\/a><br \/>\n<a href=\"https:\/\/www.linkedin.com\/in\/sjaak-aerts-271634234\/\" target=\"_blank\" rel=\"noopener noreferrer\">Connect on LinkedIn<\/a><\/p>\n<p><em>Pienso en oportunidades y posibilidades<\/em><\/p>\n<p>&nbsp;[\/et_pb_blurb][\/et_pb_column][\/et_pb_row][et_pb_row _builder_version=\u00bb4.14.8&#8243; _module_preset=\u00bbdefault\u00bb global_colors_info=\u00bb{}\u00bb][et_pb_column type=\u00bb4_4&#8243; _builder_version=\u00bb4.14.8&#8243; _module_preset=\u00bbdefault\u00bb global_colors_info=\u00bb{}\u00bb][et_pb_text _builder_version=\u00bb4.14.8&#8243; text_font=\u00bb||||||||\u00bb text_text_color=\u00bb#000000&#8243; text_font_size=\u00bb15px\u00bb header_font=\u00bb||||||||\u00bb header_text_color=\u00bb#000000&#8243; header_2_font=\u00bb||||||||\u00bb header_2_text_color=\u00bb#000000&#8243; header_2_font_size=\u00bb45px\u00bb header_3_font=\u00bb||||||||\u00bb header_3_text_color=\u00bb#000000&#8243; custom_padding=\u00bb||0px|||\u00bb global_colors_info=\u00bb{}\u00bb]<\/p>\n<h2 style=\"text-align: center;\">HYTT noticias<\/h2>\n<p>[\/et_pb_text][et_pb_blog posts_number=\u00bb3&#8243; include_categories=\u00bb50&#8243; _builder_version=\u00bb4.14.8&#8243; _module_preset=\u00bbdefault\u00bb global_colors_info=\u00bb{}\u00bb][\/et_pb_blog][\/et_pb_column][\/et_pb_row][\/et_pb_section][et_pb_section fb_built=\u00bb1&#8243; prev_background_color=\u00bb#ffffff\u00bb _builder_version=\u00bb4.14.8&#8243; background_color=\u00bb#eb5b55&#8243; min_height=\u00bb222px\u00bb custom_margin=\u00bb-12px|||||\u00bb custom_padding=\u00bb78px||1px|||\u00bb top_divider_style=\u00bbslant2&#8243; top_divider_height=\u00bb50px\u00bb top_divider_flip=\u00bbvertical\u00bb bottom_divider_height=\u00bb50px\u00bb bottom_divider_flip=\u00bbvertical\u00bb global_colors_info=\u00bb{}\u00bb][et_pb_row column_structure=\u00bb3_4,1_4&#8243; _builder_version=\u00bb3.25.3&#8243; global_colors_info=\u00bb{}\u00bb][et_pb_column type=\u00bb3_4&#8243; _builder_version=\u00bb3.25.3&#8243; global_colors_info=\u00bb{}\u00bb][et_pb_text _builder_version=\u00bb3.27.4&#8243; text_font=\u00bbDosis|700|||||||\u00bb text_text_color=\u00bb#ffffff\u00bb text_font_size=\u00bb45px\u00bb header_font=\u00bb||||||||\u00bb header_2_font=\u00bb||||||||\u00bb header_2_text_color=\u00bb#ffffff\u00bb header_2_font_size=\u00bb45px\u00bb global_colors_info=\u00bb{}\u00bb]<\/p>\n<h2 style=\"text-align: left;\">\u00bfQu\u00e9 podemos hacer para usted?<\/h2>\n<p>[\/et_pb_text][\/et_pb_column][et_pb_column type=\u00bb1_4&#8243; _builder_version=\u00bb3.25.3&#8243; global_colors_info=\u00bb{}\u00bb][et_pb_button button_url=\u00bbhttps:\/\/hytt.eu\/es\/contacto\/\u00bb button_text=\u00bbContacto\u00bb _builder_version=\u00bb4.14.8&#8243; custom_button=\u00bbon\u00bb button_text_size=\u00bb26px\u00bb button_text_color=\u00bb#ffffff\u00bb button_border_color=\u00bb#ffffff\u00bb button_border_radius=\u00bb3px\u00bb button_font=\u00bbDosis|600||on|||||\u00bb button_icon=\u00bb&#x35;||divi||400&#8243; button_icon_color=\u00bb#000000&#8243; background_layout=\u00bbdark\u00bb custom_margin=\u00bb-15px||\u00bb global_colors_info=\u00bb{}\u00bb button_text_color__hover_enabled=\u00bbon\u00bb button_text_color__hover=\u00bb#000000&#8243; button_bg_color__hover_enabled=\u00bbon\u00bb button_bg_color__hover=\u00bbrgba(0,0,0,0)\u00bb button_bg_enable_color__hover=\u00bbon\u00bb button_border_color__hover_enabled=\u00bbon\u00bb button_border_color__hover=\u00bb#000000&#8243;][\/et_pb_button][\/et_pb_column][\/et_pb_row][\/et_pb_section]<\/p>\n","protected":false},"excerpt":{"rendered":"<p>Acerca de HYTT Nosotros, HYTT Hygienic Transport systems &amp; Technologies, estamos especializados en el transporte de diferentes tipos de materiales, desde subproductos hasta productos finales (comestibles). Nuestras soluciones de vac\u00edo de alta gama son adecuadas para las l\u00edneas de producci\u00f3n de alimentos y las cocinas profesionales. Los sistemas de tuber\u00edas son escalables para adaptarse a [&hellip;]<\/p>\n","protected":false},"author":3,"featured_media":0,"parent":0,"menu_order":0,"comment_status":"closed","ping_status":"closed","template":"","meta":{"_et_pb_use_builder":"on","_et_pb_old_content":"","_et_gb_content_width":"","footnotes":""},"class_list":["post-2874","page","type-page","status-publish","hentry"],"yoast_head":"<!-- This site is optimized with the Yoast SEO plugin v18.2 - https:\/\/yoast.com\/wordpress\/plugins\/seo\/ -->\n<title>HYTT Sistemas y tecnolog\u00edas de transporte higi\u00e9nico al vac\u00edo<\/title>\n<meta name=\"description\" content=\"HYTT ayuda a los productores de alimentos con el transporte interno de residuos y flujos residuales para que puedan producir de forma higi\u00e9nica, segura y eficiente para garantizar la seguridad alimentaria.\" \/>\n<meta name=\"robots\" content=\"index, follow, max-snippet:-1, max-image-preview:large, max-video-preview:-1\" \/>\n<link rel=\"canonical\" href=\"https:\/\/hytt.eu\/es\/sobre-hytt\/\" \/>\n<meta property=\"og:locale\" content=\"es_ES\" \/>\n<meta property=\"og:type\" content=\"article\" \/>\n<meta property=\"og:title\" content=\"HYTT Sistemas y tecnolog\u00edas de transporte higi\u00e9nico al vac\u00edo\" \/>\n<meta property=\"og:description\" content=\"HYTT ayuda a los productores de alimentos con el transporte interno de residuos y flujos residuales para que puedan producir de forma higi\u00e9nica, segura y eficiente para garantizar la seguridad alimentaria.\" \/>\n<meta property=\"og:url\" content=\"https:\/\/hytt.eu\/es\/sobre-hytt\/\" \/>\n<meta property=\"og:site_name\" content=\"HYTT\" \/>\n<meta property=\"article:modified_time\" content=\"2022-12-24T14:51:43+00:00\" \/>\n<meta name=\"twitter:card\" content=\"summary_large_image\" \/>\n<meta name=\"twitter:label1\" content=\"Tiempo de lectura\" \/>\n\t<meta name=\"twitter:data1\" content=\"7 minutos\" \/>\n<script type=\"application\/ld+json\" class=\"yoast-schema-graph\">{\"@context\":\"https:\/\/schema.org\",\"@graph\":[{\"@type\":\"Organization\",\"@id\":\"https:\/\/hytt.eu\/#organization\",\"name\":\"HYTT Hygienic Transport Systems & Technologies\",\"url\":\"https:\/\/hytt.eu\/\",\"sameAs\":[\"https:\/\/www.linkedin.com\/company\/hytt-hygienic-transport-systems-technologies\",\"https:\/\/www.youtube.com\/channel\/UC3GeBVI3O47wUcLwTijHTbg\"],\"logo\":{\"@type\":\"ImageObject\",\"@id\":\"https:\/\/hytt.eu\/#logo\",\"inLanguage\":\"es\",\"url\":\"https:\/\/hytt.eu\/wp-content\/uploads\/2019\/02\/Logo_HYTT-1024x993.jpg\",\"contentUrl\":\"https:\/\/hytt.eu\/wp-content\/uploads\/2019\/02\/Logo_HYTT-1024x993.jpg\",\"width\":1024,\"height\":993,\"caption\":\"HYTT Hygienic Transport Systems & Technologies\"},\"image\":{\"@id\":\"https:\/\/hytt.eu\/#logo\"}},{\"@type\":\"WebSite\",\"@id\":\"https:\/\/hytt.eu\/#website\",\"url\":\"https:\/\/hytt.eu\/\",\"name\":\"HYTT\",\"description\":\"Hygienic Transport systems &amp; Techologies\",\"publisher\":{\"@id\":\"https:\/\/hytt.eu\/#organization\"},\"potentialAction\":[{\"@type\":\"SearchAction\",\"target\":{\"@type\":\"EntryPoint\",\"urlTemplate\":\"https:\/\/hytt.eu\/?s={search_term_string}\"},\"query-input\":\"required name=search_term_string\"}],\"inLanguage\":\"es\"},{\"@type\":\"WebPage\",\"@id\":\"https:\/\/hytt.eu\/es\/sobre-hytt\/#webpage\",\"url\":\"https:\/\/hytt.eu\/es\/sobre-hytt\/\",\"name\":\"HYTT Sistemas y tecnolog\u00edas de transporte higi\u00e9nico al vac\u00edo\",\"isPartOf\":{\"@id\":\"https:\/\/hytt.eu\/#website\"},\"datePublished\":\"2019-06-21T09:19:23+00:00\",\"dateModified\":\"2022-12-24T14:51:43+00:00\",\"description\":\"HYTT ayuda a los productores de alimentos con el transporte interno de residuos y flujos residuales para que puedan producir de forma higi\u00e9nica, segura y eficiente para garantizar la seguridad alimentaria.\",\"breadcrumb\":{\"@id\":\"https:\/\/hytt.eu\/es\/sobre-hytt\/#breadcrumb\"},\"inLanguage\":\"es\",\"potentialAction\":[{\"@type\":\"ReadAction\",\"target\":[\"https:\/\/hytt.eu\/es\/sobre-hytt\/\"]}]},{\"@type\":\"BreadcrumbList\",\"@id\":\"https:\/\/hytt.eu\/es\/sobre-hytt\/#breadcrumb\",\"itemListElement\":[{\"@type\":\"ListItem\",\"position\":1,\"name\":\"Home\",\"item\":\"https:\/\/hytt.eu\/es\/\"},{\"@type\":\"ListItem\",\"position\":2,\"name\":\"Sobre HYTT\"}]}]}<\/script>\n<!-- \/ Yoast SEO plugin. -->","yoast_head_json":{"title":"HYTT Sistemas y tecnolog\u00edas de transporte higi\u00e9nico al vac\u00edo","description":"HYTT ayuda a los productores de alimentos con el transporte interno de residuos y flujos residuales para que puedan producir de forma higi\u00e9nica, segura y eficiente para garantizar la seguridad alimentaria.","robots":{"index":"index","follow":"follow","max-snippet":"max-snippet:-1","max-image-preview":"max-image-preview:large","max-video-preview":"max-video-preview:-1"},"canonical":"https:\/\/hytt.eu\/es\/sobre-hytt\/","og_locale":"es_ES","og_type":"article","og_title":"HYTT Sistemas y tecnolog\u00edas de transporte higi\u00e9nico al vac\u00edo","og_description":"HYTT ayuda a los productores de alimentos con el transporte interno de residuos y flujos residuales para que puedan producir de forma higi\u00e9nica, segura y eficiente para garantizar la seguridad alimentaria.","og_url":"https:\/\/hytt.eu\/es\/sobre-hytt\/","og_site_name":"HYTT","article_modified_time":"2022-12-24T14:51:43+00:00","twitter_card":"summary_large_image","twitter_misc":{"Tiempo de lectura":"7 minutos"},"schema":{"@context":"https:\/\/schema.org","@graph":[{"@type":"Organization","@id":"https:\/\/hytt.eu\/#organization","name":"HYTT Hygienic Transport Systems & Technologies","url":"https:\/\/hytt.eu\/","sameAs":["https:\/\/www.linkedin.com\/company\/hytt-hygienic-transport-systems-technologies","https:\/\/www.youtube.com\/channel\/UC3GeBVI3O47wUcLwTijHTbg"],"logo":{"@type":"ImageObject","@id":"https:\/\/hytt.eu\/#logo","inLanguage":"es","url":"https:\/\/hytt.eu\/wp-content\/uploads\/2019\/02\/Logo_HYTT-1024x993.jpg","contentUrl":"https:\/\/hytt.eu\/wp-content\/uploads\/2019\/02\/Logo_HYTT-1024x993.jpg","width":1024,"height":993,"caption":"HYTT Hygienic Transport Systems & Technologies"},"image":{"@id":"https:\/\/hytt.eu\/#logo"}},{"@type":"WebSite","@id":"https:\/\/hytt.eu\/#website","url":"https:\/\/hytt.eu\/","name":"HYTT","description":"Hygienic Transport systems &amp; Techologies","publisher":{"@id":"https:\/\/hytt.eu\/#organization"},"potentialAction":[{"@type":"SearchAction","target":{"@type":"EntryPoint","urlTemplate":"https:\/\/hytt.eu\/?s={search_term_string}"},"query-input":"required name=search_term_string"}],"inLanguage":"es"},{"@type":"WebPage","@id":"https:\/\/hytt.eu\/es\/sobre-hytt\/#webpage","url":"https:\/\/hytt.eu\/es\/sobre-hytt\/","name":"HYTT Sistemas y tecnolog\u00edas de transporte higi\u00e9nico al vac\u00edo","isPartOf":{"@id":"https:\/\/hytt.eu\/#website"},"datePublished":"2019-06-21T09:19:23+00:00","dateModified":"2022-12-24T14:51:43+00:00","description":"HYTT ayuda a los productores de alimentos con el transporte interno de residuos y flujos residuales para que puedan producir de forma higi\u00e9nica, segura y eficiente para garantizar la seguridad alimentaria.","breadcrumb":{"@id":"https:\/\/hytt.eu\/es\/sobre-hytt\/#breadcrumb"},"inLanguage":"es","potentialAction":[{"@type":"ReadAction","target":["https:\/\/hytt.eu\/es\/sobre-hytt\/"]}]},{"@type":"BreadcrumbList","@id":"https:\/\/hytt.eu\/es\/sobre-hytt\/#breadcrumb","itemListElement":[{"@type":"ListItem","position":1,"name":"Home","item":"https:\/\/hytt.eu\/es\/"},{"@type":"ListItem","position":2,"name":"Sobre HYTT"}]}]}},"_links":{"self":[{"href":"https:\/\/hytt.eu\/es\/wp-json\/wp\/v2\/pages\/2874","targetHints":{"allow":["GET"]}}],"collection":[{"href":"https:\/\/hytt.eu\/es\/wp-json\/wp\/v2\/pages"}],"about":[{"href":"https:\/\/hytt.eu\/es\/wp-json\/wp\/v2\/types\/page"}],"author":[{"embeddable":true,"href":"https:\/\/hytt.eu\/es\/wp-json\/wp\/v2\/users\/3"}],"replies":[{"embeddable":true,"href":"https:\/\/hytt.eu\/es\/wp-json\/wp\/v2\/comments?post=2874"}],"version-history":[{"count":0,"href":"https:\/\/hytt.eu\/es\/wp-json\/wp\/v2\/pages\/2874\/revisions"}],"wp:attachment":[{"href":"https:\/\/hytt.eu\/es\/wp-json\/wp\/v2\/media?parent=2874"}],"curies":[{"name":"wp","href":"https:\/\/api.w.org\/{rel}","templated":true}]}}