{"id":6770,"date":"2022-09-04T10:17:19","date_gmt":"2022-09-04T10:17:19","guid":{"rendered":"https:\/\/hytt.eu\/hygienische-lebensmittelverarbeitung\/"},"modified":"2022-12-06T10:13:45","modified_gmt":"2022-12-06T10:13:45","slug":"hygienische-lebensmittelverarbeitung","status":"publish","type":"page","link":"https:\/\/hytt.eu\/de\/hygienische-lebensmittelverarbeitung\/","title":{"rendered":"Hygienische Lebensmittelverarbeitung"},"content":{"rendered":"<p>[et_pb_section fb_built=&#8220;1&#8243; fullwidth=&#8220;on&#8220; admin_label=&#8220;Section&#8220; _builder_version=&#8220;4.9.2&#8243; background_image=&#8220;https:\/\/hytt.eu\/wp-content\/uploads\/2021\/07\/individual-hoppers.jpg&#8220; bottom_divider_style=&#8220;slant2&#8243; bottom_divider_color=&#8220;#ffffff&#8220; bottom_divider_height=&#8220;45px&#8220; bottom_divider_flip=&#8220;vertical&#8220; global_colors_info=&#8220;{}&#8220;][et_pb_fullwidth_header title=&#8220;hygienische Lebensmittelverarbeitung&#8220; _builder_version=&#8220;4.9.2&#8243; title_font=&#8220;||||||||&#8220; title_text_align=&#8220;center&#8220; background_image=&#8220;https:\/\/hytt.eu\/wp-content\/uploads\/2019\/04\/slider-pork.jpg&#8220; custom_padding=&#8220;||100px|||&#8220; global_colors_info=&#8220;{}&#8220;][\/et_pb_fullwidth_header][\/et_pb_section][et_pb_section fb_built=&#8220;1&#8243; _builder_version=&#8220;3.25.3&#8243; custom_padding=&#8220;||29px|||&#8220; top_divider_color=&#8220;#ffffff&#8220; top_divider_flip=&#8220;horizontal&#8220; global_colors_info=&#8220;{}&#8220;][et_pb_row _builder_version=&#8220;4.9.2&#8243; global_colors_info=&#8220;{}&#8220;][et_pb_column type=&#8220;4_4&#8243; _builder_version=&#8220;3.25.3&#8243; global_colors_info=&#8220;{}&#8220;][et_pb_text _builder_version=&#8220;4.9.2&#8243; text_font=&#8220;||||||||&#8220; text_text_color=&#8220;#6b6b6b&#8220; text_font_size=&#8220;15px&#8220; header_font=&#8220;||||||||&#8220; header_text_color=&#8220;#000000&#8243; header_2_font=&#8220;||||||||&#8220; header_2_text_color=&#8220;#000000&#8243; header_2_font_size=&#8220;45px&#8220; header_3_font=&#8220;||||||||&#8220; header_3_text_color=&#8220;#000000&#8243; global_colors_info=&#8220;{}&#8220;]Hygienische Lebensmittelverarbeitung<br \/>\nDie Aufrechterhaltung einer hygienischen Produktionsumgebung ist in der Lebensmittelindustrie unerl\u00e4sslich. Unter anderem, um Kreuzkontaminationen zu vermeiden und um Qualit\u00e4ts- und HACCP-Anforderungen sowie Standards wie BRC, IFS und FSSC 22000 zu erf\u00fcllen. Doch in der t\u00e4glichen Praxis, wo st\u00e4ndig Reststr\u00f6me und Abf\u00e4lle anfallen, ist dies nicht immer einfach. Die schnelle und hygienische Absaugung von Abfallstr\u00f6men hilft, die Produktionsumgebung sauber und sicher zu halten.<\/p>\n<p>&nbsp;<\/p>\n<p>Der Vakuumtransport \u00fcber geschlossene Rohrleitungen ist eine noch weniger bekannte Alternative f\u00fcr das Sammeln und Entfernen von Abf\u00e4llen und Reststr\u00f6men aus der Produktionsumgebung. \u00dcblicher in der Lebensmittelindustrie sind F\u00f6rderb\u00e4nder, F\u00f6rderschnecken, Wasserrutschen, Normwagen und Dolavs. Der Vakuumtransport ist unter anderem eine gute L\u00f6sung f\u00fcr eine verbesserte Lebensmittelsicherheit und Hygiene.<\/p>\n<p>Um eine Kontamination mit Mikroorganismen zu verhindern, werden die Produktionsbereiche in Zonen oder Hygienestufen eingeteilt: von Low Care bis High Care. Diese Zonen werden z. B. durch \u00dcberdruck, Desinfektionsschleusen und andere Barrieren aufrechterhalten. Vakuumf\u00f6rdersysteme verhindern den Transport von Reststr\u00f6men und Abf\u00e4llen zwischen Bereichen mit unterschiedlichen Hygienestufen. Der Reststrom wird in dem Raum, in dem er entsteht, \u00fcber Sammeltrichter und ein geschlossenes Rohrsystem zu einer zentralen Sammelstelle an anderer Stelle im Betrieb abgesaugt.<\/p>\n<p>In Schlachth\u00f6fen und Fleischverarbeitungsbetrieben, Fischverarbeitungsbetrieben sowie Obst- und Gem\u00fcseverarbeitungsbetrieben beispielsweise werden gro\u00dfe Mengen an Abf\u00e4llen, Reststr\u00f6men und Nebenprodukten freigesetzt. Diese Str\u00f6me enthalten Mikroorganismen, darunter m\u00f6glicherweise Krankheitserreger wie Listerien oder Salmonellen. Eine schnelle Beseitigung ist daher entscheidend, um die Anzahl der Keime im Raum so gering wie m\u00f6glich zu halten und eine Kreuzkontamination zu verhindern.<\/p>\n<p>Hygiene und Lebensmittelsicherheit<br \/>\nWichtige Gr\u00fcnde f\u00fcr Lebensmittelproduzenten, sich f\u00fcr ein Vakuumtransportsystem zu entscheiden, sind daher Hygiene und Lebensmittelsicherheit, sagt Direktor Eric Oving von HYTT, das sich auf Vakuumtransport in der Lebensmittelindustrie spezialisiert hat. Die Kunden von HYTT wollen Risiken ausschlie\u00dfen und Bewegungen zwischen Bereichen mit unterschiedlichen Hygienestufen verhindern. Dar\u00fcber hinaus stellen die Abnehmer von Nebenprodukten und Reststr\u00f6men immer strengere Anforderungen an deren hygienische Handhabung. Auch dies veranlasst die Unternehmen, sich f\u00fcr den Vakuumtransport zu entscheiden.<br \/>\nIm vergangenen Jahr hat HYTT beispielsweise ein Obst- und Gem\u00fcseverarbeitungsunternehmen in Frankreich mit einem Vakuumsystem ausgestattet. Das Unternehmen liefert geschnittenes Obst und Gem\u00fcse an Superm\u00e4rkte und Hypermach\u00e9s in Frankreich. Sie wollten eine hochmoderne Fabrik errichten&#8220;, sagt Oving. Dazu brauchten sie ein Vakuumsystem f\u00fcr die Entfernung von Schnittresten und keine Wasserrinnen. Mit Wasserrinnen k\u00f6nnte man die Zoneneinteilung von hochhygienisch zu niedrighygienisch nicht gew\u00e4hrleisten, so der Architekt.<\/p>\n<p>Vakuumtechnik einfach und wartungsarm<br \/>\nViele Beteiligte haben jedoch die Vorstellung, dass der Vakuumtransport kompliziert ist. Sie wissen nicht, wie es funktioniert, stellt Oving fest. Der Betrieb ist jedoch relativ einfach und, wenn der von HYTT speziell entwickelte Ejektor verwendet wird, wartungsarm. Sie haben eine Reihe von Entnahmestellen mit Trichtern. Das Restprodukt f\u00e4llt in den Trichter. Sobald dieser voll ist, entsteht ein Unterdruck, das Ventil \u00f6ffnet sich, und durch den Druckunterschied entsteht ein Luftstrom im Rohr. Auf diese Weise wird das Produkt zu einem zentralen Zielort bef\u00f6rdert. Das System nimmt kaum Platz in Anspruch: Man hat nur ein bis zu 200 Millimeter langes Rohr, das am Trichter hochgeht und unter der Decke entlanggef\u00fchrt wird.<\/p>\n<p>Durch ein ausgekl\u00fcgeltes Steuerungssystem k\u00f6nnen mehrere Trichter\/Absaugstellen an eine Vakuumtransporteinheit angeschlossen werden, die abwechselnd eine Charge absaugen. Das ist anders als beim Blasen von Produktstr\u00f6men, wo f\u00fcr jeden Punkt eine Blaseinheit erforderlich ist. Au\u00dferdem hat der Vakuumtransport nicht den Nachteil des Ausblasens, dass ein R\u00fcckfluss von Luft in den sauberen Produktionsbereich entsteht. Dadurch wird die Luftqualit\u00e4t besser aufrechterhalten.[\/et_pb_text][et_pb_divider color=&#8220;#000000&#8243; divider_weight=&#8220;2px&#8220; _builder_version=&#8220;3.25.3&#8243; width=&#8220;15%&#8220; module_alignment=&#8220;right&#8220; custom_margin=&#8220;-15px|||||&#8220; global_colors_info=&#8220;{}&#8220;][\/et_pb_divider][\/et_pb_column][\/et_pb_row][\/et_pb_section][et_pb_section fb_built=&#8220;1&#8243; prev_background_color=&#8220;#ffffff&#8220; _builder_version=&#8220;3.25.3&#8243; background_color=&#8220;#eb5b55&#8243; min_height=&#8220;222px&#8220; custom_margin=&#8220;-12px|||||&#8220; custom_padding=&#8220;78px||1px|||&#8220; top_divider_style=&#8220;slant2&#8243; top_divider_height=&#8220;50px&#8220; top_divider_flip=&#8220;vertical&#8220; bottom_divider_height=&#8220;50px&#8220; bottom_divider_flip=&#8220;vertical&#8220; global_colors_info=&#8220;{}&#8220;][et_pb_row column_structure=&#8220;3_4,1_4&#8243; _builder_version=&#8220;3.25.3&#8243; global_colors_info=&#8220;{}&#8220;][et_pb_column type=&#8220;3_4&#8243; _builder_version=&#8220;3.25.3&#8243; global_colors_info=&#8220;{}&#8220;][et_pb_text _builder_version=&#8220;3.27.4&#8243; text_font=&#8220;Dosis|700|||||||&#8220; text_text_color=&#8220;#ffffff&#8220; text_font_size=&#8220;45px&#8220; header_font=&#8220;||||||||&#8220; header_2_font=&#8220;||||||||&#8220; header_2_text_color=&#8220;#ffffff&#8220; header_2_font_size=&#8220;45px&#8220; global_colors_info=&#8220;{}&#8220;]Interessiert, was wir f\u00fcr Sie tun k\u00f6nnen?[\/et_pb_text][\/et_pb_column][et_pb_column type=&#8220;1_4&#8243; _builder_version=&#8220;3.25.3&#8243; global_colors_info=&#8220;{}&#8220;][et_pb_button button_url=&#8220;https:\/\/hytt.eu\/de\/kontakt\/&#8220; button_text=&#8220;Uns kontaktieren&#8220; _builder_version=&#8220;4.13.0&#8243; custom_button=&#8220;on&#8220; button_text_size=&#8220;26px&#8220; button_text_color=&#8220;#ffffff&#8220; button_border_color=&#8220;#ffffff&#8220; button_border_radius=&#8220;3px&#8220; button_font=&#8220;Dosis|600||on|||||&#8220; button_icon=&#8220;&#x35;||divi||400&#8243; button_icon_color=&#8220;#000000&#8243; background_layout=&#8220;dark&#8220; custom_margin=&#8220;-15px||&#8220; global_colors_info=&#8220;{}&#8220; button_text_color__hover_enabled=&#8220;on&#8220; button_text_color__hover=&#8220;#000000&#8243; button_bg_color__hover_enabled=&#8220;on&#8220; button_bg_color__hover=&#8220;rgba(0,0,0,0)&#8220; button_bg_enable_color__hover=&#8220;on&#8220; button_border_color__hover_enabled=&#8220;on&#8220; button_border_color__hover=&#8220;#000000&#8243;][\/et_pb_button][\/et_pb_column][\/et_pb_row][\/et_pb_section]<\/p>\n","protected":false},"excerpt":{"rendered":"<p>Hygienische Lebensmittelverarbeitung Die Aufrechterhaltung einer hygienischen Produktionsumgebung ist in der Lebensmittelindustrie unerl\u00e4sslich. Unter anderem, um Kreuzkontaminationen zu vermeiden und um Qualit\u00e4ts- und HACCP-Anforderungen sowie Standards wie BRC, IFS und FSSC 22000 zu erf\u00fcllen. Doch in der t\u00e4glichen Praxis, wo st\u00e4ndig Reststr\u00f6me und Abf\u00e4lle anfallen, ist dies nicht immer einfach. Die schnelle und hygienische Absaugung von [&hellip;]<\/p>\n","protected":false},"author":2,"featured_media":5697,"parent":0,"menu_order":0,"comment_status":"closed","ping_status":"closed","template":"","meta":{"_et_pb_use_builder":"on","_et_pb_old_content":"","_et_gb_content_width":"","footnotes":""},"class_list":["post-6770","page","type-page","status-publish","has-post-thumbnail","hentry"],"yoast_head":"<!-- This site is optimized with the Yoast SEO plugin v18.2 - https:\/\/yoast.com\/wordpress\/plugins\/seo\/ -->\n<title>Hygienische Produktionsumgebung bei der Lebensmittelverarbeitung - HYTT.eu<\/title>\n<meta name=\"description\" content=\"Die schnelle und hygienische Absaugung von Abfallstr\u00f6men tr\u00e4gt dazu bei, die Produktionsumgebung in der Lebensmittelverarbeitung sauber und sicher zu halten.\" \/>\n<meta name=\"robots\" content=\"index, follow, max-snippet:-1, max-image-preview:large, max-video-preview:-1\" \/>\n<link rel=\"canonical\" href=\"https:\/\/hytt.eu\/hygienic-food-processing\/\" \/>\n<meta property=\"og:locale\" content=\"de_DE\" \/>\n<meta property=\"og:type\" content=\"article\" \/>\n<meta property=\"og:title\" content=\"Hygienische Produktionsumgebung bei der Lebensmittelverarbeitung - HYTT.eu\" \/>\n<meta property=\"og:description\" content=\"Die schnelle und hygienische Absaugung von Abfallstr\u00f6men tr\u00e4gt dazu bei, die Produktionsumgebung in der Lebensmittelverarbeitung sauber und sicher zu halten.\" \/>\n<meta property=\"og:url\" content=\"https:\/\/hytt.eu\/hygienic-food-processing\/\" \/>\n<meta property=\"og:site_name\" content=\"HYTT\" \/>\n<meta property=\"article:modified_time\" content=\"2022-12-06T10:13:45+00:00\" \/>\n<meta property=\"og:image\" content=\"https:\/\/hytt.eu\/wp-content\/uploads\/2021\/07\/suction-points-for-waste.jpg\" \/>\n\t<meta property=\"og:image:width\" content=\"470\" \/>\n\t<meta property=\"og:image:height\" content=\"340\" \/>\n\t<meta property=\"og:image:type\" content=\"image\/jpeg\" \/>\n<meta name=\"twitter:card\" content=\"summary_large_image\" \/>\n<meta name=\"twitter:label1\" content=\"Gesch\u00e4tzte Lesezeit\" \/>\n\t<meta name=\"twitter:data1\" content=\"5\u00a0Minuten\" \/>\n<script type=\"application\/ld+json\" class=\"yoast-schema-graph\">{\"@context\":\"https:\/\/schema.org\",\"@graph\":[{\"@type\":\"Organization\",\"@id\":\"https:\/\/hytt.eu\/#organization\",\"name\":\"HYTT Hygienic Transport Systems & Technologies\",\"url\":\"https:\/\/hytt.eu\/\",\"sameAs\":[\"https:\/\/www.linkedin.com\/company\/hytt-hygienic-transport-systems-technologies\",\"https:\/\/www.youtube.com\/channel\/UC3GeBVI3O47wUcLwTijHTbg\"],\"logo\":{\"@type\":\"ImageObject\",\"@id\":\"https:\/\/hytt.eu\/#logo\",\"inLanguage\":\"de\",\"url\":\"https:\/\/hytt.eu\/wp-content\/uploads\/2019\/02\/Logo_HYTT-1024x993.jpg\",\"contentUrl\":\"https:\/\/hytt.eu\/wp-content\/uploads\/2019\/02\/Logo_HYTT-1024x993.jpg\",\"width\":1024,\"height\":993,\"caption\":\"HYTT Hygienic Transport Systems & Technologies\"},\"image\":{\"@id\":\"https:\/\/hytt.eu\/#logo\"}},{\"@type\":\"WebSite\",\"@id\":\"https:\/\/hytt.eu\/#website\",\"url\":\"https:\/\/hytt.eu\/\",\"name\":\"HYTT\",\"description\":\"Hygienic Transport systems &amp; Techologies\",\"publisher\":{\"@id\":\"https:\/\/hytt.eu\/#organization\"},\"potentialAction\":[{\"@type\":\"SearchAction\",\"target\":{\"@type\":\"EntryPoint\",\"urlTemplate\":\"https:\/\/hytt.eu\/?s={search_term_string}\"},\"query-input\":\"required name=search_term_string\"}],\"inLanguage\":\"de\"},{\"@type\":\"ImageObject\",\"@id\":\"https:\/\/hytt.eu\/hygienic-food-processing\/#primaryimage\",\"inLanguage\":\"de\",\"url\":\"https:\/\/hytt.eu\/wp-content\/uploads\/2021\/07\/suction-points-for-waste.jpg\",\"contentUrl\":\"https:\/\/hytt.eu\/wp-content\/uploads\/2021\/07\/suction-points-for-waste.jpg\",\"width\":470,\"height\":340},{\"@type\":\"WebPage\",\"@id\":\"https:\/\/hytt.eu\/hygienic-food-processing\/#webpage\",\"url\":\"https:\/\/hytt.eu\/hygienic-food-processing\/\",\"name\":\"Hygienische Produktionsumgebung bei der Lebensmittelverarbeitung - HYTT.eu\",\"isPartOf\":{\"@id\":\"https:\/\/hytt.eu\/#website\"},\"primaryImageOfPage\":{\"@id\":\"https:\/\/hytt.eu\/hygienic-food-processing\/#primaryimage\"},\"datePublished\":\"2022-09-04T10:17:19+00:00\",\"dateModified\":\"2022-12-06T10:13:45+00:00\",\"description\":\"Die schnelle und hygienische Absaugung von Abfallstr\u00f6men tr\u00e4gt dazu bei, die Produktionsumgebung in der Lebensmittelverarbeitung sauber und sicher zu halten.\",\"breadcrumb\":{\"@id\":\"https:\/\/hytt.eu\/hygienic-food-processing\/#breadcrumb\"},\"inLanguage\":\"de\",\"potentialAction\":[{\"@type\":\"ReadAction\",\"target\":[\"https:\/\/hytt.eu\/hygienic-food-processing\/\"]}]},{\"@type\":\"BreadcrumbList\",\"@id\":\"https:\/\/hytt.eu\/hygienic-food-processing\/#breadcrumb\",\"itemListElement\":[{\"@type\":\"ListItem\",\"position\":1,\"name\":\"Home\",\"item\":\"https:\/\/hytt.eu\/de\/\"},{\"@type\":\"ListItem\",\"position\":2,\"name\":\"Hygienische Lebensmittelverarbeitung\"}]}]}<\/script>\n<!-- \/ Yoast SEO plugin. -->","yoast_head_json":{"title":"Hygienische Produktionsumgebung bei der Lebensmittelverarbeitung - HYTT.eu","description":"Die schnelle und hygienische Absaugung von Abfallstr\u00f6men tr\u00e4gt dazu bei, die Produktionsumgebung in der Lebensmittelverarbeitung sauber und sicher zu halten.","robots":{"index":"index","follow":"follow","max-snippet":"max-snippet:-1","max-image-preview":"max-image-preview:large","max-video-preview":"max-video-preview:-1"},"canonical":"https:\/\/hytt.eu\/hygienic-food-processing\/","og_locale":"de_DE","og_type":"article","og_title":"Hygienische Produktionsumgebung bei der Lebensmittelverarbeitung - HYTT.eu","og_description":"Die schnelle und hygienische Absaugung von Abfallstr\u00f6men tr\u00e4gt dazu bei, die Produktionsumgebung in der Lebensmittelverarbeitung sauber und sicher zu halten.","og_url":"https:\/\/hytt.eu\/hygienic-food-processing\/","og_site_name":"HYTT","article_modified_time":"2022-12-06T10:13:45+00:00","og_image":[{"width":470,"height":340,"url":"https:\/\/hytt.eu\/wp-content\/uploads\/2021\/07\/suction-points-for-waste.jpg","type":"image\/jpeg"}],"twitter_card":"summary_large_image","twitter_misc":{"Gesch\u00e4tzte Lesezeit":"5\u00a0Minuten"},"schema":{"@context":"https:\/\/schema.org","@graph":[{"@type":"Organization","@id":"https:\/\/hytt.eu\/#organization","name":"HYTT Hygienic Transport Systems & Technologies","url":"https:\/\/hytt.eu\/","sameAs":["https:\/\/www.linkedin.com\/company\/hytt-hygienic-transport-systems-technologies","https:\/\/www.youtube.com\/channel\/UC3GeBVI3O47wUcLwTijHTbg"],"logo":{"@type":"ImageObject","@id":"https:\/\/hytt.eu\/#logo","inLanguage":"de","url":"https:\/\/hytt.eu\/wp-content\/uploads\/2019\/02\/Logo_HYTT-1024x993.jpg","contentUrl":"https:\/\/hytt.eu\/wp-content\/uploads\/2019\/02\/Logo_HYTT-1024x993.jpg","width":1024,"height":993,"caption":"HYTT Hygienic Transport Systems & Technologies"},"image":{"@id":"https:\/\/hytt.eu\/#logo"}},{"@type":"WebSite","@id":"https:\/\/hytt.eu\/#website","url":"https:\/\/hytt.eu\/","name":"HYTT","description":"Hygienic Transport systems &amp; Techologies","publisher":{"@id":"https:\/\/hytt.eu\/#organization"},"potentialAction":[{"@type":"SearchAction","target":{"@type":"EntryPoint","urlTemplate":"https:\/\/hytt.eu\/?s={search_term_string}"},"query-input":"required name=search_term_string"}],"inLanguage":"de"},{"@type":"ImageObject","@id":"https:\/\/hytt.eu\/hygienic-food-processing\/#primaryimage","inLanguage":"de","url":"https:\/\/hytt.eu\/wp-content\/uploads\/2021\/07\/suction-points-for-waste.jpg","contentUrl":"https:\/\/hytt.eu\/wp-content\/uploads\/2021\/07\/suction-points-for-waste.jpg","width":470,"height":340},{"@type":"WebPage","@id":"https:\/\/hytt.eu\/hygienic-food-processing\/#webpage","url":"https:\/\/hytt.eu\/hygienic-food-processing\/","name":"Hygienische Produktionsumgebung bei der Lebensmittelverarbeitung - HYTT.eu","isPartOf":{"@id":"https:\/\/hytt.eu\/#website"},"primaryImageOfPage":{"@id":"https:\/\/hytt.eu\/hygienic-food-processing\/#primaryimage"},"datePublished":"2022-09-04T10:17:19+00:00","dateModified":"2022-12-06T10:13:45+00:00","description":"Die schnelle und hygienische Absaugung von Abfallstr\u00f6men tr\u00e4gt dazu bei, die Produktionsumgebung in der Lebensmittelverarbeitung sauber und sicher zu halten.","breadcrumb":{"@id":"https:\/\/hytt.eu\/hygienic-food-processing\/#breadcrumb"},"inLanguage":"de","potentialAction":[{"@type":"ReadAction","target":["https:\/\/hytt.eu\/hygienic-food-processing\/"]}]},{"@type":"BreadcrumbList","@id":"https:\/\/hytt.eu\/hygienic-food-processing\/#breadcrumb","itemListElement":[{"@type":"ListItem","position":1,"name":"Home","item":"https:\/\/hytt.eu\/de\/"},{"@type":"ListItem","position":2,"name":"Hygienische Lebensmittelverarbeitung"}]}]}},"_links":{"self":[{"href":"https:\/\/hytt.eu\/de\/wp-json\/wp\/v2\/pages\/6770","targetHints":{"allow":["GET"]}}],"collection":[{"href":"https:\/\/hytt.eu\/de\/wp-json\/wp\/v2\/pages"}],"about":[{"href":"https:\/\/hytt.eu\/de\/wp-json\/wp\/v2\/types\/page"}],"author":[{"embeddable":true,"href":"https:\/\/hytt.eu\/de\/wp-json\/wp\/v2\/users\/2"}],"replies":[{"embeddable":true,"href":"https:\/\/hytt.eu\/de\/wp-json\/wp\/v2\/comments?post=6770"}],"version-history":[{"count":0,"href":"https:\/\/hytt.eu\/de\/wp-json\/wp\/v2\/pages\/6770\/revisions"}],"wp:featuredmedia":[{"embeddable":true,"href":"https:\/\/hytt.eu\/de\/wp-json\/wp\/v2\/media\/5697"}],"wp:attachment":[{"href":"https:\/\/hytt.eu\/de\/wp-json\/wp\/v2\/media?parent=6770"}],"curies":[{"name":"wp","href":"https:\/\/api.w.org\/{rel}","templated":true}]}}