{"id":6715,"date":"2022-08-29T10:26:28","date_gmt":"2022-08-29T10:26:28","guid":{"rendered":"https:\/\/hytt.eu\/lebensmittelverarbeitende-industrie\/"},"modified":"2022-09-04T10:34:41","modified_gmt":"2022-09-04T10:34:41","slug":"lebensmittelverarbeitende-industrie","status":"publish","type":"page","link":"https:\/\/hytt.eu\/de\/lebensmittelverarbeitende-industrie\/","title":{"rendered":"Lebensmittelverarbeitende Industrie,"},"content":{"rendered":"<p>[et_pb_section fb_built=&#8220;1&#8243; fullwidth=&#8220;on&#8220; admin_label=&#8220;Section&#8220; _builder_version=&#8220;4.9.2&#8243; bottom_divider_style=&#8220;slant2&#8243; bottom_divider_color=&#8220;#ffffff&#8220; bottom_divider_height=&#8220;45px&#8220; bottom_divider_flip=&#8220;vertical&#8220; global_colors_info=&#8220;{}&#8220;][et_pb_fullwidth_header title=&#8220;Lebensmittelverarbeitende Industrie &#8220; _builder_version=&#8220;4.14.8&#8243; title_font=&#8220;||||||||&#8220; title_text_align=&#8220;center&#8220; background_image=&#8220;https:\/\/hytt.eu\/wp-content\/uploads\/2019\/04\/slider-pork.jpg&#8220; custom_padding=&#8220;||100px|||&#8220; hover_enabled=&#8220;0&#8243; global_colors_info=&#8220;{}&#8220; sticky_enabled=&#8220;0&#8243;][\/et_pb_fullwidth_header][\/et_pb_section][et_pb_section fb_built=&#8220;1&#8243; _builder_version=&#8220;3.25.3&#8243; custom_padding=&#8220;||29px|||&#8220; top_divider_color=&#8220;#ffffff&#8220; top_divider_flip=&#8220;horizontal&#8220; global_colors_info=&#8220;{}&#8220;][et_pb_row _builder_version=&#8220;3.25.3&#8243; global_colors_info=&#8220;{}&#8220;][et_pb_column type=&#8220;4_4&#8243; _builder_version=&#8220;3.25.3&#8243; global_colors_info=&#8220;{}&#8220;][et_pb_text _builder_version=&#8220;4.14.8&#8243; text_font=&#8220;||||||||&#8220; text_text_color=&#8220;#6b6b6b&#8220; text_font_size=&#8220;15px&#8220; header_font=&#8220;||||||||&#8220; header_text_color=&#8220;#000000&#8243; header_2_font=&#8220;||||||||&#8220; header_2_text_color=&#8220;#000000&#8243; header_2_font_size=&#8220;45px&#8220; header_3_font=&#8220;||||||||&#8220; header_3_text_color=&#8220;#000000&#8243; hover_enabled=&#8220;0&#8243; global_colors_info=&#8220;{}&#8220; sticky_enabled=&#8220;0&#8243;]<\/p>\n<h2>Lebensmittelproduktionsindustrien, f\u00fcr die wir arbeiten<\/h2>\n<p>Wir sind spezialisiert auf den Transport verschiedener Arten von Lebensmitteln, von Nebenprodukten bis hin zu (essbaren) Endprodukten. Wir helfen Lebensmittelherstellern beim internen Transport von Abf\u00e4llen und Reststoffen, damit sie hygienisch, sicher und effizient produzieren und die Lebensmittelsicherheit gew\u00e4hrleisten k\u00f6nnen.<\/p>\n<p>Unsere Vakuumf\u00f6rdersysteme sorgen f\u00fcr bessere Hygiene, hohe Leistung, eine deutliche Verringerung des Risikos von Kreuzkontaminationen und eine Verbesserung der Sicherheit. Sie gelten als der neue Standard f\u00fcr die lebensmittelverarbeitende Industrie: hygienischer, sicherer, effizienter und nachhaltiger.<\/p>\n<p>Unsere hygienischen internen Transportsysteme werden in den folgenden lebensmittelverarbeitenden Branchen erfolgreich eingesetzt.<br \/>&#8211; <a href=\"https:\/\/hytt.eu\/de\/obst-gemuse-losungen\/\">Gem\u00fcse- und Obstverarbeitungsindustrie<\/a><br \/>&#8211; Fleischverarbeitende Industrie (<a href=\"https:\/\/hytt.eu\/de\/rind-losungen\/\">Rinder<\/a> und <a href=\"https:\/\/hytt.eu\/de\/schwein-losungen\/\">Schweine<\/a>)<br \/>&#8211; <a href=\"https:\/\/hytt.eu\/de\/geflugel-losungen\/\">Gefl\u00fcgel verarbeitende<\/a> Industrie<br \/>&#8211; <a href=\"https:\/\/hytt.eu\/de\/fisch-meeresfruchte-losungen\/\">Fisch verarbeitende<\/a> Industrie<\/p>\n<p>[\/et_pb_text][et_pb_divider color=&#8220;#000000&#8243; divider_weight=&#8220;2px&#8220; _builder_version=&#8220;3.25.3&#8243; width=&#8220;15%&#8220; module_alignment=&#8220;right&#8220; custom_margin=&#8220;-15px|||||&#8220; global_colors_info=&#8220;{}&#8220;][\/et_pb_divider][\/et_pb_column][\/et_pb_row][\/et_pb_section][et_pb_section fb_built=&#8220;1&#8243; next_background_color=&#8220;#eb5b55&#8243; _builder_version=&#8220;3.25.3&#8243; background_color=&#8220;#ededed&#8220; custom_margin=&#8220;-30px|||||&#8220; custom_padding=&#8220;||84px|||&#8220; bottom_divider_style=&#8220;slant2&#8243; bottom_divider_height=&#8220;61px&#8220; global_colors_info=&#8220;{}&#8220;][et_pb_row column_structure=&#8220;1_5,1_5,1_5,1_5,1_5&#8243; _builder_version=&#8220;4.9.2&#8243; custom_margin=&#8220;23px|auto|0px|auto||&#8220; custom_padding=&#8220;3px|||||&#8220; global_colors_info=&#8220;{}&#8220;][et_pb_column type=&#8220;1_5&#8243; _builder_version=&#8220;3.25.3&#8243; global_colors_info=&#8220;{}&#8220;][et_pb_blurb title=&#8220;Rinderverarbeitungsindustrie&#8220; image_icon_width=&#8220;40%&#8220; _builder_version=&#8220;4.14.8&#8243; header_level=&#8220;h3&#8243; header_font=&#8220;||||||||&#8220; header_text_color=&#8220;#000000&#8243; header_font_size=&#8220;30px&#8220; body_font=&#8220;||||||||&#8220; body_font_size=&#8220;15px&#8220; text_orientation=&#8220;center&#8220; link_option_url=&#8220;https:\/\/hytt.eu\/de\/rind-losungen\/&#8220; link_option_url_new_window=&#8220;on&#8220; image_max_width=&#8220;40%&#8220; global_colors_info=&#8220;{}&#8220;]<\/p>\n<p style=\"text-align: center;\"><img decoding=\"async\" class=\"wp-image-3666 alignleft size-full\" src=\"https:\/\/hytt.eu\/wp-content\/uploads\/2019\/10\/CattleMiddel-1.svg\" alt=\"\" width=\"250.08\" height=\"250.08\" srcset=\"https:\/\/hytt.eu\/wp-content\/uploads\/\/2019\/10\/CattleMiddel-1.svg 150w, https:\/\/hytt.eu\/wp-content\/uploads\/\/2019\/10\/CattleMiddel-1.svg 300w, https:\/\/hytt.eu\/wp-content\/uploads\/\/2019\/10\/CattleMiddel-1.svg 1024w, https:\/\/hytt.eu\/wp-content\/uploads\/\/2019\/10\/CattleMiddel-1.svg 250w\" sizes=\"(max-width: 250px) 100vw, 250px\" \/><\/p>\n<p>[\/et_pb_blurb][\/et_pb_column][et_pb_column type=&#8220;1_5&#8243; _builder_version=&#8220;3.25.3&#8243; global_colors_info=&#8220;{}&#8220;][et_pb_blurb title=&#8220;Schweineverarbeitende Industrie&#8220; image_icon_width=&#8220;40%&#8220; _builder_version=&#8220;4.13.0&#8243; header_level=&#8220;h3&#8243; header_font=&#8220;||||||||&#8220; header_text_align=&#8220;center&#8220; header_text_color=&#8220;#000000&#8243; header_font_size=&#8220;30px&#8220; body_font=&#8220;||||||||&#8220; body_font_size=&#8220;15px&#8220; link_option_url=&#8220;https:\/\/hytt.eu\/de\/schwein-losungen\/&#8220; link_option_url_new_window=&#8220;on&#8220; image_max_width=&#8220;40%&#8220; global_colors_info=&#8220;{}&#8220;]<\/p>\n<p style=\"text-align: center;\"><img decoding=\"async\" class=\"wp-image-3658 alignleft size-full\" src=\"https:\/\/hytt.eu\/wp-content\/uploads\/2019\/10\/PigMiddel-1.svg\" alt=\"\" width=\"250.08\" height=\"250.08\" srcset=\"https:\/\/hytt.eu\/wp-content\/uploads\/\/2019\/10\/PigMiddel-1.svg 150w, https:\/\/hytt.eu\/wp-content\/uploads\/\/2019\/10\/PigMiddel-1.svg 300w, https:\/\/hytt.eu\/wp-content\/uploads\/\/2019\/10\/PigMiddel-1.svg 1024w, https:\/\/hytt.eu\/wp-content\/uploads\/\/2019\/10\/PigMiddel-1.svg 250w\" sizes=\"(max-width: 250px) 100vw, 250px\" \/><\/p>\n<p>[\/et_pb_blurb][\/et_pb_column][et_pb_column type=&#8220;1_5&#8243; _builder_version=&#8220;3.25.3&#8243; global_colors_info=&#8220;{}&#8220;][et_pb_blurb title=&#8220;Gefl\u00fcgelverarbeitende Industrie&#8220; url_new_window=&#8220;on&#8220; image_icon_width=&#8220;40%&#8220; _builder_version=&#8220;4.13.0&#8243; header_level=&#8220;h3&#8243; header_font=&#8220;||||||||&#8220; header_text_align=&#8220;center&#8220; header_text_color=&#8220;#000000&#8243; header_font_size=&#8220;30px&#8220; body_font=&#8220;||||||||&#8220; body_font_size=&#8220;15px&#8220; link_option_url=&#8220;https:\/\/hytt.eu\/de\/geflugel-losungen\/&#8220; image_max_width=&#8220;40%&#8220; global_colors_info=&#8220;{}&#8220;]<\/p>\n<p style=\"text-align: center;\"><img decoding=\"async\" class=\"wp-image-3636 alignleft size-full\" src=\"https:\/\/hytt.eu\/wp-content\/uploads\/2019\/10\/PoultryMiddel-1.svg\" alt=\"\" width=\"250.08\" height=\"250.08\" srcset=\"https:\/\/hytt.eu\/wp-content\/uploads\/\/2019\/10\/PoultryMiddel-1.svg 150w, https:\/\/hytt.eu\/wp-content\/uploads\/\/2019\/10\/PoultryMiddel-1.svg 300w, https:\/\/hytt.eu\/wp-content\/uploads\/\/2019\/10\/PoultryMiddel-1.svg 1024w, https:\/\/hytt.eu\/wp-content\/uploads\/\/2019\/10\/PoultryMiddel-1.svg 250w\" sizes=\"(max-width: 250px) 100vw, 250px\" \/><\/p>\n<p>[\/et_pb_blurb][\/et_pb_column][et_pb_column type=&#8220;1_5&#8243; _builder_version=&#8220;3.25.3&#8243; global_colors_info=&#8220;{}&#8220;][et_pb_blurb title=&#8220;Fischverarbeitende Industrie&#8220; url_new_window=&#8220;on&#8220; image_icon_width=&#8220;40%&#8220; _builder_version=&#8220;4.13.0&#8243; header_level=&#8220;h3&#8243; header_font=&#8220;||||||||&#8220; header_text_color=&#8220;#000000&#8243; header_font_size=&#8220;30px&#8220; body_font=&#8220;||||||||&#8220; body_font_size=&#8220;15px&#8220; text_orientation=&#8220;center&#8220; link_option_url=&#8220;https:\/\/hytt.eu\/de\/fisch-meeresfruchte-losungen\/&#8220; link_option_url_new_window=&#8220;on&#8220; image_max_width=&#8220;40%&#8220; global_colors_info=&#8220;{}&#8220;]<\/p>\n<p style=\"text-align: center;\"><img decoding=\"async\" class=\"wp-image-3690 alignleft size-full\" src=\"https:\/\/hytt.eu\/wp-content\/uploads\/2019\/10\/FishMiddel-1.svg\" alt=\"\" width=\"250.08\" height=\"250.08\" srcset=\"https:\/\/hytt.eu\/wp-content\/uploads\/\/2019\/10\/FishMiddel-1.svg 150w, https:\/\/hytt.eu\/wp-content\/uploads\/\/2019\/10\/FishMiddel-1.svg 300w, https:\/\/hytt.eu\/wp-content\/uploads\/\/2019\/10\/FishMiddel-1.svg 1024w, https:\/\/hytt.eu\/wp-content\/uploads\/\/2019\/10\/FishMiddel-1.svg 250w\" sizes=\"(max-width: 250px) 100vw, 250px\" \/><\/p>\n<p>[\/et_pb_blurb][\/et_pb_column][et_pb_column type=&#8220;1_5&#8243; _builder_version=&#8220;3.25.3&#8243; global_colors_info=&#8220;{}&#8220;][et_pb_blurb title=&#8220;Obst und Gem\u00fcse verarbeitende Industrie&#8220; url_new_window=&#8220;on&#8220; image_icon_width=&#8220;40%&#8220; _builder_version=&#8220;4.13.0&#8243; header_level=&#8220;h3&#8243; header_font=&#8220;||||||||&#8220; header_text_color=&#8220;#000000&#8243; header_font_size=&#8220;30px&#8220; body_font=&#8220;||||||||&#8220; body_font_size=&#8220;15px&#8220; text_orientation=&#8220;center&#8220; link_option_url=&#8220;https:\/\/hytt.eu\/de\/obst-gemuse-losungen\/&#8220; image_max_width=&#8220;40%&#8220; global_colors_info=&#8220;{}&#8220;]<\/p>\n<p><img loading=\"lazy\" decoding=\"async\" class=\"wp-image-3294 alignleft size-full\" src=\"https:\/\/hytt.eu\/wp-content\/uploads\/2019\/09\/icons-05.png\" alt=\"\" width=\"1042\" height=\"1042\" srcset=\"https:\/\/hytt.eu\/wp-content\/uploads\/2019\/09\/icons-05.png 1042w, https:\/\/hytt.eu\/wp-content\/uploads\/2019\/09\/icons-05-150x150.png 150w, https:\/\/hytt.eu\/wp-content\/uploads\/2019\/09\/icons-05-300x300.png 300w, https:\/\/hytt.eu\/wp-content\/uploads\/2019\/09\/icons-05-768x768.png 768w, https:\/\/hytt.eu\/wp-content\/uploads\/2019\/09\/icons-05-1024x1024.png 1024w\" sizes=\"(max-width: 1042px) 100vw, 1042px\" \/><\/p>\n<p>[\/et_pb_blurb][\/et_pb_column][\/et_pb_row][\/et_pb_section][et_pb_section fb_built=&#8220;1&#8243; prev_background_color=&#8220;#ededed&#8220; _builder_version=&#8220;3.25.3&#8243; background_color=&#8220;#eb5b55&#8243; min_height=&#8220;222px&#8220; custom_margin=&#8220;-12px|||||&#8220; custom_padding=&#8220;78px||1px|||&#8220; top_divider_style=&#8220;slant2&#8243; top_divider_height=&#8220;50px&#8220; top_divider_flip=&#8220;vertical&#8220; bottom_divider_height=&#8220;50px&#8220; bottom_divider_flip=&#8220;vertical&#8220; global_colors_info=&#8220;{}&#8220;][et_pb_row column_structure=&#8220;3_4,1_4&#8243; _builder_version=&#8220;3.25.3&#8243; global_colors_info=&#8220;{}&#8220;][et_pb_column type=&#8220;3_4&#8243; _builder_version=&#8220;3.25.3&#8243; global_colors_info=&#8220;{}&#8220;][et_pb_text _builder_version=&#8220;3.27.4&#8243; text_font=&#8220;Dosis|700|||||||&#8220; text_text_color=&#8220;#ffffff&#8220; text_font_size=&#8220;45px&#8220; header_font=&#8220;||||||||&#8220; header_2_font=&#8220;||||||||&#8220; header_2_text_color=&#8220;#ffffff&#8220; header_2_font_size=&#8220;45px&#8220; global_colors_info=&#8220;{}&#8220;]<\/p>\n<h2>Neugierig, was wir f\u00fcr Sie tun k\u00f6nnen?<\/h2>\n<p>[\/et_pb_text][\/et_pb_column][et_pb_column type=&#8220;1_4&#8243; _builder_version=&#8220;3.25.3&#8243; global_colors_info=&#8220;{}&#8220;][et_pb_button button_url=&#8220;https:\/\/hytt.eu\/de\/kontakt\/&#8220; button_text=&#8220;Kontakt aufnehmen&#8220; _builder_version=&#8220;4.13.0&#8243; custom_button=&#8220;on&#8220; button_text_size=&#8220;26px&#8220; button_text_color=&#8220;#ffffff&#8220; button_border_color=&#8220;#ffffff&#8220; button_border_radius=&#8220;3px&#8220; button_font=&#8220;Dosis|600||on|||||&#8220; button_icon=&#8220;&#x35;||divi||400&#8243; button_icon_color=&#8220;#000000&#8243; background_layout=&#8220;dark&#8220; custom_margin=&#8220;-15px||&#8220; global_colors_info=&#8220;{}&#8220; button_text_color__hover_enabled=&#8220;on&#8220; button_text_color__hover=&#8220;#000000&#8243; button_bg_color__hover_enabled=&#8220;on&#8220; button_bg_color__hover=&#8220;rgba(0,0,0,0)&#8220; button_bg_enable_color__hover=&#8220;on&#8220; button_border_color__hover_enabled=&#8220;on&#8220; button_border_color__hover=&#8220;#000000&#8243;][\/et_pb_button][\/et_pb_column][\/et_pb_row][\/et_pb_section]<\/p>\n","protected":false},"excerpt":{"rendered":"<p>Lebensmittelproduktionsindustrien, f\u00fcr die wir arbeiten Wir sind spezialisiert auf den Transport verschiedener Arten von Lebensmitteln, von Nebenprodukten bis hin zu (essbaren) Endprodukten. Wir helfen Lebensmittelherstellern beim internen Transport von Abf\u00e4llen und Reststoffen, damit sie hygienisch, sicher und effizient produzieren und die Lebensmittelsicherheit gew\u00e4hrleisten k\u00f6nnen. Unsere Vakuumf\u00f6rdersysteme sorgen f\u00fcr bessere Hygiene, hohe Leistung, eine deutliche Verringerung [&hellip;]<\/p>\n","protected":false},"author":2,"featured_media":0,"parent":0,"menu_order":0,"comment_status":"closed","ping_status":"closed","template":"","meta":{"_et_pb_use_builder":"on","_et_pb_old_content":"","_et_gb_content_width":"","footnotes":""},"class_list":["post-6715","page","type-page","status-publish","hentry"],"yoast_head":"<!-- This site is optimized with the Yoast SEO plugin v18.2 - https:\/\/yoast.com\/wordpress\/plugins\/seo\/ -->\n<title>Lebensmittelverarbeitende Industrie f\u00fcr die wir arbeiten - HYTT.eu<\/title>\n<meta name=\"description\" content=\"Wir helfen der lebensmittelverarbeitenden Industrie beim innerbetrieblichen Transport von Abf\u00e4llen und Reststoffen, damit sie hygienisch produzieren kann.\" \/>\n<meta name=\"robots\" content=\"index, follow, max-snippet:-1, max-image-preview:large, max-video-preview:-1\" \/>\n<link rel=\"canonical\" href=\"https:\/\/hytt.eu\/de\/lebensmittelverarbeitende-industrie\/\" \/>\n<meta property=\"og:locale\" content=\"de_DE\" \/>\n<meta property=\"og:type\" content=\"article\" \/>\n<meta property=\"og:title\" content=\"Lebensmittelverarbeitende Industrie f\u00fcr die wir arbeiten - HYTT.eu\" \/>\n<meta property=\"og:description\" content=\"Wir helfen der lebensmittelverarbeitenden Industrie beim innerbetrieblichen Transport von Abf\u00e4llen und Reststoffen, damit sie hygienisch produzieren kann.\" \/>\n<meta property=\"og:url\" content=\"https:\/\/hytt.eu\/de\/lebensmittelverarbeitende-industrie\/\" \/>\n<meta property=\"og:site_name\" content=\"HYTT\" \/>\n<meta property=\"article:modified_time\" content=\"2022-09-04T10:34:41+00:00\" \/>\n<meta property=\"og:image\" content=\"https:\/\/hytt.eu\/wp-content\/uploads\/2019\/10\/CattleMiddel-1.svg\" \/>\n<meta name=\"twitter:card\" content=\"summary_large_image\" \/>\n<meta name=\"twitter:label1\" content=\"Gesch\u00e4tzte Lesezeit\" \/>\n\t<meta name=\"twitter:data1\" content=\"5\u00a0Minuten\" \/>\n<script type=\"application\/ld+json\" class=\"yoast-schema-graph\">{\"@context\":\"https:\/\/schema.org\",\"@graph\":[{\"@type\":\"Organization\",\"@id\":\"https:\/\/hytt.eu\/#organization\",\"name\":\"HYTT Hygienic Transport Systems & Technologies\",\"url\":\"https:\/\/hytt.eu\/\",\"sameAs\":[\"https:\/\/www.linkedin.com\/company\/hytt-hygienic-transport-systems-technologies\",\"https:\/\/www.youtube.com\/channel\/UC3GeBVI3O47wUcLwTijHTbg\"],\"logo\":{\"@type\":\"ImageObject\",\"@id\":\"https:\/\/hytt.eu\/#logo\",\"inLanguage\":\"de\",\"url\":\"https:\/\/hytt.eu\/wp-content\/uploads\/2019\/02\/Logo_HYTT-1024x993.jpg\",\"contentUrl\":\"https:\/\/hytt.eu\/wp-content\/uploads\/2019\/02\/Logo_HYTT-1024x993.jpg\",\"width\":1024,\"height\":993,\"caption\":\"HYTT Hygienic Transport Systems & Technologies\"},\"image\":{\"@id\":\"https:\/\/hytt.eu\/#logo\"}},{\"@type\":\"WebSite\",\"@id\":\"https:\/\/hytt.eu\/#website\",\"url\":\"https:\/\/hytt.eu\/\",\"name\":\"HYTT\",\"description\":\"Hygienic Transport systems &amp; Techologies\",\"publisher\":{\"@id\":\"https:\/\/hytt.eu\/#organization\"},\"potentialAction\":[{\"@type\":\"SearchAction\",\"target\":{\"@type\":\"EntryPoint\",\"urlTemplate\":\"https:\/\/hytt.eu\/?s={search_term_string}\"},\"query-input\":\"required name=search_term_string\"}],\"inLanguage\":\"de\"},{\"@type\":\"ImageObject\",\"@id\":\"https:\/\/hytt.eu\/de\/lebensmittelverarbeitende-industrie\/#primaryimage\",\"inLanguage\":\"de\",\"url\":\"https:\/\/hytt.eu\/wp-content\/uploads\/2019\/10\/CattleMiddel-1.svg\",\"contentUrl\":\"https:\/\/hytt.eu\/wp-content\/uploads\/2019\/10\/CattleMiddel-1.svg\",\"width\":250,\"height\":250},{\"@type\":\"WebPage\",\"@id\":\"https:\/\/hytt.eu\/de\/lebensmittelverarbeitende-industrie\/#webpage\",\"url\":\"https:\/\/hytt.eu\/de\/lebensmittelverarbeitende-industrie\/\",\"name\":\"Lebensmittelverarbeitende Industrie f\u00fcr die wir arbeiten - HYTT.eu\",\"isPartOf\":{\"@id\":\"https:\/\/hytt.eu\/#website\"},\"primaryImageOfPage\":{\"@id\":\"https:\/\/hytt.eu\/de\/lebensmittelverarbeitende-industrie\/#primaryimage\"},\"datePublished\":\"2022-08-29T10:26:28+00:00\",\"dateModified\":\"2022-09-04T10:34:41+00:00\",\"description\":\"Wir helfen der lebensmittelverarbeitenden Industrie beim innerbetrieblichen Transport von Abf\u00e4llen und Reststoffen, damit sie hygienisch produzieren kann.\",\"breadcrumb\":{\"@id\":\"https:\/\/hytt.eu\/de\/lebensmittelverarbeitende-industrie\/#breadcrumb\"},\"inLanguage\":\"de\",\"potentialAction\":[{\"@type\":\"ReadAction\",\"target\":[\"https:\/\/hytt.eu\/de\/lebensmittelverarbeitende-industrie\/\"]}]},{\"@type\":\"BreadcrumbList\",\"@id\":\"https:\/\/hytt.eu\/de\/lebensmittelverarbeitende-industrie\/#breadcrumb\",\"itemListElement\":[{\"@type\":\"ListItem\",\"position\":1,\"name\":\"Home\",\"item\":\"https:\/\/hytt.eu\/de\/\"},{\"@type\":\"ListItem\",\"position\":2,\"name\":\"Lebensmittelverarbeitende Industrie,\"}]}]}<\/script>\n<!-- \/ Yoast SEO plugin. -->","yoast_head_json":{"title":"Lebensmittelverarbeitende Industrie f\u00fcr die wir arbeiten - HYTT.eu","description":"Wir helfen der lebensmittelverarbeitenden Industrie beim innerbetrieblichen Transport von Abf\u00e4llen und Reststoffen, damit sie hygienisch produzieren kann.","robots":{"index":"index","follow":"follow","max-snippet":"max-snippet:-1","max-image-preview":"max-image-preview:large","max-video-preview":"max-video-preview:-1"},"canonical":"https:\/\/hytt.eu\/de\/lebensmittelverarbeitende-industrie\/","og_locale":"de_DE","og_type":"article","og_title":"Lebensmittelverarbeitende Industrie f\u00fcr die wir arbeiten - HYTT.eu","og_description":"Wir helfen der lebensmittelverarbeitenden Industrie beim innerbetrieblichen Transport von Abf\u00e4llen und Reststoffen, damit sie hygienisch produzieren kann.","og_url":"https:\/\/hytt.eu\/de\/lebensmittelverarbeitende-industrie\/","og_site_name":"HYTT","article_modified_time":"2022-09-04T10:34:41+00:00","og_image":[{"url":"https:\/\/hytt.eu\/wp-content\/uploads\/2019\/10\/CattleMiddel-1.svg"}],"twitter_card":"summary_large_image","twitter_misc":{"Gesch\u00e4tzte Lesezeit":"5\u00a0Minuten"},"schema":{"@context":"https:\/\/schema.org","@graph":[{"@type":"Organization","@id":"https:\/\/hytt.eu\/#organization","name":"HYTT Hygienic Transport Systems & Technologies","url":"https:\/\/hytt.eu\/","sameAs":["https:\/\/www.linkedin.com\/company\/hytt-hygienic-transport-systems-technologies","https:\/\/www.youtube.com\/channel\/UC3GeBVI3O47wUcLwTijHTbg"],"logo":{"@type":"ImageObject","@id":"https:\/\/hytt.eu\/#logo","inLanguage":"de","url":"https:\/\/hytt.eu\/wp-content\/uploads\/2019\/02\/Logo_HYTT-1024x993.jpg","contentUrl":"https:\/\/hytt.eu\/wp-content\/uploads\/2019\/02\/Logo_HYTT-1024x993.jpg","width":1024,"height":993,"caption":"HYTT Hygienic Transport Systems & Technologies"},"image":{"@id":"https:\/\/hytt.eu\/#logo"}},{"@type":"WebSite","@id":"https:\/\/hytt.eu\/#website","url":"https:\/\/hytt.eu\/","name":"HYTT","description":"Hygienic Transport systems &amp; Techologies","publisher":{"@id":"https:\/\/hytt.eu\/#organization"},"potentialAction":[{"@type":"SearchAction","target":{"@type":"EntryPoint","urlTemplate":"https:\/\/hytt.eu\/?s={search_term_string}"},"query-input":"required name=search_term_string"}],"inLanguage":"de"},{"@type":"ImageObject","@id":"https:\/\/hytt.eu\/de\/lebensmittelverarbeitende-industrie\/#primaryimage","inLanguage":"de","url":"https:\/\/hytt.eu\/wp-content\/uploads\/2019\/10\/CattleMiddel-1.svg","contentUrl":"https:\/\/hytt.eu\/wp-content\/uploads\/2019\/10\/CattleMiddel-1.svg","width":250,"height":250},{"@type":"WebPage","@id":"https:\/\/hytt.eu\/de\/lebensmittelverarbeitende-industrie\/#webpage","url":"https:\/\/hytt.eu\/de\/lebensmittelverarbeitende-industrie\/","name":"Lebensmittelverarbeitende Industrie f\u00fcr die wir arbeiten - HYTT.eu","isPartOf":{"@id":"https:\/\/hytt.eu\/#website"},"primaryImageOfPage":{"@id":"https:\/\/hytt.eu\/de\/lebensmittelverarbeitende-industrie\/#primaryimage"},"datePublished":"2022-08-29T10:26:28+00:00","dateModified":"2022-09-04T10:34:41+00:00","description":"Wir helfen der lebensmittelverarbeitenden Industrie beim innerbetrieblichen Transport von Abf\u00e4llen und Reststoffen, damit sie hygienisch produzieren kann.","breadcrumb":{"@id":"https:\/\/hytt.eu\/de\/lebensmittelverarbeitende-industrie\/#breadcrumb"},"inLanguage":"de","potentialAction":[{"@type":"ReadAction","target":["https:\/\/hytt.eu\/de\/lebensmittelverarbeitende-industrie\/"]}]},{"@type":"BreadcrumbList","@id":"https:\/\/hytt.eu\/de\/lebensmittelverarbeitende-industrie\/#breadcrumb","itemListElement":[{"@type":"ListItem","position":1,"name":"Home","item":"https:\/\/hytt.eu\/de\/"},{"@type":"ListItem","position":2,"name":"Lebensmittelverarbeitende Industrie,"}]}]}},"_links":{"self":[{"href":"https:\/\/hytt.eu\/de\/wp-json\/wp\/v2\/pages\/6715","targetHints":{"allow":["GET"]}}],"collection":[{"href":"https:\/\/hytt.eu\/de\/wp-json\/wp\/v2\/pages"}],"about":[{"href":"https:\/\/hytt.eu\/de\/wp-json\/wp\/v2\/types\/page"}],"author":[{"embeddable":true,"href":"https:\/\/hytt.eu\/de\/wp-json\/wp\/v2\/users\/2"}],"replies":[{"embeddable":true,"href":"https:\/\/hytt.eu\/de\/wp-json\/wp\/v2\/comments?post=6715"}],"version-history":[{"count":0,"href":"https:\/\/hytt.eu\/de\/wp-json\/wp\/v2\/pages\/6715\/revisions"}],"wp:attachment":[{"href":"https:\/\/hytt.eu\/de\/wp-json\/wp\/v2\/media?parent=6715"}],"curies":[{"name":"wp","href":"https:\/\/api.w.org\/{rel}","templated":true}]}}