{"id":6704,"date":"2022-08-26T07:52:38","date_gmt":"2022-08-26T07:52:38","guid":{"rendered":"https:\/\/hytt.eu\/hygienischer-interner-transport\/"},"modified":"2022-12-06T08:57:48","modified_gmt":"2022-12-06T08:57:48","slug":"hygienischer-interner-transport","status":"publish","type":"page","link":"https:\/\/hytt.eu\/de\/hygienischer-interner-transport\/","title":{"rendered":"Hygienischer interner Transport"},"content":{"rendered":"<p>[et_pb_section fb_built=&#8220;1&#8243; _builder_version=&#8220;4.14.8&#8243; background_color=&#8220;#FFFFFF&#8220; custom_padding=&#8220;22px|0px|50.5313px|0|false|false&#8220; border_style_all=&#8220;none&#8220; global_colors_info=&#8220;{}&#8220;][et_pb_row _builder_version=&#8220;4.14.8&#8243; background_size=&#8220;initial&#8220; background_position=&#8220;top_left&#8220; background_repeat=&#8220;repeat&#8220; global_colors_info=&#8220;{}&#8220;][et_pb_column type=&#8220;4_4&#8243; _builder_version=&#8220;3.25&#8243; custom_padding=&#8220;|||&#8220; global_colors_info=&#8220;{}&#8220; custom_padding__hover=&#8220;|||&#8220;][et_pb_text _builder_version=&#8220;4.14.8&#8243; text_font=&#8220;||||||||&#8220; text_text_color=&#8220;#000000&#8243; text_font_size=&#8220;15px&#8220; border_width_all=&#8220;15px&#8220; border_color_all=&#8220;#eb5b55&#8243; border_style_all=&#8220;none&#8220; global_colors_info=&#8220;{}&#8220;]<\/p>\n<h2>Hygienischer Transport<\/h2>\n<p>Der hygienische Transport von Lebensmitteln ist eine wichtige und schwierige Angelegenheit. HYTT hat viel Wissen und Energie in die Entwicklung eines \u00e4u\u00dferst hygienischen Transportsystems gesteckt. Dank des Wissens und der Leidenschaft unserer Mitarbeiter hat HYTT sich verpflichtet, ein System zu entwickeln, das so hygienisch wie m\u00f6glich ist.<\/p>\n<p>Das System besteht aus geschlossenen Edelstahlrohren, die Abf\u00e4lle oder Produkte aus dem Produktionsbereich absaugen. Die Abf\u00e4lle oder Produkte werden zu einem zentralen Punkt an einem anderen Ort in der Anlage transportiert. Da HYTT ein geschlossenes Rohrleitungssystem verwendet, wird das Risiko einer Kreuzkontamination erheblich reduziert, und der manuelle interne Transport entf\u00e4llt weitgehend oder vollst\u00e4ndig. Dies hat nicht nur den Vorteil, dass Platz gespart wird, sondern verbessert auch die Gesamthygiene, da in den Produktionsbereichen keine Gabelstapler mehr eingesetzt werden m\u00fcssen. Das HYTT-System macht auch die Arbeitspl\u00e4tze sauberer, indem es den Abfall oder das Produkt sofort absaugt. Dies sorgt nicht nur f\u00fcr einen saubereren, sondern auch f\u00fcr einen sichereren Arbeitsplatz.<\/p>\n<p>Da das HYTT-System den Abfall hygienisch absaugt, kann der Abfall in verkaufsf\u00e4hige Produkte umgewandelt werden. Das gibt Ihrem Unternehmen zus\u00e4tzliche M\u00f6glichkeiten und Gewinne. HYTT ist auf spezifische L\u00f6sungen spezialisiert, die sich an den Bed\u00fcrfnissen der Kunden orientieren. F\u00fcr jedes innerbetriebliche Transportproblem gibt es eine L\u00f6sung von HYTT.Neugierig, wie das HYTT-System funktioniert? M\u00f6chten Sie wissen, ob ein hygienischer innerbetrieblicher Transport von Abf\u00e4llen und Reststoffen in Ihrem Produktionsbereich m\u00f6glich ist? Wir stellen Ihnen gerne unsere Erfahrung zur Verf\u00fcgung.<\/p>\n<p>&nbsp;[\/et_pb_text][et_pb_divider color=&#8220;#000000&#8243; divider_weight=&#8220;2px&#8220; _builder_version=&#8220;3.25.3&#8243; width=&#8220;25%&#8220; module_alignment=&#8220;center&#8220; custom_margin=&#8220;-16px||-2px|||&#8220; global_colors_info=&#8220;{}&#8220;][\/et_pb_divider][et_pb_blog fullwidth=&#8220;off&#8220; posts_number=&#8220;18&#8243; include_categories=&#8220;51&#8243; excerpt_length=&#8220;230&#8243; show_more=&#8220;on&#8220; show_author=&#8220;off&#8220; show_date=&#8220;off&#8220; show_categories=&#8220;off&#8220; show_pagination=&#8220;off&#8220; masonry_tile_background_color=&#8220;#ededed&#8220; _builder_version=&#8220;4.14.8&#8243; header_font=&#8220;Dosis|700|||||||&#8220; header_text_align=&#8220;center&#8220; header_text_color=&#8220;#000000&#8243; header_font_size=&#8220;24px&#8220; body_font=&#8220;||||||||&#8220; body_font_size=&#8220;15px&#8220; meta_font=&#8220;||||||||&#8220; pagination_font=&#8220;||||||||&#8220; pagination_font_size_tablet=&#8220;51&#8243; pagination_line_height_tablet=&#8220;2&#8243; border_width_all_image=&#8220;1px&#8220; border_color_all_image=&#8220;#ededed&#8220; global_colors_info=&#8220;{}&#8220;][\/et_pb_blog][\/et_pb_column][\/et_pb_row][\/et_pb_section][et_pb_section fb_built=&#8220;1&#8243; prev_background_color=&#8220;#FFFFFF&#8220; _builder_version=&#8220;3.25.3&#8243; background_color=&#8220;#eb5b55&#8243; min_height=&#8220;222px&#8220; custom_margin=&#8220;-12px|||||&#8220; custom_padding=&#8220;78px||1px|||&#8220; top_divider_style=&#8220;slant2&#8243; top_divider_height=&#8220;50px&#8220; top_divider_flip=&#8220;vertical&#8220; bottom_divider_height=&#8220;50px&#8220; bottom_divider_flip=&#8220;vertical&#8220; locked=&#8220;off&#8220; global_colors_info=&#8220;{}&#8220;][et_pb_row column_structure=&#8220;3_4,1_4&#8243; _builder_version=&#8220;3.25.3&#8243; custom_padding=&#8220;30px||&#8220; global_colors_info=&#8220;{}&#8220;][et_pb_column type=&#8220;3_4&#8243; _builder_version=&#8220;3.25.3&#8243; global_colors_info=&#8220;{}&#8220;][et_pb_text _builder_version=&#8220;3.27.4&#8243; text_font=&#8220;Dosis|700|||||||&#8220; text_text_color=&#8220;#ffffff&#8220; text_font_size=&#8220;45px&#8220; header_font=&#8220;||||||||&#8220; header_2_font=&#8220;||||||||&#8220; header_2_text_color=&#8220;#ffffff&#8220; header_2_font_size=&#8220;45px&#8220; header_3_font=&#8220;||||||||&#8220; global_colors_info=&#8220;{}&#8220;]<\/p>\n<h2>Neugierig, was wir f\u00fcr Sie tun k\u00f6nnen?<\/h2>\n<p>[\/et_pb_text][\/et_pb_column][et_pb_column type=&#8220;1_4&#8243; _builder_version=&#8220;3.25.3&#8243; global_colors_info=&#8220;{}&#8220;][et_pb_button button_url=&#8220;https:\/\/hytt.eu\/de\/kontakt\/&#8220; button_text=&#8220;Kontakt aufnehmen&#8220; _builder_version=&#8220;4.13.0&#8243; custom_button=&#8220;on&#8220; button_text_size=&#8220;26px&#8220; button_text_color=&#8220;#ffffff&#8220; button_bg_color=&#8220;#eb5b55&#8243; button_border_color=&#8220;#ffffff&#8220; button_border_radius=&#8220;3px&#8220; button_font=&#8220;Dosis|600||on|||||&#8220; button_icon=&#8220;&#x35;||divi||400&#8243; background_layout=&#8220;dark&#8220; custom_margin=&#8220;-15px||&#8220; global_colors_info=&#8220;{}&#8220; button_text_color__hover_enabled=&#8220;on&#8220; button_text_color__hover=&#8220;#000000&#8243; button_border_color__hover_enabled=&#8220;on&#8220; button_border_color__hover=&#8220;#000000&#8243; button_bg_color__hover_enabled=&#8220;on&#8220; button_bg_color__hover=&#8220;#eb5b55&#8243;][\/et_pb_button][\/et_pb_column][\/et_pb_row][\/et_pb_section]<\/p>\n","protected":false},"excerpt":{"rendered":"<p>Hygienischer Transport Der hygienische Transport von Lebensmitteln ist eine wichtige und schwierige Angelegenheit. HYTT hat viel Wissen und Energie in die Entwicklung eines \u00e4u\u00dferst hygienischen Transportsystems gesteckt. Dank des Wissens und der Leidenschaft unserer Mitarbeiter hat HYTT sich verpflichtet, ein System zu entwickeln, das so hygienisch wie m\u00f6glich ist. Das System besteht aus geschlossenen Edelstahlrohren, [&hellip;]<\/p>\n","protected":false},"author":2,"featured_media":6263,"parent":0,"menu_order":0,"comment_status":"closed","ping_status":"closed","template":"","meta":{"_et_pb_use_builder":"on","_et_pb_old_content":"","_et_gb_content_width":"","footnotes":""},"class_list":["post-6704","page","type-page","status-publish","has-post-thumbnail","hentry"],"yoast_head":"<!-- This site is optimized with the Yoast SEO plugin v18.2 - https:\/\/yoast.com\/wordpress\/plugins\/seo\/ -->\n<title>Innerbetrieblicher Transport in der Lebensmittelindustrie - HYTT.eu<\/title>\n<meta name=\"description\" content=\"Der hygienische Transport von Lebensmitteln ist ein wesentlicher Faktor f\u00fcr die Lebensmittelsicherheit und -qualit\u00e4t. Hytt entwickelte ein hochhygienisches internes Transportsystem\" \/>\n<meta name=\"robots\" content=\"index, follow, max-snippet:-1, max-image-preview:large, max-video-preview:-1\" \/>\n<link rel=\"canonical\" href=\"https:\/\/hytt.eu\/de\/hygienischer-interner-transport\/\" \/>\n<meta property=\"og:locale\" content=\"de_DE\" \/>\n<meta property=\"og:type\" content=\"article\" \/>\n<meta property=\"og:title\" content=\"Innerbetrieblicher Transport in der Lebensmittelindustrie - HYTT.eu\" \/>\n<meta property=\"og:description\" content=\"Der hygienische Transport von Lebensmitteln ist ein wesentlicher Faktor f\u00fcr die Lebensmittelsicherheit und -qualit\u00e4t. Hytt entwickelte ein hochhygienisches internes Transportsystem\" \/>\n<meta property=\"og:url\" content=\"https:\/\/hytt.eu\/de\/hygienischer-interner-transport\/\" \/>\n<meta property=\"og:site_name\" content=\"HYTT\" \/>\n<meta property=\"article:modified_time\" content=\"2022-12-06T08:57:48+00:00\" \/>\n<meta property=\"og:image\" content=\"https:\/\/hytt.eu\/wp-content\/uploads\/2022\/05\/Hygiene-word-cloud-1-scaled.jpg\" \/>\n\t<meta property=\"og:image:width\" content=\"2560\" \/>\n\t<meta property=\"og:image:height\" content=\"1707\" \/>\n\t<meta property=\"og:image:type\" content=\"image\/jpeg\" \/>\n<meta name=\"twitter:card\" content=\"summary_large_image\" \/>\n<meta name=\"twitter:label1\" content=\"Gesch\u00e4tzte Lesezeit\" \/>\n\t<meta name=\"twitter:data1\" content=\"3\u00a0Minuten\" \/>\n<script type=\"application\/ld+json\" class=\"yoast-schema-graph\">{\"@context\":\"https:\/\/schema.org\",\"@graph\":[{\"@type\":\"Organization\",\"@id\":\"https:\/\/hytt.eu\/#organization\",\"name\":\"HYTT Hygienic Transport Systems & Technologies\",\"url\":\"https:\/\/hytt.eu\/\",\"sameAs\":[\"https:\/\/www.linkedin.com\/company\/hytt-hygienic-transport-systems-technologies\",\"https:\/\/www.youtube.com\/channel\/UC3GeBVI3O47wUcLwTijHTbg\"],\"logo\":{\"@type\":\"ImageObject\",\"@id\":\"https:\/\/hytt.eu\/#logo\",\"inLanguage\":\"de\",\"url\":\"https:\/\/hytt.eu\/wp-content\/uploads\/2019\/02\/Logo_HYTT-1024x993.jpg\",\"contentUrl\":\"https:\/\/hytt.eu\/wp-content\/uploads\/2019\/02\/Logo_HYTT-1024x993.jpg\",\"width\":1024,\"height\":993,\"caption\":\"HYTT Hygienic Transport Systems & Technologies\"},\"image\":{\"@id\":\"https:\/\/hytt.eu\/#logo\"}},{\"@type\":\"WebSite\",\"@id\":\"https:\/\/hytt.eu\/#website\",\"url\":\"https:\/\/hytt.eu\/\",\"name\":\"HYTT\",\"description\":\"Hygienic Transport systems &amp; Techologies\",\"publisher\":{\"@id\":\"https:\/\/hytt.eu\/#organization\"},\"potentialAction\":[{\"@type\":\"SearchAction\",\"target\":{\"@type\":\"EntryPoint\",\"urlTemplate\":\"https:\/\/hytt.eu\/?s={search_term_string}\"},\"query-input\":\"required name=search_term_string\"}],\"inLanguage\":\"de\"},{\"@type\":\"ImageObject\",\"@id\":\"https:\/\/hytt.eu\/de\/hygienischer-interner-transport\/#primaryimage\",\"inLanguage\":\"de\",\"url\":\"https:\/\/hytt.eu\/wp-content\/uploads\/2022\/05\/Hygiene-word-cloud-1-scaled.jpg\",\"contentUrl\":\"https:\/\/hytt.eu\/wp-content\/uploads\/2022\/05\/Hygiene-word-cloud-1-scaled.jpg\",\"width\":2560,\"height\":1707},{\"@type\":\"WebPage\",\"@id\":\"https:\/\/hytt.eu\/de\/hygienischer-interner-transport\/#webpage\",\"url\":\"https:\/\/hytt.eu\/de\/hygienischer-interner-transport\/\",\"name\":\"Innerbetrieblicher Transport in der Lebensmittelindustrie - HYTT.eu\",\"isPartOf\":{\"@id\":\"https:\/\/hytt.eu\/#website\"},\"primaryImageOfPage\":{\"@id\":\"https:\/\/hytt.eu\/de\/hygienischer-interner-transport\/#primaryimage\"},\"datePublished\":\"2022-08-26T07:52:38+00:00\",\"dateModified\":\"2022-12-06T08:57:48+00:00\",\"description\":\"Der hygienische Transport von Lebensmitteln ist ein wesentlicher Faktor f\u00fcr die Lebensmittelsicherheit und -qualit\u00e4t. Hytt entwickelte ein hochhygienisches internes Transportsystem\",\"breadcrumb\":{\"@id\":\"https:\/\/hytt.eu\/de\/hygienischer-interner-transport\/#breadcrumb\"},\"inLanguage\":\"de\",\"potentialAction\":[{\"@type\":\"ReadAction\",\"target\":[\"https:\/\/hytt.eu\/de\/hygienischer-interner-transport\/\"]}]},{\"@type\":\"BreadcrumbList\",\"@id\":\"https:\/\/hytt.eu\/de\/hygienischer-interner-transport\/#breadcrumb\",\"itemListElement\":[{\"@type\":\"ListItem\",\"position\":1,\"name\":\"Home\",\"item\":\"https:\/\/hytt.eu\/de\/\"},{\"@type\":\"ListItem\",\"position\":2,\"name\":\"Hygienischer interner Transport\"}]}]}<\/script>\n<!-- \/ Yoast SEO plugin. -->","yoast_head_json":{"title":"Innerbetrieblicher Transport in der Lebensmittelindustrie - HYTT.eu","description":"Der hygienische Transport von Lebensmitteln ist ein wesentlicher Faktor f\u00fcr die Lebensmittelsicherheit und -qualit\u00e4t. Hytt entwickelte ein hochhygienisches internes Transportsystem","robots":{"index":"index","follow":"follow","max-snippet":"max-snippet:-1","max-image-preview":"max-image-preview:large","max-video-preview":"max-video-preview:-1"},"canonical":"https:\/\/hytt.eu\/de\/hygienischer-interner-transport\/","og_locale":"de_DE","og_type":"article","og_title":"Innerbetrieblicher Transport in der Lebensmittelindustrie - HYTT.eu","og_description":"Der hygienische Transport von Lebensmitteln ist ein wesentlicher Faktor f\u00fcr die Lebensmittelsicherheit und -qualit\u00e4t. Hytt entwickelte ein hochhygienisches internes Transportsystem","og_url":"https:\/\/hytt.eu\/de\/hygienischer-interner-transport\/","og_site_name":"HYTT","article_modified_time":"2022-12-06T08:57:48+00:00","og_image":[{"width":2560,"height":1707,"url":"https:\/\/hytt.eu\/wp-content\/uploads\/2022\/05\/Hygiene-word-cloud-1-scaled.jpg","type":"image\/jpeg"}],"twitter_card":"summary_large_image","twitter_misc":{"Gesch\u00e4tzte Lesezeit":"3\u00a0Minuten"},"schema":{"@context":"https:\/\/schema.org","@graph":[{"@type":"Organization","@id":"https:\/\/hytt.eu\/#organization","name":"HYTT Hygienic Transport Systems & Technologies","url":"https:\/\/hytt.eu\/","sameAs":["https:\/\/www.linkedin.com\/company\/hytt-hygienic-transport-systems-technologies","https:\/\/www.youtube.com\/channel\/UC3GeBVI3O47wUcLwTijHTbg"],"logo":{"@type":"ImageObject","@id":"https:\/\/hytt.eu\/#logo","inLanguage":"de","url":"https:\/\/hytt.eu\/wp-content\/uploads\/2019\/02\/Logo_HYTT-1024x993.jpg","contentUrl":"https:\/\/hytt.eu\/wp-content\/uploads\/2019\/02\/Logo_HYTT-1024x993.jpg","width":1024,"height":993,"caption":"HYTT Hygienic Transport Systems & Technologies"},"image":{"@id":"https:\/\/hytt.eu\/#logo"}},{"@type":"WebSite","@id":"https:\/\/hytt.eu\/#website","url":"https:\/\/hytt.eu\/","name":"HYTT","description":"Hygienic Transport systems &amp; Techologies","publisher":{"@id":"https:\/\/hytt.eu\/#organization"},"potentialAction":[{"@type":"SearchAction","target":{"@type":"EntryPoint","urlTemplate":"https:\/\/hytt.eu\/?s={search_term_string}"},"query-input":"required name=search_term_string"}],"inLanguage":"de"},{"@type":"ImageObject","@id":"https:\/\/hytt.eu\/de\/hygienischer-interner-transport\/#primaryimage","inLanguage":"de","url":"https:\/\/hytt.eu\/wp-content\/uploads\/2022\/05\/Hygiene-word-cloud-1-scaled.jpg","contentUrl":"https:\/\/hytt.eu\/wp-content\/uploads\/2022\/05\/Hygiene-word-cloud-1-scaled.jpg","width":2560,"height":1707},{"@type":"WebPage","@id":"https:\/\/hytt.eu\/de\/hygienischer-interner-transport\/#webpage","url":"https:\/\/hytt.eu\/de\/hygienischer-interner-transport\/","name":"Innerbetrieblicher Transport in der Lebensmittelindustrie - HYTT.eu","isPartOf":{"@id":"https:\/\/hytt.eu\/#website"},"primaryImageOfPage":{"@id":"https:\/\/hytt.eu\/de\/hygienischer-interner-transport\/#primaryimage"},"datePublished":"2022-08-26T07:52:38+00:00","dateModified":"2022-12-06T08:57:48+00:00","description":"Der hygienische Transport von Lebensmitteln ist ein wesentlicher Faktor f\u00fcr die Lebensmittelsicherheit und -qualit\u00e4t. Hytt entwickelte ein hochhygienisches internes Transportsystem","breadcrumb":{"@id":"https:\/\/hytt.eu\/de\/hygienischer-interner-transport\/#breadcrumb"},"inLanguage":"de","potentialAction":[{"@type":"ReadAction","target":["https:\/\/hytt.eu\/de\/hygienischer-interner-transport\/"]}]},{"@type":"BreadcrumbList","@id":"https:\/\/hytt.eu\/de\/hygienischer-interner-transport\/#breadcrumb","itemListElement":[{"@type":"ListItem","position":1,"name":"Home","item":"https:\/\/hytt.eu\/de\/"},{"@type":"ListItem","position":2,"name":"Hygienischer interner Transport"}]}]}},"_links":{"self":[{"href":"https:\/\/hytt.eu\/de\/wp-json\/wp\/v2\/pages\/6704","targetHints":{"allow":["GET"]}}],"collection":[{"href":"https:\/\/hytt.eu\/de\/wp-json\/wp\/v2\/pages"}],"about":[{"href":"https:\/\/hytt.eu\/de\/wp-json\/wp\/v2\/types\/page"}],"author":[{"embeddable":true,"href":"https:\/\/hytt.eu\/de\/wp-json\/wp\/v2\/users\/2"}],"replies":[{"embeddable":true,"href":"https:\/\/hytt.eu\/de\/wp-json\/wp\/v2\/comments?post=6704"}],"version-history":[{"count":0,"href":"https:\/\/hytt.eu\/de\/wp-json\/wp\/v2\/pages\/6704\/revisions"}],"wp:featuredmedia":[{"embeddable":true,"href":"https:\/\/hytt.eu\/de\/wp-json\/wp\/v2\/media\/6263"}],"wp:attachment":[{"href":"https:\/\/hytt.eu\/de\/wp-json\/wp\/v2\/media?parent=6704"}],"curies":[{"name":"wp","href":"https:\/\/api.w.org\/{rel}","templated":true}]}}