{"id":4255,"date":"2019-10-14T08:30:43","date_gmt":"2019-10-14T08:30:43","guid":{"rendered":"https:\/\/hytt.eu\/fisch-meeresfruchte-losungen\/"},"modified":"2019-11-14T15:23:21","modified_gmt":"2019-11-14T15:23:21","slug":"fisch-meeresfruchte-losungen","status":"publish","type":"page","link":"https:\/\/hytt.eu\/de\/fisch-meeresfruchte-losungen\/","title":{"rendered":"L\u00f6sungen f\u00fcr Fisch &#038; Meeresfr\u00fcchtebetriebe"},"content":{"rendered":"<p>[et_pb_section fb_built=&#8220;1&#8243; fullwidth=&#8220;on&#8220; admin_label=&#8220;Section&#8220; _builder_version=&#8220;3.25.3&#8243; bottom_divider_style=&#8220;slant2&#8243; bottom_divider_color=&#8220;#ffffff&#8220; bottom_divider_height=&#8220;45px&#8220; bottom_divider_flip=&#8220;vertical&#8220;][et_pb_fullwidth_header title=&#8220;L\u00d6SUNGEN F\u00dcR FISCH &amp; MEERESFR\u00dcCHTE&#8220; _builder_version=&#8220;3.25.3&#8243; title_font=&#8220;||||||||&#8220; title_text_align=&#8220;center&#8220; background_image=&#8220;https:\/\/hytt.eu\/wp-content\/uploads\/2019\/04\/slider-fish.jpg&#8220; custom_padding=&#8220;||100px|||&#8220;][\/et_pb_fullwidth_header][\/et_pb_section][et_pb_section fb_built=&#8220;1&#8243; _builder_version=&#8220;3.25.3&#8243; custom_padding=&#8220;||60px|||&#8220; top_divider_color=&#8220;#ffffff&#8220; top_divider_flip=&#8220;horizontal&#8220;][et_pb_row column_structure=&#8220;3_5,2_5&#8243; _builder_version=&#8220;3.25.3&#8243;][et_pb_column type=&#8220;3_5&#8243; _builder_version=&#8220;3.25.3&#8243;][et_pb_text _builder_version=&#8220;3.25.3&#8243; text_font=&#8220;||||||||&#8220; text_text_color=&#8220;#6b6b6b&#8220; text_font_size=&#8220;15px&#8220; header_font=&#8220;||||||||&#8220; header_text_color=&#8220;#000000&#8243; header_2_font=&#8220;||||||||&#8220; header_2_text_color=&#8220;#000000&#8243; header_2_font_size=&#8220;45px&#8220; header_3_font=&#8220;||||||||&#8220; header_3_text_color=&#8220;#000000&#8243;]<\/p>\n<h2><img loading=\"lazy\" decoding=\"async\" class=\"wp-image-3690 alignleft size-thumbnail\" src=\"https:\/\/hytt.eu\/wp-content\/uploads\/2019\/10\/FishMiddel-1.svg\" alt=\"\" width=\"135\" height=\"150\" \/>Fisch &amp; Meeresfr\u00fcchte<\/h2>\n<p>HYTT bietet hochwertige Vakuuml\u00f6sungen f\u00fcr Fisch und Meeresfr\u00fcchtebetriebe und ist spezialisiert in den internen Transport des Abfalls und Nebenprodukte. HYTT gebraucht ein geschlossenes Rohrleitungssystem das Abfall oder Produkte absaugt von dem Produktionsbereich zu einem Kernpunkt irgendwo in der Fabrik. Durch den Gebrauch eines geschlossenes Rohrleitungssytems, die Chance auf Kreuzkontamination ist betr\u00e4chtlich reduziert. Neben diesem fantastischen Vorteil sorgt das HYTT-System auch f\u00fcr eine Verbesserung der allgemeinen Hygiene und Sicherheit und eine Reduzierung der Arbeitskosten.<br \/>\n[\/et_pb_text][et_pb_divider color=&#8220;#000000&#8243; divider_weight=&#8220;2px&#8220; _builder_version=&#8220;3.25.3&#8243; width=&#8220;15%&#8220; module_alignment=&#8220;right&#8220; custom_margin=&#8220;-25px||&#8220;][\/et_pb_divider][\/et_pb_column][et_pb_column type=&#8220;2_5&#8243; _builder_version=&#8220;3.25.3&#8243;][et_pb_video src=&#8220;https:\/\/www.youtube.com\/watch?v=9uF5An4vNEs&#8220; image_src=&#8220;https:\/\/hytt.eu\/wp-content\/uploads\/2019\/10\/fish_overlay_v3.svg&#8220; play_icon_color=&#8220;#000000&#8243; thumbnail_overlay_color=&#8220;rgba(0,0,0,0.6)&#8220; _builder_version=&#8220;3.25.3&#8243;][\/et_pb_video][\/et_pb_column][\/et_pb_row][et_pb_row _builder_version=&#8220;3.25.3&#8243;][et_pb_column type=&#8220;4_4&#8243; _builder_version=&#8220;3.25.3&#8243;][et_pb_text _builder_version=&#8220;3.25.3&#8243; text_font=&#8220;||||||||&#8220; text_text_color=&#8220;#000000&#8243; text_font_size=&#8220;15px&#8220; header_font=&#8220;||||||||&#8220; header_text_color=&#8220;#000000&#8243; header_2_font=&#8220;||||||||&#8220; header_2_text_color=&#8220;#000000&#8243; header_2_font_size=&#8220;45px&#8220; header_3_font=&#8220;||||||||&#8220; header_3_text_color=&#8220;#000000&#8243; custom_padding=&#8220;||0px|||&#8220;]<\/p>\n<h2 style=\"text-align: left;\">Transportierbare Produkte<\/h2>\n<p>[\/et_pb_text][\/et_pb_column][\/et_pb_row][et_pb_row column_structure=&#8220;1_3,1_3,1_3&#8243; custom_padding=&#8220;0px||0px|||&#8220; _builder_version=&#8220;3.25.3&#8243;][et_pb_column type=&#8220;1_3&#8243; _builder_version=&#8220;3.25.3&#8243;][et_pb_text _builder_version=&#8220;3.25.3&#8243; text_font=&#8220;||||||||&#8220; text_font_size=&#8220;15px&#8220;]<\/p>\n<ul>\n<li>Fischk\u00f6pfe<\/li>\n<li>Eingeweinde<\/li>\n<li>Haut<\/li>\n<li>Gr\u00e4ten<\/li>\n<li>Schw\u00e4nze<\/li>\n<li>Innereien<\/li>\n<li>Blut<\/li>\n<li>Meeresfr\u00fcchte Muscheln<\/li>\n<li>Garnelen Muscheln<\/li>\n<\/ul>\n<p>[\/et_pb_text][\/et_pb_column][et_pb_column type=&#8220;1_3&#8243; _builder_version=&#8220;3.25.3&#8243;][et_pb_blurb image=&#8220;https:\/\/hytt.eu\/wp-content\/uploads\/2019\/10\/salmon-cutting.jpg&#8220; image_max_width=&#8220;75%&#8220; _builder_version=&#8220;3.25.3&#8243;][\/et_pb_blurb][\/et_pb_column][et_pb_column type=&#8220;1_3&#8243; _builder_version=&#8220;3.25.3&#8243;][et_pb_blurb image=&#8220;https:\/\/hytt.eu\/wp-content\/uploads\/2019\/10\/salmon-cutting-knife.jpg&#8220; image_max_width=&#8220;75%&#8220; _builder_version=&#8220;3.25.3&#8243;][\/et_pb_blurb][\/et_pb_column][\/et_pb_row][\/et_pb_section][et_pb_section fb_built=&#8220;1&#8243; next_background_color=&#8220;#ffffff&#8220; _builder_version=&#8220;3.25.3&#8243; background_color=&#8220;#ededed&#8220; custom_margin=&#8220;-51px|||||&#8220; custom_padding=&#8220;||84px|||&#8220; bottom_divider_style=&#8220;slant2&#8243; bottom_divider_height=&#8220;61px&#8220;][et_pb_row custom_padding=&#8220;0px||0px|||&#8220; _builder_version=&#8220;3.25.3&#8243;][et_pb_column type=&#8220;4_4&#8243; _builder_version=&#8220;3.25.3&#8243;][et_pb_text _builder_version=&#8220;3.25.3&#8243; text_font=&#8220;||||||||&#8220; text_text_color=&#8220;#000000&#8243; text_font_size=&#8220;15px&#8220; header_font=&#8220;||||||||&#8220; header_text_color=&#8220;#000000&#8243; header_2_font=&#8220;||||||||&#8220; header_2_text_color=&#8220;#000000&#8243; header_2_font_size=&#8220;45px&#8220; header_3_font=&#8220;||||||||&#8220; header_3_text_color=&#8220;#000000&#8243; custom_padding=&#8220;36px||25px|||&#8220;]<\/p>\n<h2 style=\"text-align: center;\">Vorteile des Systems<\/h2>\n<p>[\/et_pb_text][\/et_pb_column][\/et_pb_row][et_pb_row column_structure=&#8220;1_4,1_4,1_4,1_4&#8243; custom_padding=&#8220;3px|||||&#8220; custom_margin=&#8220;23px|auto|0px|auto||&#8220; _builder_version=&#8220;3.25.3&#8243;][et_pb_column type=&#8220;1_4&#8243; _builder_version=&#8220;3.25.3&#8243;][et_pb_blurb title=&#8220;Abf\u00e4lle werden sofort aus dem Produktionsbereich entfernt&#8220; image=&#8220;https:\/\/hytt.eu\/wp-content\/uploads\/2019\/10\/Food_Area_Vis.svg&#8220; image_max_width=&#8220;40%&#8220; _builder_version=&#8220;3.25.3&#8243; header_level=&#8220;h3&#8243; header_font=&#8220;||||||||&#8220; header_text_color=&#8220;#000000&#8243; body_font=&#8220;||||||||&#8220; text_orientation=&#8220;center&#8220;][\/et_pb_blurb][\/et_pb_column][et_pb_column type=&#8220;1_4&#8243; _builder_version=&#8220;3.25.3&#8243;][et_pb_blurb title=&#8220;Sauberer Arbeitsplatz&#8220; image=&#8220;https:\/\/hytt.eu\/wp-content\/uploads\/2019\/10\/Hygiene-2.svg&#8220; image_max_width=&#8220;40%&#8220; _builder_version=&#8220;3.25.3&#8243; header_level=&#8220;h3&#8243; header_font=&#8220;||||||||&#8220; header_text_align=&#8220;center&#8220; header_text_color=&#8220;#000000&#8243; body_font=&#8220;||||||||&#8220;][\/et_pb_blurb][\/et_pb_column][et_pb_column type=&#8220;1_4&#8243; _builder_version=&#8220;3.25.3&#8243;][et_pb_blurb title=&#8220;Weniger interne Transportkosten&#8220; image=&#8220;https:\/\/hytt.eu\/wp-content\/uploads\/2019\/10\/Kostenreductie-2.svg&#8220; image_max_width=&#8220;40%&#8220; _builder_version=&#8220;3.25.3&#8243; header_level=&#8220;h3&#8243; header_font=&#8220;||||||||&#8220; header_text_align=&#8220;center&#8220; header_text_color=&#8220;#000000&#8243; body_font=&#8220;||||||||&#8220;][\/et_pb_blurb][\/et_pb_column][et_pb_column type=&#8220;1_4&#8243; _builder_version=&#8220;3.25.3&#8243;][et_pb_blurb title=&#8220;Effizientere Arbeitsweise&#8220; image=&#8220;https:\/\/hytt.eu\/wp-content\/uploads\/2019\/10\/Arbeid-2.svg&#8220; image_max_width=&#8220;40%&#8220; _builder_version=&#8220;3.25.3&#8243; header_level=&#8220;h3&#8243; header_font=&#8220;||||||||&#8220; header_text_align=&#8220;center&#8220; header_text_color=&#8220;#000000&#8243; body_font=&#8220;||||||||&#8220;][\/et_pb_blurb][\/et_pb_column][\/et_pb_row][\/et_pb_section][et_pb_section fb_built=&#8220;1&#8243; _builder_version=&#8220;3.25.3&#8243; background_color=&#8220;#ffffff&#8220; custom_padding=&#8220;0px||0px|||&#8220;][et_pb_row custom_padding=&#8220;||0px|||&#8220; _builder_version=&#8220;3.25.3&#8243;][et_pb_column type=&#8220;4_4&#8243; _builder_version=&#8220;3.25.3&#8243;][et_pb_text _builder_version=&#8220;3.25.3&#8243; text_font=&#8220;Dosis|700|||||||&#8220; text_text_color=&#8220;#000000&#8243; text_font_size=&#8220;45px&#8220; text_line_height=&#8220;1em&#8220; header_font=&#8220;||||||||&#8220; header_2_font=&#8220;||||||||&#8220; header_2_text_color=&#8220;#000000&#8243; header_2_font_size=&#8220;45px&#8220; min_height=&#8220;76px&#8220;]<\/p>\n<h2 style=\"text-align: center;\">Unsere Referenzen<\/h2>\n<p>[\/et_pb_text][\/et_pb_column][\/et_pb_row][et_pb_row column_structure=&#8220;1_4,1_4,1_4,1_4&#8243; custom_padding=&#8220;0px||0px|||&#8220; custom_margin=&#8220;24px|auto|4px|auto||&#8220; _builder_version=&#8220;3.25.3&#8243;][et_pb_column type=&#8220;1_4&#8243; _builder_version=&#8220;3.25.3&#8243;][et_pb_blurb url=&#8220;https:\/\/www.eisberg-oesterreich.at\/de\/&#8220; url_new_window=&#8220;on&#8220; image=&#8220;https:\/\/hytt.eu\/wp-content\/uploads\/2019\/09\/1538028678.1718_114_o.jpg&#8220; _builder_version=&#8220;3.25.3&#8243; custom_margin=&#8220;-66px||&#8220;][\/et_pb_blurb][\/et_pb_column][et_pb_column type=&#8220;1_4&#8243; _builder_version=&#8220;3.25.3&#8243;][et_pb_blurb url=&#8220;https:\/\/www.mirontell.de\/obstsalathersteller.html&#8220; url_new_window=&#8220;on&#8220; image=&#8220;https:\/\/hytt.eu\/wp-content\/uploads\/2019\/09\/logo2017.png&#8220; _builder_version=&#8220;3.25.3&#8243;][\/et_pb_blurb][\/et_pb_column][et_pb_column type=&#8220;1_4&#8243; _builder_version=&#8220;3.25.3&#8243;][et_pb_blurb url=&#8220;http:\/\/www.gessler-muenchensfrische.de\/&#8220; url_new_window=&#8220;on&#8220; image=&#8220;https:\/\/hytt.eu\/wp-content\/uploads\/2019\/10\/gesslerlogo.svg&#8220; _builder_version=&#8220;3.25.3&#8243; custom_margin=&#8220;-35px||&#8220;][\/et_pb_blurb][\/et_pb_column][et_pb_column type=&#8220;1_4&#8243; _builder_version=&#8220;3.25.3&#8243;][et_pb_blurb url=&#8220;http:\/\/www.vanderzijpen.com\/&#8220; url_new_window=&#8220;on&#8220; image=&#8220;https:\/\/hytt.eu\/wp-content\/uploads\/2019\/06\/logo-van-der-zijpen.jpg&#8220; _builder_version=&#8220;3.25.3&#8243; custom_margin=&#8220;-8px||&#8220;][\/et_pb_blurb][\/et_pb_column][\/et_pb_row][et_pb_row column_structure=&#8220;1_4,1_4,1_4,1_4&#8243; custom_padding=&#8220;0px||11px|||&#8220; custom_margin=&#8220;24px|auto|4px|auto||&#8220; _builder_version=&#8220;3.25.3&#8243;][et_pb_column type=&#8220;1_4&#8243; _builder_version=&#8220;3.25.3&#8243;][et_pb_blurb url=&#8220;https:\/\/www.westvlees.com\/nl&#8220; url_new_window=&#8220;on&#8220; image=&#8220;https:\/\/hytt.eu\/wp-content\/uploads\/2019\/04\/Westvlees-logo.png&#8220; _builder_version=&#8220;3.25.3&#8243; custom_margin=&#8220;||&#8220;][\/et_pb_blurb][\/et_pb_column][et_pb_column type=&#8220;1_4&#8243; _builder_version=&#8220;3.25.3&#8243;][et_pb_blurb url=&#8220;http:\/\/home.dodram.com\/&#8220; url_new_window=&#8220;on&#8220; image=&#8220;https:\/\/hytt.eu\/wp-content\/uploads\/2019\/05\/dodram-logo.png&#8220; _builder_version=&#8220;3.25.3&#8243;][\/et_pb_blurb][\/et_pb_column][et_pb_column type=&#8220;1_4&#8243; _builder_version=&#8220;3.25.3&#8243;][et_pb_blurb url=&#8220;https:\/\/www.patel.es\/es\/frivall.html&#8220; url_new_window=&#8220;on&#8220; image=&#8220;https:\/\/hytt.eu\/wp-content\/uploads\/2019\/04\/frivall-logo.jpg&#8220; _builder_version=&#8220;3.25.3&#8243; custom_margin=&#8220;-32px||&#8220;][\/et_pb_blurb][\/et_pb_column][et_pb_column type=&#8220;1_4&#8243; _builder_version=&#8220;3.25.3&#8243;][et_pb_blurb url=&#8220;https:\/\/www.patel.es\/es\/cinco-villas.html&#8220; url_new_window=&#8220;on&#8220; image=&#8220;https:\/\/hytt.eu\/wp-content\/uploads\/2019\/04\/Cincovillas-logo.jpg&#8220; _builder_version=&#8220;3.25.3&#8243; custom_margin=&#8220;-35px||&#8220;][\/et_pb_blurb][\/et_pb_column][\/et_pb_row][\/et_pb_section][et_pb_section fb_built=&#8220;1&#8243; prev_background_color=&#8220;#ffffff&#8220; _builder_version=&#8220;3.25.3&#8243; background_color=&#8220;#279090&#8243; min_height=&#8220;222px&#8220; custom_margin=&#8220;-12px|||||&#8220; custom_padding=&#8220;78px||1px|||&#8220; top_divider_style=&#8220;slant2&#8243; top_divider_height=&#8220;50px&#8220; top_divider_flip=&#8220;vertical&#8220; bottom_divider_height=&#8220;50px&#8220; bottom_divider_flip=&#8220;vertical&#8220;][et_pb_row column_structure=&#8220;3_4,1_4&#8243; custom_padding=&#8220;30px||&#8220; _builder_version=&#8220;3.25.3&#8243;][et_pb_column type=&#8220;3_4&#8243; _builder_version=&#8220;3.25.3&#8243;][et_pb_text _builder_version=&#8220;3.25.3&#8243; text_font=&#8220;Dosis|700|||||||&#8220; text_text_color=&#8220;#ffffff&#8220; text_font_size=&#8220;45px&#8220; header_font=&#8220;||||||||&#8220; header_2_font=&#8220;||||||||&#8220; header_2_text_color=&#8220;#ffffff&#8220; header_2_font_size=&#8220;45px&#8220;]<\/p>\n<h2 style=\"text-align: left;\">K\u00f6nnen wir etwas f\u00fcr Sie bedeuten?<\/h2>\n<p>[\/et_pb_text][\/et_pb_column][et_pb_column type=&#8220;1_4&#8243; _builder_version=&#8220;3.25.3&#8243;][et_pb_button button_url=&#8220;https:\/\/hytt.eu\/de\/kontakt\/&#8220; button_text=&#8220;Kontakt&#8220; _builder_version=&#8220;3.25.3&#8243; custom_button=&#8220;on&#8220; button_text_size=&#8220;26px&#8220; button_text_color=&#8220;#ffffff&#8220; button_bg_color=&#8220;rgba(0,0,0,0)&#8220; button_border_color=&#8220;#ffffff&#8220; button_border_radius=&#8220;3px&#8220; button_font=&#8220;Dosis|600||on|||||&#8220; button_icon=&#8220;%%20%%&#8220; background_layout=&#8220;dark&#8220; custom_margin=&#8220;-15px||&#8220; button_text_color__hover_enabled=&#8220;on&#8220; button_text_color__hover=&#8220;#000000&#8243; button_bg_color__hover_enabled=&#8220;on&#8220; button_bg_color__hover=&#8220;rgba(0,0,0,0)&#8220; button_bg_enable_color__hover=&#8220;on&#8220; button_border_color__hover_enabled=&#8220;on&#8220; button_border_color__hover=&#8220;#000000&#8243;][\/et_pb_button][\/et_pb_column][\/et_pb_row][\/et_pb_section]<\/p>\n","protected":false},"excerpt":{"rendered":"<p>Fisch &amp; Meeresfr\u00fcchte HYTT bietet hochwertige Vakuuml\u00f6sungen f\u00fcr Fisch und Meeresfr\u00fcchtebetriebe und ist spezialisiert in den internen Transport des Abfalls und Nebenprodukte. HYTT gebraucht ein geschlossenes Rohrleitungssystem das Abfall oder Produkte absaugt von dem Produktionsbereich zu einem Kernpunkt irgendwo in der Fabrik. Durch den Gebrauch eines geschlossenes Rohrleitungssytems, die Chance auf Kreuzkontamination ist betr\u00e4chtlich reduziert. [&hellip;]<\/p>\n","protected":false},"author":2,"featured_media":0,"parent":0,"menu_order":0,"comment_status":"closed","ping_status":"closed","template":"","meta":{"_et_pb_use_builder":"on","_et_pb_old_content":"","_et_gb_content_width":"","footnotes":""},"class_list":["post-4255","page","type-page","status-publish","hentry"],"yoast_head":"<!-- This site is optimized with the Yoast SEO plugin v18.2 - https:\/\/yoast.com\/wordpress\/plugins\/seo\/ -->\n<title>L\u00f6sungen f\u00fcr den internen Transport des Abfalls in Fisch &amp; Meeresfr\u00fcchtebetriebe<\/title>\n<meta name=\"description\" content=\"HYTT entwirft und produziert hochwertige Vakuuml\u00f6sungen f\u00fcr den internen Transport des Abfalls in der Nahrungsmittelindustrie\" \/>\n<meta name=\"robots\" content=\"index, follow, max-snippet:-1, max-image-preview:large, max-video-preview:-1\" \/>\n<link rel=\"canonical\" href=\"https:\/\/hytt.eu\/de\/fisch-meeresfruchte-losungen\/\" \/>\n<meta property=\"og:locale\" content=\"de_DE\" \/>\n<meta property=\"og:type\" content=\"article\" \/>\n<meta property=\"og:title\" content=\"L\u00f6sungen f\u00fcr den internen Transport des Abfalls in Fisch &amp; Meeresfr\u00fcchtebetriebe\" \/>\n<meta property=\"og:description\" content=\"HYTT entwirft und produziert hochwertige Vakuuml\u00f6sungen f\u00fcr den internen Transport des Abfalls in der Nahrungsmittelindustrie\" \/>\n<meta property=\"og:url\" content=\"https:\/\/hytt.eu\/de\/fisch-meeresfruchte-losungen\/\" \/>\n<meta property=\"og:site_name\" content=\"HYTT\" \/>\n<meta property=\"article:modified_time\" content=\"2019-11-14T15:23:21+00:00\" \/>\n<meta property=\"og:image\" content=\"https:\/\/hytt.eu\/wp-content\/uploads\/2019\/10\/FishMiddel-1.svg\" \/>\n<meta name=\"twitter:card\" content=\"summary_large_image\" \/>\n<meta name=\"twitter:label1\" content=\"Gesch\u00e4tzte Lesezeit\" \/>\n\t<meta name=\"twitter:data1\" content=\"7\u00a0Minuten\" \/>\n<script type=\"application\/ld+json\" class=\"yoast-schema-graph\">{\"@context\":\"https:\/\/schema.org\",\"@graph\":[{\"@type\":\"Organization\",\"@id\":\"https:\/\/hytt.eu\/#organization\",\"name\":\"HYTT Hygienic Transport Systems & Technologies\",\"url\":\"https:\/\/hytt.eu\/\",\"sameAs\":[\"https:\/\/www.linkedin.com\/company\/hytt-hygienic-transport-systems-technologies\",\"https:\/\/www.youtube.com\/channel\/UC3GeBVI3O47wUcLwTijHTbg\"],\"logo\":{\"@type\":\"ImageObject\",\"@id\":\"https:\/\/hytt.eu\/#logo\",\"inLanguage\":\"de\",\"url\":\"https:\/\/hytt.eu\/wp-content\/uploads\/2019\/02\/Logo_HYTT-1024x993.jpg\",\"contentUrl\":\"https:\/\/hytt.eu\/wp-content\/uploads\/2019\/02\/Logo_HYTT-1024x993.jpg\",\"width\":1024,\"height\":993,\"caption\":\"HYTT Hygienic Transport Systems & Technologies\"},\"image\":{\"@id\":\"https:\/\/hytt.eu\/#logo\"}},{\"@type\":\"WebSite\",\"@id\":\"https:\/\/hytt.eu\/#website\",\"url\":\"https:\/\/hytt.eu\/\",\"name\":\"HYTT\",\"description\":\"Hygienic Transport systems &amp; Techologies\",\"publisher\":{\"@id\":\"https:\/\/hytt.eu\/#organization\"},\"potentialAction\":[{\"@type\":\"SearchAction\",\"target\":{\"@type\":\"EntryPoint\",\"urlTemplate\":\"https:\/\/hytt.eu\/?s={search_term_string}\"},\"query-input\":\"required name=search_term_string\"}],\"inLanguage\":\"de\"},{\"@type\":\"ImageObject\",\"@id\":\"https:\/\/hytt.eu\/de\/fisch-meeresfruchte-losungen\/#primaryimage\",\"inLanguage\":\"de\",\"url\":\"https:\/\/hytt.eu\/wp-content\/uploads\/2019\/10\/FishMiddel-1.svg\",\"contentUrl\":\"https:\/\/hytt.eu\/wp-content\/uploads\/2019\/10\/FishMiddel-1.svg\",\"width\":250,\"height\":250},{\"@type\":\"WebPage\",\"@id\":\"https:\/\/hytt.eu\/de\/fisch-meeresfruchte-losungen\/#webpage\",\"url\":\"https:\/\/hytt.eu\/de\/fisch-meeresfruchte-losungen\/\",\"name\":\"L\u00f6sungen f\u00fcr den internen Transport des Abfalls in Fisch & Meeresfr\u00fcchtebetriebe\",\"isPartOf\":{\"@id\":\"https:\/\/hytt.eu\/#website\"},\"primaryImageOfPage\":{\"@id\":\"https:\/\/hytt.eu\/de\/fisch-meeresfruchte-losungen\/#primaryimage\"},\"datePublished\":\"2019-10-14T08:30:43+00:00\",\"dateModified\":\"2019-11-14T15:23:21+00:00\",\"description\":\"HYTT entwirft und produziert hochwertige Vakuuml\u00f6sungen f\u00fcr den internen Transport des Abfalls in der Nahrungsmittelindustrie\",\"breadcrumb\":{\"@id\":\"https:\/\/hytt.eu\/de\/fisch-meeresfruchte-losungen\/#breadcrumb\"},\"inLanguage\":\"de\",\"potentialAction\":[{\"@type\":\"ReadAction\",\"target\":[\"https:\/\/hytt.eu\/de\/fisch-meeresfruchte-losungen\/\"]}]},{\"@type\":\"BreadcrumbList\",\"@id\":\"https:\/\/hytt.eu\/de\/fisch-meeresfruchte-losungen\/#breadcrumb\",\"itemListElement\":[{\"@type\":\"ListItem\",\"position\":1,\"name\":\"Home\",\"item\":\"https:\/\/hytt.eu\/de\/\"},{\"@type\":\"ListItem\",\"position\":2,\"name\":\"L\u00f6sungen f\u00fcr Fisch &#038; Meeresfr\u00fcchtebetriebe\"}]}]}<\/script>\n<!-- \/ Yoast SEO plugin. -->","yoast_head_json":{"title":"L\u00f6sungen f\u00fcr den internen Transport des Abfalls in Fisch & Meeresfr\u00fcchtebetriebe","description":"HYTT entwirft und produziert hochwertige Vakuuml\u00f6sungen f\u00fcr den internen Transport des Abfalls in der Nahrungsmittelindustrie","robots":{"index":"index","follow":"follow","max-snippet":"max-snippet:-1","max-image-preview":"max-image-preview:large","max-video-preview":"max-video-preview:-1"},"canonical":"https:\/\/hytt.eu\/de\/fisch-meeresfruchte-losungen\/","og_locale":"de_DE","og_type":"article","og_title":"L\u00f6sungen f\u00fcr den internen Transport des Abfalls in Fisch & Meeresfr\u00fcchtebetriebe","og_description":"HYTT entwirft und produziert hochwertige Vakuuml\u00f6sungen f\u00fcr den internen Transport des Abfalls in der Nahrungsmittelindustrie","og_url":"https:\/\/hytt.eu\/de\/fisch-meeresfruchte-losungen\/","og_site_name":"HYTT","article_modified_time":"2019-11-14T15:23:21+00:00","og_image":[{"url":"https:\/\/hytt.eu\/wp-content\/uploads\/2019\/10\/FishMiddel-1.svg"}],"twitter_card":"summary_large_image","twitter_misc":{"Gesch\u00e4tzte Lesezeit":"7\u00a0Minuten"},"schema":{"@context":"https:\/\/schema.org","@graph":[{"@type":"Organization","@id":"https:\/\/hytt.eu\/#organization","name":"HYTT Hygienic Transport Systems & Technologies","url":"https:\/\/hytt.eu\/","sameAs":["https:\/\/www.linkedin.com\/company\/hytt-hygienic-transport-systems-technologies","https:\/\/www.youtube.com\/channel\/UC3GeBVI3O47wUcLwTijHTbg"],"logo":{"@type":"ImageObject","@id":"https:\/\/hytt.eu\/#logo","inLanguage":"de","url":"https:\/\/hytt.eu\/wp-content\/uploads\/2019\/02\/Logo_HYTT-1024x993.jpg","contentUrl":"https:\/\/hytt.eu\/wp-content\/uploads\/2019\/02\/Logo_HYTT-1024x993.jpg","width":1024,"height":993,"caption":"HYTT Hygienic Transport Systems & Technologies"},"image":{"@id":"https:\/\/hytt.eu\/#logo"}},{"@type":"WebSite","@id":"https:\/\/hytt.eu\/#website","url":"https:\/\/hytt.eu\/","name":"HYTT","description":"Hygienic Transport systems &amp; Techologies","publisher":{"@id":"https:\/\/hytt.eu\/#organization"},"potentialAction":[{"@type":"SearchAction","target":{"@type":"EntryPoint","urlTemplate":"https:\/\/hytt.eu\/?s={search_term_string}"},"query-input":"required name=search_term_string"}],"inLanguage":"de"},{"@type":"ImageObject","@id":"https:\/\/hytt.eu\/de\/fisch-meeresfruchte-losungen\/#primaryimage","inLanguage":"de","url":"https:\/\/hytt.eu\/wp-content\/uploads\/2019\/10\/FishMiddel-1.svg","contentUrl":"https:\/\/hytt.eu\/wp-content\/uploads\/2019\/10\/FishMiddel-1.svg","width":250,"height":250},{"@type":"WebPage","@id":"https:\/\/hytt.eu\/de\/fisch-meeresfruchte-losungen\/#webpage","url":"https:\/\/hytt.eu\/de\/fisch-meeresfruchte-losungen\/","name":"L\u00f6sungen f\u00fcr den internen Transport des Abfalls in Fisch & Meeresfr\u00fcchtebetriebe","isPartOf":{"@id":"https:\/\/hytt.eu\/#website"},"primaryImageOfPage":{"@id":"https:\/\/hytt.eu\/de\/fisch-meeresfruchte-losungen\/#primaryimage"},"datePublished":"2019-10-14T08:30:43+00:00","dateModified":"2019-11-14T15:23:21+00:00","description":"HYTT entwirft und produziert hochwertige Vakuuml\u00f6sungen f\u00fcr den internen Transport des Abfalls in der Nahrungsmittelindustrie","breadcrumb":{"@id":"https:\/\/hytt.eu\/de\/fisch-meeresfruchte-losungen\/#breadcrumb"},"inLanguage":"de","potentialAction":[{"@type":"ReadAction","target":["https:\/\/hytt.eu\/de\/fisch-meeresfruchte-losungen\/"]}]},{"@type":"BreadcrumbList","@id":"https:\/\/hytt.eu\/de\/fisch-meeresfruchte-losungen\/#breadcrumb","itemListElement":[{"@type":"ListItem","position":1,"name":"Home","item":"https:\/\/hytt.eu\/de\/"},{"@type":"ListItem","position":2,"name":"L\u00f6sungen f\u00fcr Fisch &#038; Meeresfr\u00fcchtebetriebe"}]}]}},"_links":{"self":[{"href":"https:\/\/hytt.eu\/de\/wp-json\/wp\/v2\/pages\/4255","targetHints":{"allow":["GET"]}}],"collection":[{"href":"https:\/\/hytt.eu\/de\/wp-json\/wp\/v2\/pages"}],"about":[{"href":"https:\/\/hytt.eu\/de\/wp-json\/wp\/v2\/types\/page"}],"author":[{"embeddable":true,"href":"https:\/\/hytt.eu\/de\/wp-json\/wp\/v2\/users\/2"}],"replies":[{"embeddable":true,"href":"https:\/\/hytt.eu\/de\/wp-json\/wp\/v2\/comments?post=4255"}],"version-history":[{"count":0,"href":"https:\/\/hytt.eu\/de\/wp-json\/wp\/v2\/pages\/4255\/revisions"}],"wp:attachment":[{"href":"https:\/\/hytt.eu\/de\/wp-json\/wp\/v2\/media?parent=4255"}],"curies":[{"name":"wp","href":"https:\/\/api.w.org\/{rel}","templated":true}]}}