{"id":4252,"date":"2019-10-14T08:01:44","date_gmt":"2019-10-14T08:01:44","guid":{"rendered":"https:\/\/hytt.eu\/geflugel-losungen\/"},"modified":"2021-04-19T17:43:11","modified_gmt":"2021-04-19T17:43:11","slug":"geflugel-losungen","status":"publish","type":"page","link":"https:\/\/hytt.eu\/de\/geflugel-losungen\/","title":{"rendered":"L\u00f6sungen f\u00fcr Gefl\u00fcgelbetriebe"},"content":{"rendered":"<p>[et_pb_section fb_built=&#8220;1&#8243; fullwidth=&#8220;on&#8220; admin_label=&#8220;Section&#8220; _builder_version=&#8220;3.25.3&#8243; bottom_divider_style=&#8220;slant2&#8243; bottom_divider_color=&#8220;#ffffff&#8220; bottom_divider_height=&#8220;45px&#8220; bottom_divider_flip=&#8220;vertical&#8220;][et_pb_fullwidth_header title=&#8220;L\u00d6SUNGEN F\u00dcR GEFL\u00dcGELBETRIEBE&#8220; _builder_version=&#8220;3.25.3&#8243; title_font=&#8220;||||||||&#8220; title_text_align=&#8220;center&#8220; background_image=&#8220;https:\/\/hytt.eu\/wp-content\/uploads\/2019\/04\/slider-poultry.jpg&#8220; custom_padding=&#8220;||100px|||&#8220;][\/et_pb_fullwidth_header][\/et_pb_section][et_pb_section fb_built=&#8220;1&#8243; _builder_version=&#8220;3.25.3&#8243; custom_padding=&#8220;||60px|||&#8220; top_divider_color=&#8220;#ffffff&#8220; top_divider_flip=&#8220;horizontal&#8220;][et_pb_row column_structure=&#8220;3_5,2_5&#8243; _builder_version=&#8220;3.25.3&#8243;][et_pb_column type=&#8220;3_5&#8243; _builder_version=&#8220;3.25.3&#8243;][et_pb_text _builder_version=&#8220;3.27.4&#8243; text_font=&#8220;||||||||&#8220; text_text_color=&#8220;#6b6b6b&#8220; text_font_size=&#8220;15px&#8220; header_font=&#8220;||||||||&#8220; header_text_color=&#8220;#000000&#8243; header_2_font=&#8220;Dosis|700|||||||&#8220; header_2_text_color=&#8220;#000000&#8243; header_2_font_size=&#8220;45px&#8220; header_3_font=&#8220;||||||||&#8220; header_3_text_color=&#8220;#000000&#8243;]<\/p>\n<h2><img loading=\"lazy\" decoding=\"async\" class=\"wp-image-3636 alignleft size-thumbnail\" src=\"https:\/\/hytt.eu\/wp-content\/uploads\/2019\/10\/PoultryMiddel-1.svg\" alt=\"\" width=\"135\" height=\"150\" \/>Gefl\u00fcgel<\/h2>\n<p>HYTT bietet hochwertige Vakuuml\u00f6sungen f\u00fcr Gefl\u00fcgelbetriebe und ist spezialisiert in den internen Transport des Abfalls und Nebenprodukte. HYTT gebraucht ein geschlossenes Rohrleitungssystem das Abfall oder Produkte absaugt von dem Produktionsbereich zu einem Kernpunkt irgendwo in der Fabrik. Durch den Gebrauch eines geschlossenes Rohrleitungssystem, die Chance auf Kreuzkontamination ist betr\u00e4chtlich reduziert. Neben diesem fantastischen Vorteil sorgt das HYTT-System auch f\u00fcr eine Verbesserung der allgemeinen Hygiene und Sicherheit und eine Reduzierung der Arbeitskosten.[\/et_pb_text][et_pb_divider color=&#8220;#000000&#8243; divider_weight=&#8220;2px&#8220; _builder_version=&#8220;3.25.3&#8243; width=&#8220;15%&#8220; module_alignment=&#8220;right&#8220; custom_margin=&#8220;-25px||&#8220;][\/et_pb_divider][\/et_pb_column][et_pb_column type=&#8220;2_5&#8243; _builder_version=&#8220;3.25.3&#8243;][et_pb_video src=&#8220;https:\/\/www.youtube.com\/watch?v=4bRgOG5PPDQ&#8220; image_src=&#8220;https:\/\/hytt.eu\/wp-content\/uploads\/2019\/10\/poultry_overlay_v3.svg&#8220; play_icon_color=&#8220;#000000&#8243; thumbnail_overlay_color=&#8220;#e09900&#8243; _builder_version=&#8220;3.25.3&#8243; width=&#8220;100%&#8220; module_alignment=&#8220;center&#8220;][\/et_pb_video][\/et_pb_column][\/et_pb_row][et_pb_row _builder_version=&#8220;3.25.3&#8243;][et_pb_column type=&#8220;4_4&#8243; _builder_version=&#8220;3.25.3&#8243;][et_pb_text _builder_version=&#8220;3.27.4&#8243; text_font=&#8220;||||||||&#8220; text_text_color=&#8220;#000000&#8243; text_font_size=&#8220;15px&#8220; header_font=&#8220;||||||||&#8220; header_text_color=&#8220;#000000&#8243; header_2_font=&#8220;||||||||&#8220; header_2_text_color=&#8220;#000000&#8243; header_2_font_size=&#8220;45px&#8220; header_3_font=&#8220;||||||||&#8220; header_3_text_color=&#8220;#000000&#8243; custom_padding=&#8220;||0px|||&#8220;]<\/p>\n<h2 style=\"text-align: center;\">Transportierbare Produkte<\/h2>\n<p>[\/et_pb_text][\/et_pb_column][\/et_pb_row][et_pb_row column_structure=&#8220;1_4,1_4,1_4,1_4&#8243; _builder_version=&#8220;3.25.3&#8243; custom_margin=&#8220;-18px|auto||auto||&#8220;][et_pb_column type=&#8220;1_4&#8243; _builder_version=&#8220;3.25.3&#8243;][et_pb_text _builder_version=&#8220;3.27.4&#8243; text_font=&#8220;||||||||&#8220; text_text_color=&#8220;#6b6b6b&#8220; text_font_size=&#8220;15px&#8220; header_font=&#8220;||||||||&#8220; header_2_font=&#8220;||||||||&#8220; header_3_font=&#8220;Dosis||||||||&#8220; header_3_text_color=&#8220;#000000&#8243;]<\/p>\n<h3>Anfuhr und Schlachtabteilung:<\/h3>\n<ul>\n<li>Verworfene Tiere<\/li>\n<li>Blut<\/li>\n<li>Hocks<\/li>\n<li>Shank<\/li>\n<li>Fuss<\/li>\n<\/ul>\n<p>[\/et_pb_text][\/et_pb_column][et_pb_column type=&#8220;1_4&#8243; _builder_version=&#8220;3.25.3&#8243;][et_pb_text _builder_version=&#8220;3.27.4&#8243; text_font=&#8220;||||||||&#8220; text_text_color=&#8220;#6b6b6b&#8220; text_font_size=&#8220;15px&#8220; header_font=&#8220;||||||||&#8220; header_2_font=&#8220;||||||||&#8220; header_3_font=&#8220;Dosis||||||||&#8220; header_3_text_color=&#8220;#000000&#8243;]<\/p>\n<h3>Bratfertig Abteilung:<\/h3>\n<ul>\n<li>Halshaut<\/li>\n<li>Hals<\/li>\n<li>Kropfen<\/li>\n<li>Eingeweinde<\/li>\n<li>Herz<\/li>\n<li>Leber<\/li>\n<li>Magen<\/li>\n<\/ul>\n<p>[\/et_pb_text][\/et_pb_column][et_pb_column type=&#8220;1_4&#8243; _builder_version=&#8220;3.25.3&#8243;][et_pb_text _builder_version=&#8220;3.27.4&#8243; text_font=&#8220;||||||||&#8220; text_text_color=&#8220;#6b6b6b&#8220; text_font_size=&#8220;15px&#8220; header_font=&#8220;||||||||&#8220; header_2_font=&#8220;||||||||&#8220; header_3_font=&#8220;Dosis||||||||&#8220; header_3_text_color=&#8220;#000000&#8243;]<\/p>\n<h3>Teile Abteilung:<\/h3>\n<ul>\n<li>P\u00fcrzel<\/li>\n<li>Fl\u00fcgel<\/li>\n<li>Fl\u00fcgelspitz<\/li>\n<li>Erste und zweite Gelenk<\/li>\n<li>R\u00fcckenrest<\/li>\n<li>R\u00fcckenst\u00fcck<\/li>\n<\/ul>\n<p>[\/et_pb_text][\/et_pb_column][et_pb_column type=&#8220;1_4&#8243; _builder_version=&#8220;3.25.3&#8243;][et_pb_text _builder_version=&#8220;3.27.4&#8243; text_font=&#8220;||||||||&#8220; text_text_color=&#8220;#6b6b6b&#8220; text_font_size=&#8220;15px&#8220; header_font=&#8220;||||||||&#8220; header_2_font=&#8220;||||||||&#8220; header_3_font=&#8220;Dosis||||||||&#8220; header_3_text_color=&#8220;#000000&#8243;]<\/p>\n<h3>Entbeinen:<\/h3>\n<ul>\n<li>Brusthaut<\/li>\n<li>Brustkappe<\/li>\n<li>Querlenker<\/li>\n<li>Knochen der ganzen Pfote<\/li>\n<li>Pfotehaut<\/li>\n<li>Knochen des Unterschenkels<\/li>\n<li>Haut des Unterschenkels<\/li>\n<li>Knochen des Oberschenkels<\/li>\n<li>Haut des Oberschenkels<\/li>\n<\/ul>\n<p>[\/et_pb_text][\/et_pb_column][\/et_pb_row][et_pb_row column_structure=&#8220;1_2,1_2&#8243; _builder_version=&#8220;3.25.3&#8243; custom_margin=&#8220;-18px|auto||auto||&#8220;][et_pb_column type=&#8220;1_2&#8243; _builder_version=&#8220;3.25.3&#8243;][et_pb_image src=&#8220;https:\/\/hytt.eu\/wp-content\/uploads\/2019\/10\/Poultry-cutting-min.jpg&#8220; align=&#8220;center&#8220; _builder_version=&#8220;3.25.3&#8243; width=&#8220;90%&#8220;][\/et_pb_image][\/et_pb_column][et_pb_column type=&#8220;1_2&#8243; _builder_version=&#8220;3.25.3&#8243;][et_pb_image src=&#8220;https:\/\/hytt.eu\/wp-content\/uploads\/2019\/10\/Poultry-processing.jpg&#8220; align=&#8220;center&#8220; _builder_version=&#8220;3.25.3&#8243; width=&#8220;91%&#8220;][\/et_pb_image][\/et_pb_column][\/et_pb_row][\/et_pb_section][et_pb_section fb_built=&#8220;1&#8243; next_background_color=&#8220;#ffffff&#8220; _builder_version=&#8220;3.25.3&#8243; background_color=&#8220;#ededed&#8220; custom_margin=&#8220;-55px|||||&#8220; custom_padding=&#8220;||84px|||&#8220; bottom_divider_style=&#8220;slant2&#8243; bottom_divider_height=&#8220;61px&#8220;][et_pb_row _builder_version=&#8220;3.25.3&#8243; custom_padding=&#8220;0px||0px|||&#8220;][et_pb_column type=&#8220;4_4&#8243; _builder_version=&#8220;3.25.3&#8243;][et_pb_text _builder_version=&#8220;3.27.4&#8243; text_font=&#8220;||||||||&#8220; text_text_color=&#8220;#000000&#8243; text_font_size=&#8220;15px&#8220; header_font=&#8220;||||||||&#8220; header_text_color=&#8220;#000000&#8243; header_2_font=&#8220;||||||||&#8220; header_2_text_color=&#8220;#000000&#8243; header_2_font_size=&#8220;45px&#8220; header_3_font=&#8220;||||||||&#8220; header_3_text_color=&#8220;#000000&#8243; custom_padding=&#8220;36px||25px|||&#8220;]<\/p>\n<h2 style=\"text-align: center;\">Vorteile des Systems<\/h2>\n<p>[\/et_pb_text][\/et_pb_column][\/et_pb_row][et_pb_row column_structure=&#8220;1_4,1_4,1_4,1_4&#8243; _builder_version=&#8220;3.25.3&#8243; custom_margin=&#8220;23px|auto|0px|auto||&#8220; custom_padding=&#8220;3px|||||&#8220;][et_pb_column type=&#8220;1_4&#8243; _builder_version=&#8220;3.25.3&#8243;][et_pb_blurb title=&#8220;Abf\u00e4lle werden sofort aus dem Produktionsbereich entfernt&#8220; image=&#8220;https:\/\/hytt.eu\/wp-content\/uploads\/2019\/10\/Food_Area_Kip.svg&#8220; image_max_width=&#8220;40%&#8220; _builder_version=&#8220;3.25.3&#8243; header_level=&#8220;h3&#8243; header_font=&#8220;||||||||&#8220; header_text_color=&#8220;#000000&#8243; body_font=&#8220;||||||||&#8220; text_orientation=&#8220;center&#8220;][\/et_pb_blurb][\/et_pb_column][et_pb_column type=&#8220;1_4&#8243; _builder_version=&#8220;3.25.3&#8243;][et_pb_blurb title=&#8220;Sauberer Arbeitsplatz&#8220; image=&#8220;https:\/\/hytt.eu\/wp-content\/uploads\/2019\/10\/Hygiene.svg&#8220; image_max_width=&#8220;40%&#8220; _builder_version=&#8220;3.25.3&#8243; header_level=&#8220;h3&#8243; header_font=&#8220;||||||||&#8220; header_text_align=&#8220;center&#8220; header_text_color=&#8220;#000000&#8243; body_font=&#8220;||||||||&#8220;][\/et_pb_blurb][\/et_pb_column][et_pb_column type=&#8220;1_4&#8243; _builder_version=&#8220;3.25.3&#8243;][et_pb_blurb title=&#8220;Weniger interne Transportkosten&#8220; image=&#8220;https:\/\/hytt.eu\/wp-content\/uploads\/2019\/10\/Kostenreductie.svg&#8220; image_max_width=&#8220;40%&#8220; _builder_version=&#8220;3.25.3&#8243; header_level=&#8220;h3&#8243; header_font=&#8220;||||||||&#8220; header_text_align=&#8220;center&#8220; header_text_color=&#8220;#000000&#8243; body_font=&#8220;||||||||&#8220;][\/et_pb_blurb][\/et_pb_column][et_pb_column type=&#8220;1_4&#8243; _builder_version=&#8220;3.25.3&#8243;][et_pb_blurb title=&#8220;Effizientere Arbeitsweise&#8220; image=&#8220;https:\/\/hytt.eu\/wp-content\/uploads\/2019\/10\/Arbeid.svg&#8220; image_max_width=&#8220;40%&#8220; _builder_version=&#8220;3.25.3&#8243; header_level=&#8220;h3&#8243; header_font=&#8220;||||||||&#8220; header_text_align=&#8220;center&#8220; header_text_color=&#8220;#000000&#8243; body_font=&#8220;||||||||&#8220;][\/et_pb_blurb][\/et_pb_column][\/et_pb_row][\/et_pb_section][et_pb_section fb_built=&#8220;1&#8243; _builder_version=&#8220;3.25.3&#8243; background_color=&#8220;#ffffff&#8220; custom_padding=&#8220;0px||0px|||&#8220;][et_pb_row _builder_version=&#8220;3.25.3&#8243; custom_padding=&#8220;||0px|||&#8220;][et_pb_column type=&#8220;4_4&#8243; _builder_version=&#8220;3.25.3&#8243;][et_pb_text _builder_version=&#8220;3.27.4&#8243; text_font=&#8220;Dosis|700|||||||&#8220; text_text_color=&#8220;#000000&#8243; text_font_size=&#8220;45px&#8220; text_line_height=&#8220;1em&#8220; header_font=&#8220;||||||||&#8220; header_2_font=&#8220;||||||||&#8220; header_2_text_color=&#8220;#000000&#8243; header_2_font_size=&#8220;45px&#8220; min_height=&#8220;76px&#8220;]<\/p>\n<h2 style=\"text-align: center;\">Unsere Referenzen<\/h2>\n<p>[\/et_pb_text][\/et_pb_column][\/et_pb_row][et_pb_row column_structure=&#8220;1_4,1_4,1_4,1_4&#8243; _builder_version=&#8220;3.25.3&#8243; custom_margin=&#8220;24px|auto|4px|auto||&#8220; custom_padding=&#8220;0px||0px|||&#8220;][et_pb_column type=&#8220;1_4&#8243; _builder_version=&#8220;3.25.3&#8243;][et_pb_blurb url=&#8220;https:\/\/www.eisberg-oesterreich.at\/de\/&#8220; url_new_window=&#8220;on&#8220; image=&#8220;https:\/\/hytt.eu\/wp-content\/uploads\/2019\/09\/1538028678.1718_114_o.jpg&#8220; _builder_version=&#8220;3.25.3&#8243; custom_margin=&#8220;-66px||&#8220;][\/et_pb_blurb][\/et_pb_column][et_pb_column type=&#8220;1_4&#8243; _builder_version=&#8220;3.25.3&#8243;][et_pb_blurb url=&#8220;https:\/\/www.mirontell.de\/obstsalathersteller.html&#8220; url_new_window=&#8220;on&#8220; image=&#8220;https:\/\/hytt.eu\/wp-content\/uploads\/2019\/09\/logo2017.png&#8220; _builder_version=&#8220;3.25.3&#8243;][\/et_pb_blurb][\/et_pb_column][et_pb_column type=&#8220;1_4&#8243; _builder_version=&#8220;3.25.3&#8243;][et_pb_blurb url=&#8220;http:\/\/www.gessler-muenchensfrische.de\/&#8220; url_new_window=&#8220;on&#8220; image=&#8220;https:\/\/hytt.eu\/wp-content\/uploads\/2019\/10\/gesslerlogo.svg&#8220; _builder_version=&#8220;3.25.3&#8243; custom_margin=&#8220;-35px||&#8220;][\/et_pb_blurb][\/et_pb_column][et_pb_column type=&#8220;1_4&#8243; _builder_version=&#8220;3.25.3&#8243;][et_pb_blurb url=&#8220;http:\/\/www.vanderzijpen.com\/&#8220; url_new_window=&#8220;on&#8220; image=&#8220;https:\/\/hytt.eu\/wp-content\/uploads\/2019\/06\/logo-van-der-zijpen.jpg&#8220; _builder_version=&#8220;3.25.3&#8243; custom_margin=&#8220;-8px||&#8220;][\/et_pb_blurb][\/et_pb_column][\/et_pb_row][et_pb_row column_structure=&#8220;1_4,1_4,1_4,1_4&#8243; _builder_version=&#8220;3.25.3&#8243; custom_margin=&#8220;24px|auto|4px|auto||&#8220; custom_padding=&#8220;0px||0px|||&#8220;][et_pb_column type=&#8220;1_4&#8243; _builder_version=&#8220;3.25.3&#8243;][et_pb_blurb url=&#8220;https:\/\/www.westvlees.com\/nl&#8220; url_new_window=&#8220;on&#8220; image=&#8220;https:\/\/hytt.eu\/wp-content\/uploads\/2019\/04\/Westvlees-logo.png&#8220; _builder_version=&#8220;3.25.3&#8243; custom_margin=&#8220;||&#8220;][\/et_pb_blurb][\/et_pb_column][et_pb_column type=&#8220;1_4&#8243; _builder_version=&#8220;3.25.3&#8243;][et_pb_blurb url=&#8220;https:\/\/www.bellandevans.com\/&#8220; url_new_window=&#8220;on&#8220; image=&#8220;https:\/\/hytt.eu\/wp-content\/uploads\/2020\/09\/Logo-Bell-Evans.png&#8220; alt=&#8220;Logo Bell &#038; Evans&#8220; image_max_width=&#8220;85%&#8220; _builder_version=&#8220;4.6.3&#8243;][\/et_pb_blurb][\/et_pb_column][et_pb_column type=&#8220;1_4&#8243; _builder_version=&#8220;3.25.3&#8243;][et_pb_blurb url=&#8220;https:\/\/www.patel.es\/es\/frivall.html&#8220; url_new_window=&#8220;on&#8220; image=&#8220;https:\/\/hytt.eu\/wp-content\/uploads\/2019\/04\/frivall-logo.jpg&#8220; _builder_version=&#8220;3.25.3&#8243; custom_margin=&#8220;-32px||&#8220;][\/et_pb_blurb][\/et_pb_column][et_pb_column type=&#8220;1_4&#8243; _builder_version=&#8220;3.25.3&#8243;][et_pb_blurb url=&#8220;https:\/\/www.patel.es\/es\/cinco-villas.html&#8220; url_new_window=&#8220;on&#8220; image=&#8220;https:\/\/hytt.eu\/wp-content\/uploads\/2019\/04\/Cincovillas-logo.jpg&#8220; _builder_version=&#8220;3.25.3&#8243; custom_margin=&#8220;-35px||&#8220;][\/et_pb_blurb][\/et_pb_column][\/et_pb_row][\/et_pb_section][et_pb_section fb_built=&#8220;1&#8243; prev_background_color=&#8220;#ffffff&#8220; _builder_version=&#8220;3.25.3&#8243; background_color=&#8220;#f8ae4f&#8220; min_height=&#8220;222px&#8220; custom_margin=&#8220;-12px|||||&#8220; custom_padding=&#8220;78px||1px|||&#8220; top_divider_style=&#8220;slant2&#8243; top_divider_height=&#8220;50px&#8220; top_divider_flip=&#8220;vertical&#8220; bottom_divider_height=&#8220;50px&#8220; bottom_divider_flip=&#8220;vertical&#8220;][et_pb_row column_structure=&#8220;3_4,1_4&#8243; _builder_version=&#8220;3.25.3&#8243; custom_padding=&#8220;30px||&#8220;][et_pb_column type=&#8220;3_4&#8243; _builder_version=&#8220;3.25.3&#8243;][et_pb_text _builder_version=&#8220;3.27.4&#8243; text_font=&#8220;Dosis|700|||||||&#8220; text_text_color=&#8220;#ffffff&#8220; text_font_size=&#8220;45px&#8220; header_font=&#8220;||||||||&#8220; header_2_font=&#8220;||||||||&#8220; header_2_text_color=&#8220;#ffffff&#8220; header_2_font_size=&#8220;45px&#8220;]<\/p>\n<h2 style=\"text-align: left;\">K\u00f6nnen wir etwas f\u00fcr Sie bedeuten?<\/h2>\n<p>[\/et_pb_text][\/et_pb_column][et_pb_column type=&#8220;1_4&#8243; _builder_version=&#8220;3.25.3&#8243;][et_pb_button button_url=&#8220;https:\/\/hytt.eu\/de\/kontakt\/&#8220; button_text=&#8220;Kontakt&#8220; _builder_version=&#8220;3.25.3&#8243; custom_button=&#8220;on&#8220; button_text_size=&#8220;26px&#8220; button_text_color=&#8220;#ffffff&#8220; button_bg_color=&#8220;rgba(0,0,0,0)&#8220; button_border_color=&#8220;#ffffff&#8220; button_border_radius=&#8220;3px&#8220; button_font=&#8220;Dosis|600||on|||||&#8220; button_icon=&#8220;%%20%%&#8220; background_layout=&#8220;dark&#8220; custom_margin=&#8220;-15px||&#8220; button_text_color__hover_enabled=&#8220;on&#8220; button_text_color__hover=&#8220;#000000&#8243; button_bg_color__hover_enabled=&#8220;on&#8220; button_bg_color__hover=&#8220;rgba(0,0,0,0)&#8220; button_bg_enable_color__hover=&#8220;on&#8220; button_border_color__hover_enabled=&#8220;on&#8220; button_border_color__hover=&#8220;#000000&#8243;][\/et_pb_button][\/et_pb_column][\/et_pb_row][\/et_pb_section]<\/p>\n","protected":false},"excerpt":{"rendered":"<p>Gefl\u00fcgel HYTT bietet hochwertige Vakuuml\u00f6sungen f\u00fcr Gefl\u00fcgelbetriebe und ist spezialisiert in den internen Transport des Abfalls und Nebenprodukte. HYTT gebraucht ein geschlossenes Rohrleitungssystem das Abfall oder Produkte absaugt von dem Produktionsbereich zu einem Kernpunkt irgendwo in der Fabrik. Durch den Gebrauch eines geschlossenes Rohrleitungssystem, die Chance auf Kreuzkontamination ist betr\u00e4chtlich reduziert. Neben diesem fantastischen Vorteil [&hellip;]<\/p>\n","protected":false},"author":2,"featured_media":0,"parent":0,"menu_order":0,"comment_status":"closed","ping_status":"closed","template":"","meta":{"_et_pb_use_builder":"on","_et_pb_old_content":"","_et_gb_content_width":"","footnotes":""},"class_list":["post-4252","page","type-page","status-publish","hentry"],"yoast_head":"<!-- This site is optimized with the Yoast SEO plugin v18.2 - https:\/\/yoast.com\/wordpress\/plugins\/seo\/ -->\n<title>Interner Transport von Abf\u00e4llen und Reststr\u00f6men in H\u00fchnerschlachth\u00f6fen<\/title>\n<meta name=\"description\" content=\"HYTT hilft H\u00e4hnchenschlachth\u00f6fen beim internen Transport von Abf\u00e4llen und Reststr\u00f6men, damit sie hygienisch und sicher produzieren k\u00f6nnen.\" \/>\n<meta name=\"robots\" content=\"index, follow, max-snippet:-1, max-image-preview:large, max-video-preview:-1\" \/>\n<link rel=\"canonical\" href=\"https:\/\/hytt.eu\/de\/geflugel-losungen\/\" \/>\n<meta property=\"og:locale\" content=\"de_DE\" \/>\n<meta property=\"og:type\" content=\"article\" \/>\n<meta property=\"og:title\" content=\"Interner Transport von Abf\u00e4llen und Reststr\u00f6men in H\u00fchnerschlachth\u00f6fen\" \/>\n<meta property=\"og:description\" content=\"HYTT hilft H\u00e4hnchenschlachth\u00f6fen beim internen Transport von Abf\u00e4llen und Reststr\u00f6men, damit sie hygienisch und sicher produzieren k\u00f6nnen.\" \/>\n<meta property=\"og:url\" content=\"https:\/\/hytt.eu\/de\/geflugel-losungen\/\" \/>\n<meta property=\"og:site_name\" content=\"HYTT\" \/>\n<meta property=\"article:modified_time\" content=\"2021-04-19T17:43:11+00:00\" \/>\n<meta property=\"og:image\" content=\"https:\/\/hytt.eu\/wp-content\/uploads\/2019\/10\/PoultryMiddel-1.svg\" \/>\n<meta name=\"twitter:card\" content=\"summary_large_image\" \/>\n<meta name=\"twitter:label1\" content=\"Gesch\u00e4tzte Lesezeit\" \/>\n\t<meta name=\"twitter:data1\" content=\"8\u00a0Minuten\" \/>\n<script type=\"application\/ld+json\" class=\"yoast-schema-graph\">{\"@context\":\"https:\/\/schema.org\",\"@graph\":[{\"@type\":\"Organization\",\"@id\":\"https:\/\/hytt.eu\/#organization\",\"name\":\"HYTT Hygienic Transport Systems & Technologies\",\"url\":\"https:\/\/hytt.eu\/\",\"sameAs\":[\"https:\/\/www.linkedin.com\/company\/hytt-hygienic-transport-systems-technologies\",\"https:\/\/www.youtube.com\/channel\/UC3GeBVI3O47wUcLwTijHTbg\"],\"logo\":{\"@type\":\"ImageObject\",\"@id\":\"https:\/\/hytt.eu\/#logo\",\"inLanguage\":\"de\",\"url\":\"https:\/\/hytt.eu\/wp-content\/uploads\/2019\/02\/Logo_HYTT-1024x993.jpg\",\"contentUrl\":\"https:\/\/hytt.eu\/wp-content\/uploads\/2019\/02\/Logo_HYTT-1024x993.jpg\",\"width\":1024,\"height\":993,\"caption\":\"HYTT Hygienic Transport Systems & Technologies\"},\"image\":{\"@id\":\"https:\/\/hytt.eu\/#logo\"}},{\"@type\":\"WebSite\",\"@id\":\"https:\/\/hytt.eu\/#website\",\"url\":\"https:\/\/hytt.eu\/\",\"name\":\"HYTT\",\"description\":\"Hygienic Transport systems &amp; Techologies\",\"publisher\":{\"@id\":\"https:\/\/hytt.eu\/#organization\"},\"potentialAction\":[{\"@type\":\"SearchAction\",\"target\":{\"@type\":\"EntryPoint\",\"urlTemplate\":\"https:\/\/hytt.eu\/?s={search_term_string}\"},\"query-input\":\"required name=search_term_string\"}],\"inLanguage\":\"de\"},{\"@type\":\"ImageObject\",\"@id\":\"https:\/\/hytt.eu\/de\/geflugel-losungen\/#primaryimage\",\"inLanguage\":\"de\",\"url\":\"https:\/\/hytt.eu\/wp-content\/uploads\/2019\/10\/PoultryMiddel-1.svg\",\"contentUrl\":\"https:\/\/hytt.eu\/wp-content\/uploads\/2019\/10\/PoultryMiddel-1.svg\",\"width\":250,\"height\":250},{\"@type\":\"WebPage\",\"@id\":\"https:\/\/hytt.eu\/de\/geflugel-losungen\/#webpage\",\"url\":\"https:\/\/hytt.eu\/de\/geflugel-losungen\/\",\"name\":\"Interner Transport von Abf\u00e4llen und Reststr\u00f6men in H\u00fchnerschlachth\u00f6fen\",\"isPartOf\":{\"@id\":\"https:\/\/hytt.eu\/#website\"},\"primaryImageOfPage\":{\"@id\":\"https:\/\/hytt.eu\/de\/geflugel-losungen\/#primaryimage\"},\"datePublished\":\"2019-10-14T08:01:44+00:00\",\"dateModified\":\"2021-04-19T17:43:11+00:00\",\"description\":\"HYTT hilft H\u00e4hnchenschlachth\u00f6fen beim internen Transport von Abf\u00e4llen und Reststr\u00f6men, damit sie hygienisch und sicher produzieren k\u00f6nnen.\",\"breadcrumb\":{\"@id\":\"https:\/\/hytt.eu\/de\/geflugel-losungen\/#breadcrumb\"},\"inLanguage\":\"de\",\"potentialAction\":[{\"@type\":\"ReadAction\",\"target\":[\"https:\/\/hytt.eu\/de\/geflugel-losungen\/\"]}]},{\"@type\":\"BreadcrumbList\",\"@id\":\"https:\/\/hytt.eu\/de\/geflugel-losungen\/#breadcrumb\",\"itemListElement\":[{\"@type\":\"ListItem\",\"position\":1,\"name\":\"Home\",\"item\":\"https:\/\/hytt.eu\/de\/\"},{\"@type\":\"ListItem\",\"position\":2,\"name\":\"L\u00f6sungen f\u00fcr Gefl\u00fcgelbetriebe\"}]}]}<\/script>\n<!-- \/ Yoast SEO plugin. -->","yoast_head_json":{"title":"Interner Transport von Abf\u00e4llen und Reststr\u00f6men in H\u00fchnerschlachth\u00f6fen","description":"HYTT hilft H\u00e4hnchenschlachth\u00f6fen beim internen Transport von Abf\u00e4llen und Reststr\u00f6men, damit sie hygienisch und sicher produzieren k\u00f6nnen.","robots":{"index":"index","follow":"follow","max-snippet":"max-snippet:-1","max-image-preview":"max-image-preview:large","max-video-preview":"max-video-preview:-1"},"canonical":"https:\/\/hytt.eu\/de\/geflugel-losungen\/","og_locale":"de_DE","og_type":"article","og_title":"Interner Transport von Abf\u00e4llen und Reststr\u00f6men in H\u00fchnerschlachth\u00f6fen","og_description":"HYTT hilft H\u00e4hnchenschlachth\u00f6fen beim internen Transport von Abf\u00e4llen und Reststr\u00f6men, damit sie hygienisch und sicher produzieren k\u00f6nnen.","og_url":"https:\/\/hytt.eu\/de\/geflugel-losungen\/","og_site_name":"HYTT","article_modified_time":"2021-04-19T17:43:11+00:00","og_image":[{"url":"https:\/\/hytt.eu\/wp-content\/uploads\/2019\/10\/PoultryMiddel-1.svg"}],"twitter_card":"summary_large_image","twitter_misc":{"Gesch\u00e4tzte Lesezeit":"8\u00a0Minuten"},"schema":{"@context":"https:\/\/schema.org","@graph":[{"@type":"Organization","@id":"https:\/\/hytt.eu\/#organization","name":"HYTT Hygienic Transport Systems & Technologies","url":"https:\/\/hytt.eu\/","sameAs":["https:\/\/www.linkedin.com\/company\/hytt-hygienic-transport-systems-technologies","https:\/\/www.youtube.com\/channel\/UC3GeBVI3O47wUcLwTijHTbg"],"logo":{"@type":"ImageObject","@id":"https:\/\/hytt.eu\/#logo","inLanguage":"de","url":"https:\/\/hytt.eu\/wp-content\/uploads\/2019\/02\/Logo_HYTT-1024x993.jpg","contentUrl":"https:\/\/hytt.eu\/wp-content\/uploads\/2019\/02\/Logo_HYTT-1024x993.jpg","width":1024,"height":993,"caption":"HYTT Hygienic Transport Systems & Technologies"},"image":{"@id":"https:\/\/hytt.eu\/#logo"}},{"@type":"WebSite","@id":"https:\/\/hytt.eu\/#website","url":"https:\/\/hytt.eu\/","name":"HYTT","description":"Hygienic Transport systems &amp; Techologies","publisher":{"@id":"https:\/\/hytt.eu\/#organization"},"potentialAction":[{"@type":"SearchAction","target":{"@type":"EntryPoint","urlTemplate":"https:\/\/hytt.eu\/?s={search_term_string}"},"query-input":"required name=search_term_string"}],"inLanguage":"de"},{"@type":"ImageObject","@id":"https:\/\/hytt.eu\/de\/geflugel-losungen\/#primaryimage","inLanguage":"de","url":"https:\/\/hytt.eu\/wp-content\/uploads\/2019\/10\/PoultryMiddel-1.svg","contentUrl":"https:\/\/hytt.eu\/wp-content\/uploads\/2019\/10\/PoultryMiddel-1.svg","width":250,"height":250},{"@type":"WebPage","@id":"https:\/\/hytt.eu\/de\/geflugel-losungen\/#webpage","url":"https:\/\/hytt.eu\/de\/geflugel-losungen\/","name":"Interner Transport von Abf\u00e4llen und Reststr\u00f6men in H\u00fchnerschlachth\u00f6fen","isPartOf":{"@id":"https:\/\/hytt.eu\/#website"},"primaryImageOfPage":{"@id":"https:\/\/hytt.eu\/de\/geflugel-losungen\/#primaryimage"},"datePublished":"2019-10-14T08:01:44+00:00","dateModified":"2021-04-19T17:43:11+00:00","description":"HYTT hilft H\u00e4hnchenschlachth\u00f6fen beim internen Transport von Abf\u00e4llen und Reststr\u00f6men, damit sie hygienisch und sicher produzieren k\u00f6nnen.","breadcrumb":{"@id":"https:\/\/hytt.eu\/de\/geflugel-losungen\/#breadcrumb"},"inLanguage":"de","potentialAction":[{"@type":"ReadAction","target":["https:\/\/hytt.eu\/de\/geflugel-losungen\/"]}]},{"@type":"BreadcrumbList","@id":"https:\/\/hytt.eu\/de\/geflugel-losungen\/#breadcrumb","itemListElement":[{"@type":"ListItem","position":1,"name":"Home","item":"https:\/\/hytt.eu\/de\/"},{"@type":"ListItem","position":2,"name":"L\u00f6sungen f\u00fcr Gefl\u00fcgelbetriebe"}]}]}},"_links":{"self":[{"href":"https:\/\/hytt.eu\/de\/wp-json\/wp\/v2\/pages\/4252","targetHints":{"allow":["GET"]}}],"collection":[{"href":"https:\/\/hytt.eu\/de\/wp-json\/wp\/v2\/pages"}],"about":[{"href":"https:\/\/hytt.eu\/de\/wp-json\/wp\/v2\/types\/page"}],"author":[{"embeddable":true,"href":"https:\/\/hytt.eu\/de\/wp-json\/wp\/v2\/users\/2"}],"replies":[{"embeddable":true,"href":"https:\/\/hytt.eu\/de\/wp-json\/wp\/v2\/comments?post=4252"}],"version-history":[{"count":0,"href":"https:\/\/hytt.eu\/de\/wp-json\/wp\/v2\/pages\/4252\/revisions"}],"wp:attachment":[{"href":"https:\/\/hytt.eu\/de\/wp-json\/wp\/v2\/media?parent=4252"}],"curies":[{"name":"wp","href":"https:\/\/api.w.org\/{rel}","templated":true}]}}