{"id":4218,"date":"2019-10-11T07:16:33","date_gmt":"2019-10-11T07:16:33","guid":{"rendered":"https:\/\/hytt.eu\/uber-hytt\/"},"modified":"2022-12-24T14:49:53","modified_gmt":"2022-12-24T14:49:53","slug":"uber-hytt","status":"publish","type":"page","link":"https:\/\/hytt.eu\/de\/uber-hytt\/","title":{"rendered":"\u00dcber HYTT"},"content":{"rendered":"<p>[et_pb_section fb_built=&#8220;1&#8243; fullwidth=&#8220;on&#8220; admin_label=&#8220;Section&#8220; _builder_version=&#8220;3.25.3&#8243; bottom_divider_style=&#8220;slant2&#8243; bottom_divider_color=&#8220;#ffffff&#8220; bottom_divider_height=&#8220;45px&#8220; bottom_divider_flip=&#8220;vertical&#8220; global_colors_info=&#8220;{}&#8220;][et_pb_fullwidth_header title=&#8220;\u00dcber HYTT&#8220; _builder_version=&#8220;4.9.2&#8243; title_font=&#8220;||||||||&#8220; title_text_align=&#8220;center&#8220; background_image=&#8220;https:\/\/hytt.eu\/wp-content\/uploads\/2019\/04\/slider-pork.jpg&#8220; custom_padding=&#8220;||100px|||&#8220; global_colors_info=&#8220;{}&#8220;][\/et_pb_fullwidth_header][\/et_pb_section][et_pb_section fb_built=&#8220;1&#8243; _builder_version=&#8220;3.25.3&#8243; custom_padding=&#8220;||29px|||&#8220; top_divider_color=&#8220;#ffffff&#8220; top_divider_flip=&#8220;horizontal&#8220; global_colors_info=&#8220;{}&#8220;][et_pb_row column_structure=&#8220;1_2,1_2&#8243; _builder_version=&#8220;3.25.3&#8243; global_colors_info=&#8220;{}&#8220;][et_pb_column type=&#8220;1_2&#8243; _builder_version=&#8220;3.25.3&#8243; global_colors_info=&#8220;{}&#8220;][et_pb_image src=&#8220;https:\/\/hytt.eu\/wp-content\/uploads\/2019\/06\/vacuum-unit-min.jpg&#8220; _builder_version=&#8220;4.9.2&#8243; custom_margin=&#8220;50px||&#8220; global_colors_info=&#8220;{}&#8220;][\/et_pb_image][\/et_pb_column][et_pb_column type=&#8220;1_2&#8243; _builder_version=&#8220;3.25.3&#8243; global_colors_info=&#8220;{}&#8220;][et_pb_text _builder_version=&#8220;3.27.4&#8243; text_font=&#8220;||||||||&#8220; text_text_color=&#8220;#6b6b6b&#8220; text_font_size=&#8220;15px&#8220; header_font=&#8220;||||||||&#8220; header_text_color=&#8220;#000000&#8243; header_2_font=&#8220;||||||||&#8220; header_2_text_color=&#8220;#000000&#8243; header_2_font_size=&#8220;45px&#8220; header_3_font=&#8220;||||||||&#8220; header_3_text_color=&#8220;#000000&#8243; global_colors_info=&#8220;{}&#8220;]<\/p>\n<h2>\u00dcber Uns<\/h2>\n<p>Wir, HYTT Hygienic Transport systems &amp; Technologies, sind spezialisiert in das transportieren von verschiedenen Produkte, variierend von Nebenprodukte bis Endprodukte. Die hohe Qualit\u00e4t Vakuum L\u00f6sungen sind geeignet f\u00fcr Nahrungsproduktionslinien und professionelle K\u00fcchen. Das Rohrleitungssystem ist skalierbar um die W\u00fcnsche des Kunde zu erf\u00fcllen. Das System realisiert eine Zunahme der Hygiene, eine Zunahme der Effizienz, eine Reduzierung des Risikos auf Kreuzkontamination und eine Zunahme der Sicherheit. Und das alles in Kombination mit einem nachhaltigen System und effizienten Nutzung der Materialien. Unsere System kann implementiert werden in neuen oder bestehenden Fabriken, in Schlachth\u00f6fe f\u00fcr Schweine, Rinder und Gefl\u00fcgel, in Obst- &amp; Gem\u00fcse und Fisch verarbeitende Betriebe, professionelle K\u00fcchen und andere Branchen.<\/p>\n<p>[\/et_pb_text][et_pb_divider color=&#8220;#000000&#8243; divider_weight=&#8220;2px&#8220; _builder_version=&#8220;3.25.3&#8243; width=&#8220;15%&#8220; module_alignment=&#8220;right&#8220; custom_margin=&#8220;-15px|||||&#8220; global_colors_info=&#8220;{}&#8220;][\/et_pb_divider][\/et_pb_column][\/et_pb_row][\/et_pb_section][et_pb_section fb_built=&#8220;1&#8243; next_background_color=&#8220;#ffffff&#8220; _builder_version=&#8220;3.25.3&#8243; background_color=&#8220;#ededed&#8220; custom_margin=&#8220;-30px|||||&#8220; custom_padding=&#8220;||84px|||&#8220; bottom_divider_style=&#8220;slant2&#8243; bottom_divider_height=&#8220;61px&#8220; global_colors_info=&#8220;{}&#8220;][et_pb_row _builder_version=&#8220;3.25.3&#8243; custom_padding=&#8220;0px||0px|||&#8220; global_colors_info=&#8220;{}&#8220;][et_pb_column type=&#8220;4_4&#8243; _builder_version=&#8220;3.25.3&#8243; global_colors_info=&#8220;{}&#8220;][et_pb_text _builder_version=&#8220;3.27.4&#8243; text_font=&#8220;||||||||&#8220; text_text_color=&#8220;#000000&#8243; text_font_size=&#8220;15px&#8220; header_font=&#8220;||||||||&#8220; header_text_color=&#8220;#000000&#8243; header_2_font=&#8220;||||||||&#8220; header_2_text_color=&#8220;#000000&#8243; header_2_font_size=&#8220;45px&#8220; header_3_font=&#8220;||||||||&#8220; header_3_text_color=&#8220;#000000&#8243; custom_padding=&#8220;||0px|||&#8220; global_colors_info=&#8220;{}&#8220;]<\/p>\n<h2 style=\"text-align: center;\">Unsere Kernwerte<\/h2>\n<p>[\/et_pb_text][\/et_pb_column][\/et_pb_row][et_pb_row column_structure=&#8220;1_3,1_3,1_3&#8243; _builder_version=&#8220;3.25.3&#8243; custom_margin=&#8220;23px|auto|0px|auto||&#8220; custom_padding=&#8220;3px|||||&#8220; global_colors_info=&#8220;{}&#8220;][et_pb_column type=&#8220;1_3&#8243; _builder_version=&#8220;3.25.3&#8243; global_colors_info=&#8220;{}&#8220;][et_pb_blurb title=&#8220;HYTT&#8220; image=&#8220;https:\/\/hytt.eu\/wp-content\/uploads\/2019\/10\/information.svg&#8220; image_icon_width=&#8220;40%&#8220; _builder_version=&#8220;4.14.8&#8243; header_level=&#8220;h3&#8243; header_font=&#8220;||||||||&#8220; header_text_color=&#8220;#000000&#8243; header_font_size=&#8220;30px&#8220; body_font=&#8220;||||||||&#8220; body_font_size=&#8220;15px&#8220; text_orientation=&#8220;center&#8220; image_max_width=&#8220;40%&#8220; global_colors_info=&#8220;{}&#8220;]<\/p>\n<p>Als internationale Marktf\u00fchrer der internen Vakuumtransportsysteme, sehen wir uns selbst wie ein Partner f\u00fcr unseren Kunden, wovon die meisten seit Jahren Kunde bei uns sind. Ob das unsere Kenntnis, L\u00f6sung oder unsere umfangreiche Dienstleistung ist &#8211; alles hast nur ein Ziel. Der Kunde hast eine Idee und wir liefern das.<\/p>\n<p>[\/et_pb_blurb][\/et_pb_column][et_pb_column type=&#8220;1_3&#8243; _builder_version=&#8220;3.25.3&#8243; global_colors_info=&#8220;{}&#8220;][et_pb_blurb title=&#8220;Mission&#8220; image=&#8220;https:\/\/hytt.eu\/wp-content\/uploads\/2019\/10\/target.svg&#8220; image_icon_width=&#8220;40%&#8220; _builder_version=&#8220;4.13.0&#8243; header_level=&#8220;h3&#8243; header_font=&#8220;||||||||&#8220; header_text_align=&#8220;center&#8220; header_text_color=&#8220;#000000&#8243; header_font_size=&#8220;30px&#8220; body_font=&#8220;||||||||&#8220; body_font_size=&#8220;15px&#8220; image_max_width=&#8220;40%&#8220; global_colors_info=&#8220;{}&#8220;]<\/p>\n<p style=\"text-align: center;\">Wir sind ein globaler Partner der Lebensmittelindustrie f\u00fcr die sichere, gesunde und komfortable Gestaltung von Arbeitsr\u00e4umen. Unsere Produkte und Systeme f\u00fcr die Lebensmittelindustrie sind innovativ, umweltfreundlich, energieeffizient und nachhaltig.<\/p>\n<p style=\"text-align: center;\">\u00a0<\/p>\n<p>[\/et_pb_blurb][\/et_pb_column][et_pb_column type=&#8220;1_3&#8243; _builder_version=&#8220;3.25.3&#8243; global_colors_info=&#8220;{}&#8220;][et_pb_blurb title=&#8220;Vision&#8220; image=&#8220;https:\/\/hytt.eu\/wp-content\/uploads\/2019\/10\/compass.svg&#8220; image_icon_width=&#8220;40%&#8220; _builder_version=&#8220;4.13.0&#8243; header_level=&#8220;h3&#8243; header_font=&#8220;||||||||&#8220; header_text_align=&#8220;center&#8220; header_text_color=&#8220;#000000&#8243; header_font_size=&#8220;30px&#8220; body_font=&#8220;||||||||&#8220; body_font_size=&#8220;15px&#8220; image_max_width=&#8220;40%&#8220; global_colors_info=&#8220;{}&#8220;]<\/p>\n<p style=\"text-align: center;\">Wir verwenden den Standard in:<\/p>\n<ul>\n<li style=\"text-align: left;\">Hygienische Transportsysteme<\/li>\n<li style=\"text-align: left;\">Produkte und Technologien basiert auf Vakuum<\/li>\n<li>Reinigungsysteme f\u00fcr Rohrleitungen<\/li>\n<li>Energy-effiziente Systeme<\/li>\n<li>\n<div class=\"tlid-input input\">\n<div class=\"source-wrap\">\n<div class=\"input-full-height-wrapper tlid-input-full-height-wrapper\">\n<div class=\"source-input\">\n<div class=\"source-footer-wrap source-or-target-footer\">\n<div class=\"character-count tlid-character-count\">\n<div class=\"cc-ctr normal\">Ma\u00dfgeschneiderte L\u00f6sungen mit angemessene ROI<\/div>\n<\/div>\n<\/div>\n<\/div>\n<\/div>\n<\/div>\n<\/div>\n<\/li>\n<\/ul>\n<p>[\/et_pb_blurb][\/et_pb_column][\/et_pb_row][et_pb_row _builder_version=&#8220;4.14.8&#8243; _module_preset=&#8220;default&#8220; global_colors_info=&#8220;{}&#8220;][et_pb_column type=&#8220;4_4&#8243; _builder_version=&#8220;4.14.8&#8243; _module_preset=&#8220;default&#8220; global_colors_info=&#8220;{}&#8220;][\/et_pb_column][\/et_pb_row][\/et_pb_section][et_pb_section fb_built=&#8220;1&#8243; _builder_version=&#8220;3.25.3&#8243; background_color=&#8220;#ffffff&#8220; custom_padding=&#8220;0px||37px|||&#8220; global_colors_info=&#8220;{}&#8220;][et_pb_row _builder_version=&#8220;3.25.3&#8243; global_colors_info=&#8220;{}&#8220;][et_pb_column type=&#8220;4_4&#8243; _builder_version=&#8220;3.25.3&#8243; global_colors_info=&#8220;{}&#8220;][et_pb_text _builder_version=&#8220;4.14.8&#8243; text_font=&#8220;||||||||&#8220; text_text_color=&#8220;#000000&#8243; text_font_size=&#8220;15px&#8220; header_font=&#8220;||||||||&#8220; header_text_color=&#8220;#000000&#8243; header_2_font=&#8220;||||||||&#8220; header_2_text_color=&#8220;#000000&#8243; header_2_font_size=&#8220;45px&#8220; header_3_font=&#8220;||||||||&#8220; header_3_text_color=&#8220;#000000&#8243; custom_padding=&#8220;||0px|||&#8220; global_colors_info=&#8220;{}&#8220;]<\/p>\n<h2 style=\"text-align: center;\">Wer sind wir?<\/h2>\n<p>[\/et_pb_text][\/et_pb_column][\/et_pb_row][et_pb_row column_structure=&#8220;1_3,1_3,1_3&#8243; _builder_version=&#8220;4.14.8&#8243; custom_padding=&#8220;13px|||||&#8220; hover_enabled=&#8220;0&#8243; global_colors_info=&#8220;{}&#8220; sticky_enabled=&#8220;0&#8243;][et_pb_column type=&#8220;1_3&#8243; _builder_version=&#8220;3.25.3&#8243; global_colors_info=&#8220;{}&#8220;][et_pb_blurb title=&#8220;Paul Wijngaarden&#8220; image=&#8220;https:\/\/hytt.eu\/wp-content\/uploads\/2018\/11\/Paul.jpg&#8220; image_icon_width=&#8220;95%&#8220; _builder_version=&#8220;4.13.0&#8243; header_level=&#8220;h2&#8243; header_font=&#8220;||||||||&#8220; header_text_color=&#8220;#000000&#8243; header_font_size=&#8220;21px&#8220; body_font=&#8220;||||||||&#8220; body_font_size=&#8220;15px&#8220; border_radii_image=&#8220;on|120px|120px|120px|120px&#8220; image_max_width=&#8220;95%&#8220; global_colors_info=&#8220;{}&#8220;]<\/p>\n<h4><span style=\"color: #000000;\">Verkauf Direktor<\/span><\/h4>\n<p>Tel.: +(31) 6 2137 5901<br \/>\nEmail: <a href=\"mailto:paul@hytt.eu\">paul@hytt.eu<\/a><br \/>\n<a href=\"https:\/\/nl.linkedin.com\/in\/paul-wijngaarden-11b38125\" target=\"_blank\" rel=\"noopener noreferrer\">Verbinde auf LinkedIn<\/a><\/p>\n<p>Immer erreichbar f\u00fcr Unterst\u00fctzung[\/et_pb_blurb][\/et_pb_column][et_pb_column type=&#8220;1_3&#8243; _builder_version=&#8220;3.25.3&#8243; global_colors_info=&#8220;{}&#8220;][et_pb_blurb title=&#8220;Eric Oving&#8220; image=&#8220;https:\/\/hytt.eu\/wp-content\/uploads\/2020\/09\/Afbeelding-Eric.jpg&#8220; alt=&#8220;Eric Oving&#8220; _builder_version=&#8220;4.13.0&#8243; header_font=&#8220;||||||||&#8220; header_text_color=&#8220;#000000&#8243; header_font_size=&#8220;21px&#8220; body_font=&#8220;||||||||&#8220; body_font_size=&#8220;15px&#8220; border_radii_image=&#8220;on|120px|120px|120px|120px&#8220; global_colors_info=&#8220;{}&#8220;]<\/p>\n<h3><span style=\"color: #000000;\">Generaldirektor<\/span><\/h3>\n<p>Tel.: +(31) 6 3889 4483<br \/>\nEmail:\u00a0<a href=\"mailto:eric@hytt.eu\">eric@hytt.eu<\/a><br \/>\n<a href=\"https:\/\/www.linkedin.com\/in\/ericoving\/\" target=\"_blank\" rel=\"noopener noreferrer\">Verbinde auf LinkedIn<\/a><\/p>\n<p><em>Ich freue mich darauf, Sie kennenzulernen<\/em>[\/et_pb_blurb][\/et_pb_column][et_pb_column type=&#8220;1_3&#8243; _builder_version=&#8220;3.25.3&#8243; global_colors_info=&#8220;{}&#8220;][et_pb_blurb title=&#8220;Sjaak Aerts&#8220; image=&#8220;https:\/\/hytt.eu\/wp-content\/uploads\/2022\/05\/Foto-Sjaak-Aerts.jpg&#8220; image_icon_width=&#8220;95%&#8220; _builder_version=&#8220;4.14.8&#8243; header_level=&#8220;h1&#8243; header_font=&#8220;||||||||&#8220; header_text_color=&#8220;#000000&#8243; header_font_size=&#8220;21px&#8220; body_font=&#8220;||||||||&#8220; body_font_size=&#8220;15px&#8220; border_radii_image=&#8220;on|120px|120px|120px|120px&#8220; image_max_width=&#8220;95%&#8220; global_colors_info=&#8220;{}&#8220;]<\/p>\n<h4><span style=\"color: #000000;\">Gesch\u00e4ftsentwicklung<\/span><\/h4>\n<p>Tel.: +(31) 6 5314 5842<br \/>\nEmail:\u00a0<a href=\"mailto:sjaak@hytt.eu\">sjaak@hytt.eu<\/a><br \/>\n<a href=\"https:\/\/www.linkedin.com\/in\/sjaak-aerts-271634234\/\" target=\"_blank\" rel=\"noopener noreferrer\">Verbinde auf LinkedIn<\/a><\/p>\n<p><em>Ich denke in Chancen und M\u00f6glichkeiten<\/em>[\/et_pb_blurb][\/et_pb_column][\/et_pb_row][et_pb_row _builder_version=&#8220;4.14.8&#8243; _module_preset=&#8220;default&#8220; global_colors_info=&#8220;{}&#8220;][et_pb_column type=&#8220;4_4&#8243; _builder_version=&#8220;4.14.8&#8243; _module_preset=&#8220;default&#8220; global_colors_info=&#8220;{}&#8220;][et_pb_text _builder_version=&#8220;4.14.8&#8243; text_font=&#8220;||||||||&#8220; text_text_color=&#8220;#000000&#8243; text_font_size=&#8220;15px&#8220; header_font=&#8220;||||||||&#8220; header_text_color=&#8220;#000000&#8243; header_2_font=&#8220;||||||||&#8220; header_2_text_color=&#8220;#000000&#8243; header_2_font_size=&#8220;45px&#8220; header_3_font=&#8220;||||||||&#8220; header_3_text_color=&#8220;#000000&#8243; custom_padding=&#8220;||0px|||&#8220; global_colors_info=&#8220;{}&#8220;]<\/p>\n<h2 style=\"text-align: center;\">HYTT-Neuigkeiten<\/h2>\n<p>[\/et_pb_text][et_pb_divider admin_label=&#8220;Verdeler&#8220; _builder_version=&#8220;4.14.8&#8243; _module_preset=&#8220;default&#8220; global_colors_info=&#8220;{}&#8220;][\/et_pb_divider][et_pb_blog posts_number=&#8220;3&#8243; include_categories=&#8220;53&#8243; _builder_version=&#8220;4.14.8&#8243; _module_preset=&#8220;default&#8220; global_colors_info=&#8220;{}&#8220;][\/et_pb_blog][\/et_pb_column][\/et_pb_row][\/et_pb_section][et_pb_section fb_built=&#8220;1&#8243; prev_background_color=&#8220;#ffffff&#8220; _builder_version=&#8220;4.14.8&#8243; background_color=&#8220;#eb5b55&#8243; min_height=&#8220;222px&#8220; custom_margin=&#8220;-12px|||||&#8220; custom_padding=&#8220;78px||1px|||&#8220; top_divider_style=&#8220;slant2&#8243; top_divider_height=&#8220;50px&#8220; top_divider_flip=&#8220;vertical&#8220; bottom_divider_height=&#8220;50px&#8220; bottom_divider_flip=&#8220;vertical&#8220; global_colors_info=&#8220;{}&#8220;][et_pb_row column_structure=&#8220;3_4,1_4&#8243; _builder_version=&#8220;3.25.3&#8243; global_colors_info=&#8220;{}&#8220;][et_pb_column type=&#8220;3_4&#8243; _builder_version=&#8220;3.25.3&#8243; global_colors_info=&#8220;{}&#8220;][et_pb_text _builder_version=&#8220;3.27.4&#8243; text_font=&#8220;Dosis|700|||||||&#8220; text_text_color=&#8220;#ffffff&#8220; text_font_size=&#8220;45px&#8220; header_font=&#8220;||||||||&#8220; header_2_font=&#8220;||||||||&#8220; header_2_text_color=&#8220;#ffffff&#8220; header_2_font_size=&#8220;45px&#8220; global_colors_info=&#8220;{}&#8220;]<\/p>\n<h2 style=\"text-align: left;\">K\u00f6nnen wir etwas f\u00fcr Sie bedeuten?<\/h2>\n<p>[\/et_pb_text][\/et_pb_column][et_pb_column type=&#8220;1_4&#8243; _builder_version=&#8220;3.25.3&#8243; global_colors_info=&#8220;{}&#8220;][et_pb_button button_url=&#8220;https:\/\/hytt.eu\/de\/kontakt\/&#8220; button_text=&#8220;Kontakt&#8220; _builder_version=&#8220;4.14.8&#8243; custom_button=&#8220;on&#8220; button_text_size=&#8220;26px&#8220; button_text_color=&#8220;#ffffff&#8220; button_border_color=&#8220;#ffffff&#8220; button_border_radius=&#8220;3px&#8220; button_font=&#8220;Dosis|600||on|||||&#8220; button_icon=&#8220;&#x35;||divi||400&#8243; button_icon_color=&#8220;#000000&#8243; background_layout=&#8220;dark&#8220; custom_margin=&#8220;-15px||&#8220; global_colors_info=&#8220;{}&#8220; button_text_color__hover_enabled=&#8220;on&#8220; button_text_color__hover=&#8220;#000000&#8243; button_bg_color__hover_enabled=&#8220;on&#8220; button_bg_color__hover=&#8220;rgba(0,0,0,0)&#8220; button_bg_enable_color__hover=&#8220;on&#8220; button_border_color__hover_enabled=&#8220;on&#8220; button_border_color__hover=&#8220;#000000&#8243;][\/et_pb_button][\/et_pb_column][\/et_pb_row][\/et_pb_section]<\/p>\n","protected":false},"excerpt":{"rendered":"<p>\u00dcber Uns Wir, HYTT Hygienic Transport systems &amp; Technologies, sind spezialisiert in das transportieren von verschiedenen Produkte, variierend von Nebenprodukte bis Endprodukte. Die hohe Qualit\u00e4t Vakuum L\u00f6sungen sind geeignet f\u00fcr Nahrungsproduktionslinien und professionelle K\u00fcchen. Das Rohrleitungssystem ist skalierbar um die W\u00fcnsche des Kunde zu erf\u00fcllen. Das System realisiert eine Zunahme der Hygiene, eine Zunahme der [&hellip;]<\/p>\n","protected":false},"author":3,"featured_media":0,"parent":0,"menu_order":0,"comment_status":"closed","ping_status":"closed","template":"","meta":{"_et_pb_use_builder":"on","_et_pb_old_content":"","_et_gb_content_width":"","footnotes":""},"class_list":["post-4218","page","type-page","status-publish","hentry"],"yoast_head":"<!-- This site is optimized with the Yoast SEO plugin v18.2 - https:\/\/yoast.com\/wordpress\/plugins\/seo\/ -->\n<title>HYTT Hygienisches Vakuum Transportsysteme &amp; Technologien<\/title>\n<meta name=\"description\" content=\"HYTT unterst\u00fctzt die lebensmittelverarbeitende Industrie beim innerbetrieblichen Transport von Abf\u00e4llen und Reststr\u00f6men, damit sie hygienisch, sicher und effizient produzieren kann, um die Lebensmittelsicherheit zu gew\u00e4hrleisten.\" \/>\n<meta name=\"robots\" content=\"index, follow, max-snippet:-1, max-image-preview:large, max-video-preview:-1\" \/>\n<link rel=\"canonical\" href=\"https:\/\/hytt.eu\/de\/uber-hytt\/\" \/>\n<meta property=\"og:locale\" content=\"de_DE\" \/>\n<meta property=\"og:type\" content=\"article\" \/>\n<meta property=\"og:title\" content=\"HYTT Hygienisches Vakuum Transportsysteme &amp; Technologien\" \/>\n<meta property=\"og:description\" content=\"HYTT unterst\u00fctzt die lebensmittelverarbeitende Industrie beim innerbetrieblichen Transport von Abf\u00e4llen und Reststr\u00f6men, damit sie hygienisch, sicher und effizient produzieren kann, um die Lebensmittelsicherheit zu gew\u00e4hrleisten.\" \/>\n<meta property=\"og:url\" content=\"https:\/\/hytt.eu\/de\/uber-hytt\/\" \/>\n<meta property=\"og:site_name\" content=\"HYTT\" \/>\n<meta property=\"article:modified_time\" content=\"2022-12-24T14:49:53+00:00\" \/>\n<meta name=\"twitter:card\" content=\"summary_large_image\" \/>\n<meta name=\"twitter:label1\" content=\"Gesch\u00e4tzte Lesezeit\" \/>\n\t<meta name=\"twitter:data1\" content=\"7\u00a0Minuten\" \/>\n<script type=\"application\/ld+json\" class=\"yoast-schema-graph\">{\"@context\":\"https:\/\/schema.org\",\"@graph\":[{\"@type\":\"Organization\",\"@id\":\"https:\/\/hytt.eu\/#organization\",\"name\":\"HYTT Hygienic Transport Systems & Technologies\",\"url\":\"https:\/\/hytt.eu\/\",\"sameAs\":[\"https:\/\/www.linkedin.com\/company\/hytt-hygienic-transport-systems-technologies\",\"https:\/\/www.youtube.com\/channel\/UC3GeBVI3O47wUcLwTijHTbg\"],\"logo\":{\"@type\":\"ImageObject\",\"@id\":\"https:\/\/hytt.eu\/#logo\",\"inLanguage\":\"de\",\"url\":\"https:\/\/hytt.eu\/wp-content\/uploads\/2019\/02\/Logo_HYTT-1024x993.jpg\",\"contentUrl\":\"https:\/\/hytt.eu\/wp-content\/uploads\/2019\/02\/Logo_HYTT-1024x993.jpg\",\"width\":1024,\"height\":993,\"caption\":\"HYTT Hygienic Transport Systems & Technologies\"},\"image\":{\"@id\":\"https:\/\/hytt.eu\/#logo\"}},{\"@type\":\"WebSite\",\"@id\":\"https:\/\/hytt.eu\/#website\",\"url\":\"https:\/\/hytt.eu\/\",\"name\":\"HYTT\",\"description\":\"Hygienic Transport systems &amp; Techologies\",\"publisher\":{\"@id\":\"https:\/\/hytt.eu\/#organization\"},\"potentialAction\":[{\"@type\":\"SearchAction\",\"target\":{\"@type\":\"EntryPoint\",\"urlTemplate\":\"https:\/\/hytt.eu\/?s={search_term_string}\"},\"query-input\":\"required name=search_term_string\"}],\"inLanguage\":\"de\"},{\"@type\":\"WebPage\",\"@id\":\"https:\/\/hytt.eu\/de\/uber-hytt\/#webpage\",\"url\":\"https:\/\/hytt.eu\/de\/uber-hytt\/\",\"name\":\"HYTT Hygienisches Vakuum Transportsysteme & Technologien\",\"isPartOf\":{\"@id\":\"https:\/\/hytt.eu\/#website\"},\"datePublished\":\"2019-10-11T07:16:33+00:00\",\"dateModified\":\"2022-12-24T14:49:53+00:00\",\"description\":\"HYTT unterst\u00fctzt die lebensmittelverarbeitende Industrie beim innerbetrieblichen Transport von Abf\u00e4llen und Reststr\u00f6men, damit sie hygienisch, sicher und effizient produzieren kann, um die Lebensmittelsicherheit zu gew\u00e4hrleisten.\",\"breadcrumb\":{\"@id\":\"https:\/\/hytt.eu\/de\/uber-hytt\/#breadcrumb\"},\"inLanguage\":\"de\",\"potentialAction\":[{\"@type\":\"ReadAction\",\"target\":[\"https:\/\/hytt.eu\/de\/uber-hytt\/\"]}]},{\"@type\":\"BreadcrumbList\",\"@id\":\"https:\/\/hytt.eu\/de\/uber-hytt\/#breadcrumb\",\"itemListElement\":[{\"@type\":\"ListItem\",\"position\":1,\"name\":\"Home\",\"item\":\"https:\/\/hytt.eu\/de\/\"},{\"@type\":\"ListItem\",\"position\":2,\"name\":\"\u00dcber HYTT\"}]}]}<\/script>\n<!-- \/ Yoast SEO plugin. -->","yoast_head_json":{"title":"HYTT Hygienisches Vakuum Transportsysteme & Technologien","description":"HYTT unterst\u00fctzt die lebensmittelverarbeitende Industrie beim innerbetrieblichen Transport von Abf\u00e4llen und Reststr\u00f6men, damit sie hygienisch, sicher und effizient produzieren kann, um die Lebensmittelsicherheit zu gew\u00e4hrleisten.","robots":{"index":"index","follow":"follow","max-snippet":"max-snippet:-1","max-image-preview":"max-image-preview:large","max-video-preview":"max-video-preview:-1"},"canonical":"https:\/\/hytt.eu\/de\/uber-hytt\/","og_locale":"de_DE","og_type":"article","og_title":"HYTT Hygienisches Vakuum Transportsysteme & Technologien","og_description":"HYTT unterst\u00fctzt die lebensmittelverarbeitende Industrie beim innerbetrieblichen Transport von Abf\u00e4llen und Reststr\u00f6men, damit sie hygienisch, sicher und effizient produzieren kann, um die Lebensmittelsicherheit zu gew\u00e4hrleisten.","og_url":"https:\/\/hytt.eu\/de\/uber-hytt\/","og_site_name":"HYTT","article_modified_time":"2022-12-24T14:49:53+00:00","twitter_card":"summary_large_image","twitter_misc":{"Gesch\u00e4tzte Lesezeit":"7\u00a0Minuten"},"schema":{"@context":"https:\/\/schema.org","@graph":[{"@type":"Organization","@id":"https:\/\/hytt.eu\/#organization","name":"HYTT Hygienic Transport Systems & Technologies","url":"https:\/\/hytt.eu\/","sameAs":["https:\/\/www.linkedin.com\/company\/hytt-hygienic-transport-systems-technologies","https:\/\/www.youtube.com\/channel\/UC3GeBVI3O47wUcLwTijHTbg"],"logo":{"@type":"ImageObject","@id":"https:\/\/hytt.eu\/#logo","inLanguage":"de","url":"https:\/\/hytt.eu\/wp-content\/uploads\/2019\/02\/Logo_HYTT-1024x993.jpg","contentUrl":"https:\/\/hytt.eu\/wp-content\/uploads\/2019\/02\/Logo_HYTT-1024x993.jpg","width":1024,"height":993,"caption":"HYTT Hygienic Transport Systems & Technologies"},"image":{"@id":"https:\/\/hytt.eu\/#logo"}},{"@type":"WebSite","@id":"https:\/\/hytt.eu\/#website","url":"https:\/\/hytt.eu\/","name":"HYTT","description":"Hygienic Transport systems &amp; Techologies","publisher":{"@id":"https:\/\/hytt.eu\/#organization"},"potentialAction":[{"@type":"SearchAction","target":{"@type":"EntryPoint","urlTemplate":"https:\/\/hytt.eu\/?s={search_term_string}"},"query-input":"required name=search_term_string"}],"inLanguage":"de"},{"@type":"WebPage","@id":"https:\/\/hytt.eu\/de\/uber-hytt\/#webpage","url":"https:\/\/hytt.eu\/de\/uber-hytt\/","name":"HYTT Hygienisches Vakuum Transportsysteme & Technologien","isPartOf":{"@id":"https:\/\/hytt.eu\/#website"},"datePublished":"2019-10-11T07:16:33+00:00","dateModified":"2022-12-24T14:49:53+00:00","description":"HYTT unterst\u00fctzt die lebensmittelverarbeitende Industrie beim innerbetrieblichen Transport von Abf\u00e4llen und Reststr\u00f6men, damit sie hygienisch, sicher und effizient produzieren kann, um die Lebensmittelsicherheit zu gew\u00e4hrleisten.","breadcrumb":{"@id":"https:\/\/hytt.eu\/de\/uber-hytt\/#breadcrumb"},"inLanguage":"de","potentialAction":[{"@type":"ReadAction","target":["https:\/\/hytt.eu\/de\/uber-hytt\/"]}]},{"@type":"BreadcrumbList","@id":"https:\/\/hytt.eu\/de\/uber-hytt\/#breadcrumb","itemListElement":[{"@type":"ListItem","position":1,"name":"Home","item":"https:\/\/hytt.eu\/de\/"},{"@type":"ListItem","position":2,"name":"\u00dcber HYTT"}]}]}},"_links":{"self":[{"href":"https:\/\/hytt.eu\/de\/wp-json\/wp\/v2\/pages\/4218","targetHints":{"allow":["GET"]}}],"collection":[{"href":"https:\/\/hytt.eu\/de\/wp-json\/wp\/v2\/pages"}],"about":[{"href":"https:\/\/hytt.eu\/de\/wp-json\/wp\/v2\/types\/page"}],"author":[{"embeddable":true,"href":"https:\/\/hytt.eu\/de\/wp-json\/wp\/v2\/users\/3"}],"replies":[{"embeddable":true,"href":"https:\/\/hytt.eu\/de\/wp-json\/wp\/v2\/comments?post=4218"}],"version-history":[{"count":0,"href":"https:\/\/hytt.eu\/de\/wp-json\/wp\/v2\/pages\/4218\/revisions"}],"wp:attachment":[{"href":"https:\/\/hytt.eu\/de\/wp-json\/wp\/v2\/media?parent=4218"}],"curies":[{"name":"wp","href":"https:\/\/api.w.org\/{rel}","templated":true}]}}